{"id":1199,"date":"2024-12-28T13:17:00","date_gmt":"2024-12-28T13:17:00","guid":{"rendered":"http:\/\/sokolsw.webd.pl\/rosafilo_test\/?page_id=1199"},"modified":"2025-04-11T07:36:33","modified_gmt":"2025-04-11T07:36:33","slug":"pielegnacja-twarzy","status":"publish","type":"page","link":"https:\/\/rosafilo.com\/?page_id=1199","title":{"rendered":"Piel\u0119gnacja Twarzy"},"content":{"rendered":"\t\t<div data-elementor-type=\"wp-page\" data-elementor-id=\"1199\" class=\"elementor elementor-1199\">\n\t\t\t\t\t\t<header class=\"elementor-section elementor-top-section elementor-element elementor-element-1fabac6 elementor-section-height-min-height elementor-section-items-bottom elementor-section-boxed elementor-section-height-default\" data-id=\"1fabac6\" data-element_type=\"section\" data-settings=\"{&quot;background_background&quot;:&quot;classic&quot;}\">\n\t\t\t\t\t\t\t<div class=\"elementor-background-overlay\"><\/div>\n\t\t\t\t\t\t\t<div class=\"elementor-container elementor-column-gap-default\">\n\t\t\t\t\t<div class=\"elementor-column elementor-col-100 elementor-top-column elementor-element elementor-element-2716227\" data-id=\"2716227\" data-element_type=\"column\">\n\t\t\t<div class=\"elementor-widget-wrap\">\n\t\t\t\t\t\t\t<\/div>\n\t\t<\/div>\n\t\t\t\t\t<\/div>\n\t\t<\/header>\n\t\t<div class=\"elementor-element elementor-element-96f410c e-flex e-con-boxed e-con e-parent\" data-id=\"96f410c\" data-element_type=\"container\">\n\t\t\t\t\t<div class=\"e-con-inner\">\n\t\t\t\t<div class=\"elementor-element elementor-element-bbd4007 elementor-widget elementor-widget-heading\" data-id=\"bbd4007\" data-element_type=\"widget\" data-widget_type=\"heading.default\">\n\t\t\t\t<div class=\"elementor-widget-container\">\n\t\t\t\t\t<h2 class=\"elementor-heading-title elementor-size-default\">ELIKSIR PI\u0118KNA. INTENSYWNA KURACJA PRZECIWSTARZENIOWA<\/h2>\t\t\t\t<\/div>\n\t\t\t\t<\/div>\n\t\t\t\t\t<\/div>\n\t\t\t\t<\/div>\n\t\t<div class=\"elementor-element elementor-element-970f36d e-flex e-con-boxed e-con e-parent\" data-id=\"970f36d\" data-element_type=\"container\">\n\t\t\t\t\t<div class=\"e-con-inner\">\n\t\t\t\t<div class=\"elementor-element elementor-element-8548237 elementor-widget elementor-widget-image\" data-id=\"8548237\" data-element_type=\"widget\" data-widget_type=\"image.default\">\n\t\t\t\t<div class=\"elementor-widget-container\">\n\t\t\t\t\t\t\t\t\t\t\t\t\t\t\t<img fetchpriority=\"high\" decoding=\"async\" width=\"1024\" height=\"646\" src=\"https:\/\/rosafilo.com\/wp-content\/uploads\/2024\/12\/prof_twarz_ikonki-1024x646.jpg\" class=\"attachment-large size-large wp-image-897\" alt=\"\" srcset=\"https:\/\/rosafilo.com\/wp-content\/uploads\/2024\/12\/prof_twarz_ikonki-1024x646.jpg 1024w, https:\/\/rosafilo.com\/wp-content\/uploads\/2024\/12\/prof_twarz_ikonki-300x189.jpg 300w, https:\/\/rosafilo.com\/wp-content\/uploads\/2024\/12\/prof_twarz_ikonki-768x484.jpg 768w, https:\/\/rosafilo.com\/wp-content\/uploads\/2024\/12\/prof_twarz_ikonki.jpg 1300w\" sizes=\"(max-width: 1024px) 100vw, 1024px\" \/>\t\t\t\t\t\t\t\t\t\t\t\t\t\t\t<\/div>\n\t\t\t\t<\/div>\n\t\t\t\t<div class=\"elementor-element elementor-element-137a4c0 elementor-widget__width-initial elementor-widget elementor-widget-text-editor\" data-id=\"137a4c0\" data-element_type=\"widget\" data-widget_type=\"text-editor.default\">\n\t\t\t\t<div class=\"elementor-widget-container\">\n\t\t\t\t\t\t\t\t\t<p class=\"p1\">Eliksir Pi\u0119kna to zaawansowana formu\u0142a dedykowana do piel\u0119gnacji sk\u00f3ry dojrza\u0142ej, kt\u00f3rej skuteczno\u015b\u0107 opiera si\u0119 na precyzyjnie dobranym zestawie sk\u0142adnik\u00f3w aktywnych. Jego oleista, intensywnie nawil\u017caj\u0105ca konsystencja szybko wch\u0142ania si\u0119 w sk\u00f3r\u0119, pozostawiaj\u0105c j\u0105 napi\u0119t\u0105, g\u0142adk\u0105 i woln\u0105 od uczucia sucho\u015bci.<\/p><p class=\"p1\">W sk\u0142adzie eliksiru znajduj\u0105 si\u0119 m. in.:<\/p><ul class=\"ul1\"><li class=\"li1\"><strong>Akmella<\/strong> \u2013 znana jako \u201ero\u015blinny botoks\u201d, kt\u00f3ry minimalizuje widoczno\u015b\u0107 zmarszczek.<span class=\"Apple-converted-space\">\u00a0<\/span><\/li><li class=\"li1\"><strong>Bakuchiol<\/strong> \u2013 naturalny retinoid, kt\u00f3ry wspomaga regeneracj\u0119 kom\u00f3rek i poprawia elastyczno\u015b\u0107 sk\u00f3ry.<span class=\"Apple-converted-space\">\u00a0<\/span><\/li><li class=\"li1\"><strong>Koenzym Q10<\/strong> \u2013 silny antyoksydant, kt\u00f3ry neutralizuje dzia\u0142anie wolnych rodnik\u00f3w i wspiera procesy odm\u0142adzaj\u0105ce.<span class=\"Apple-converted-space\">\u00a0<\/span><\/li><li class=\"li1\"><strong>Olej z nasion dzikiej r\u00f3\u017cy<\/strong> \u2013 bogaty w witaminy i kwasy t\u0142uszczowe, doskonale nawil\u017ca i od\u017cywia sk\u00f3r\u0119.<span class=\"Apple-converted-space\">\u00a0<\/span><\/li><li class=\"li1\"><strong>Olej z nasion granatu<\/strong> \u2013 wspomaga regeneracj\u0119 oraz dzia\u0142a przeciwzapalnie.<span class=\"Apple-converted-space\">\u00a0<\/span><\/li><li class=\"li1\"><strong>Olej z krokosza barwierskiego<\/strong> \u2013 pomaga w uj\u0119drnieniu i wyg\u0142adzeniu sk\u00f3ry.<span class=\"Apple-converted-space\">\u00a0<\/span><\/li><\/ul><p class=\"p1\">Dzi\u0119ki synergicznemu dzia\u0142aniu tych sk\u0142adnik\u00f3w, Eliksir Pi\u0119kna intensywnie poprawia kondycj\u0119 sk\u00f3ry, przywracaj\u0105c jej m\u0142odzie\u0144czy blask oraz j\u0119drno\u015b\u0107. Produkt jest idealnym rozwi\u0105zaniem dla os\u00f3b poszukuj\u0105cych skutecznej kuracji przeciwstarzeniowej, kt\u00f3ra wspiera naturalne procesy regeneracyjne sk\u00f3ry.<\/p>\t\t\t\t\t\t\t\t<\/div>\n\t\t\t\t<\/div>\n\t\t\t\t\t<\/div>\n\t\t\t\t<\/div>\n\t\t\t\t<section class=\"elementor-section elementor-top-section elementor-element elementor-element-c92c302 elementor-section-boxed elementor-section-height-default elementor-section-height-default\" data-id=\"c92c302\" data-element_type=\"section\" data-settings=\"{&quot;background_background&quot;:&quot;classic&quot;}\">\n\t\t\t\t\t\t<div class=\"elementor-container elementor-column-gap-default\">\n\t\t\t\t\t<div class=\"elementor-column elementor-col-100 elementor-top-column elementor-element elementor-element-99c42ed\" data-id=\"99c42ed\" data-element_type=\"column\">\n\t\t\t<div class=\"elementor-widget-wrap elementor-element-populated\">\n\t\t\t\t<div class=\"elementor-element elementor-element-4a0b9e3 e-grid e-con-full e-con e-child\" data-id=\"4a0b9e3\" data-element_type=\"container\">\n\t\t<div class=\"elementor-element elementor-element-40849c0 e-con-full e-flex elementor-invisible e-con e-child\" data-id=\"40849c0\" data-element_type=\"container\" data-settings=\"{&quot;background_background&quot;:&quot;classic&quot;,&quot;animation&quot;:&quot;fadeInUp&quot;}\">\n\t\t\t\t<div class=\"elementor-element elementor-element-2dcba12 elementor-widget elementor-widget-heading\" data-id=\"2dcba12\" data-element_type=\"widget\" data-widget_type=\"heading.default\">\n\t\t\t\t<div class=\"elementor-widget-container\">\n\t\t\t\t\t<h2 class=\"elementor-heading-title elementor-size-default\">Beauty Elixir: Intensywne Wzmocnienie Anti-Aging<\/h2>\t\t\t\t<\/div>\n\t\t\t\t<\/div>\n\t\t\t\t<div class=\"elementor-element elementor-element-45a8e65 elementor-widget elementor-widget-image\" data-id=\"45a8e65\" data-element_type=\"widget\" data-widget_type=\"image.default\">\n\t\t\t\t<div class=\"elementor-widget-container\">\n\t\t\t\t\t\t\t\t\t\t\t\t\t\t\t<img decoding=\"async\" width=\"1024\" height=\"181\" src=\"https:\/\/rosafilo.com\/wp-content\/uploads\/2025\/01\/rose-icon-2-1-1024x181.png\" class=\"attachment-large size-large wp-image-2272\" alt=\"\" srcset=\"https:\/\/rosafilo.com\/wp-content\/uploads\/2025\/01\/rose-icon-2-1-1024x181.png 1024w, https:\/\/rosafilo.com\/wp-content\/uploads\/2025\/01\/rose-icon-2-1-300x53.png 300w, https:\/\/rosafilo.com\/wp-content\/uploads\/2025\/01\/rose-icon-2-1-768x136.png 768w, https:\/\/rosafilo.com\/wp-content\/uploads\/2025\/01\/rose-icon-2-1-1536x272.png 1536w, https:\/\/rosafilo.com\/wp-content\/uploads\/2025\/01\/rose-icon-2-1.png 1949w\" sizes=\"(max-width: 1024px) 100vw, 1024px\" \/>\t\t\t\t\t\t\t\t\t\t\t\t\t\t\t<\/div>\n\t\t\t\t<\/div>\n\t\t\t\t<div class=\"elementor-element elementor-element-5e33786 elementor-widget elementor-widget-spacer\" data-id=\"5e33786\" data-element_type=\"widget\" data-widget_type=\"spacer.default\">\n\t\t\t\t<div class=\"elementor-widget-container\">\n\t\t\t\t\t\t\t<div class=\"elementor-spacer\">\n\t\t\t<div class=\"elementor-spacer-inner\"><\/div>\n\t\t<\/div>\n\t\t\t\t\t\t<\/div>\n\t\t\t\t<\/div>\n\t\t\t\t<div class=\"elementor-element elementor-element-ff86e3c elementor-align-center elementor-widget elementor-widget-button\" data-id=\"ff86e3c\" data-element_type=\"widget\" data-widget_type=\"button.default\">\n\t\t\t\t<div class=\"elementor-widget-container\">\n\t\t\t\t\t\t\t\t\t<div class=\"elementor-button-wrapper\">\n\t\t\t\t\t<a class=\"elementor-button elementor-button-link elementor-size-sm elementor-animation-grow\" href=\"https:\/\/rosafilo.com\/?page_id=1814\">\n\t\t\t\t\t\t<span class=\"elementor-button-content-wrapper\">\n\t\t\t\t\t\t<span class=\"elementor-button-icon\">\n\t\t\t\t<svg aria-hidden=\"true\" class=\"e-font-icon-svg e-far-arrow-alt-circle-right\" viewBox=\"0 0 512 512\" xmlns=\"http:\/\/www.w3.org\/2000\/svg\"><path d=\"M504 256C504 119 393 8 256 8S8 119 8 256s111 248 248 248 248-111 248-248zm-448 0c0-110.5 89.5-200 200-200s200 89.5 200 200-89.5 200-200 200S56 366.5 56 256zm72 20v-40c0-6.6 5.4-12 12-12h116v-67c0-10.7 12.9-16 20.5-8.5l99 99c4.7 4.7 4.7 12.3 0 17l-99 99c-7.6 7.6-20.5 2.2-20.5-8.5v-67H140c-6.6 0-12-5.4-12-12z\"><\/path><\/svg>\t\t\t<\/span>\n\t\t\t\t\t\t\t\t\t<span class=\"elementor-button-text\">WI\u0118CEJ SZCZEG\u00d3\u0141\u00d3W<\/span>\n\t\t\t\t\t<\/span>\n\t\t\t\t\t<\/a>\n\t\t\t\t<\/div>\n\t\t\t\t\t\t\t\t<\/div>\n\t\t\t\t<\/div>\n\t\t\t\t<\/div>\n\t\t\t\t<\/div>\n\t\t\t\t\t<\/div>\n\t\t<\/div>\n\t\t\t\t\t<\/div>\n\t\t<\/section>\n\t\t<div class=\"elementor-element elementor-element-1adf964 e-flex e-con-boxed e-con e-parent\" data-id=\"1adf964\" data-element_type=\"container\">\n\t\t\t\t\t<div class=\"e-con-inner\">\n\t\t<div class=\"elementor-element elementor-element-684c68b e-con-full e-flex e-con e-child\" data-id=\"684c68b\" data-element_type=\"container\">\n\t\t\t\t<div class=\"elementor-element elementor-element-bab7899 elementor-widget elementor-widget-heading\" data-id=\"bab7899\" data-element_type=\"widget\" data-widget_type=\"heading.default\">\n\t\t\t\t<div class=\"elementor-widget-container\">\n\t\t\t\t\t<h2 class=\"elementor-heading-title elementor-size-default\">ZASADY WSP\u00d3\u0141PRACY<\/h2>\t\t\t\t<\/div>\n\t\t\t\t<\/div>\n\t\t\t\t<div class=\"elementor-element elementor-element-2c1e683 elementor-widget elementor-widget-text-editor\" data-id=\"2c1e683\" data-element_type=\"widget\" data-widget_type=\"text-editor.default\">\n\t\t\t\t<div class=\"elementor-widget-container\">\n\t\t\t\t\t\t\t\t\t<p class=\"p1\">Cenimy dobre relacje z naszymi obecnymi i potencjalnymi partnerami. Pa\u0144stwa zdanie, opinie, maj\u0105 kluczowy wp\u0142yw na kierunek rozwoju naszej marki. Chcemy by\u0107 lepsi i chcemy by nasze kosmetyki stanowi\u0142y dla Pa\u0144stwa warto\u015b\u0107 w Waszej dzia\u0142alno\u015bci i biznesie. Nawi\u0105zuj\u0105c z nami wsp\u00f3\u0142prac\u0119, otrzymuj\u0105 Pa\u0144stwo pe\u0142ne wsparcie merytoryczne i marketingowe jak r\u00f3wnie\u017c szkolenia dotycz\u0105ce marki. Zapraszamy do wsp\u00f3\u0142pracy wszystkich, kt\u00f3rzy ceni\u0105 doskona\u0142e, naturalne kosmetyki.<\/p>\t\t\t\t\t\t\t\t<\/div>\n\t\t\t\t<\/div>\n\t\t\t\t<\/div>\n\t\t\t\t\t<\/div>\n\t\t\t\t<\/div>\n\t\t<div class=\"elementor-element elementor-element-a8139ee animated-slow e-flex e-con-boxed elementor-invisible e-con e-parent\" data-id=\"a8139ee\" data-element_type=\"container\" data-settings=\"{&quot;background_background&quot;:&quot;classic&quot;,&quot;animation&quot;:&quot;fadeIn&quot;}\">\n\t\t\t\t\t<div class=\"e-con-inner\">\n\t\t\t\t<div class=\"elementor-element elementor-element-5b0f185 elementor-invisible elementor-widget elementor-widget-heading\" data-id=\"5b0f185\" data-element_type=\"widget\" data-settings=\"{&quot;_animation&quot;:&quot;fadeInDown&quot;}\" data-widget_type=\"heading.default\">\n\t\t\t\t<div class=\"elementor-widget-container\">\n\t\t\t\t\t<h2 class=\"elementor-heading-title elementor-size-default\">POPRO\u015a O OFERT\u0118 CENOW\u0104. \nZAM\u00d3W BEZP\u0141ATNE PR\u00d3BKI.<\/h2>\t\t\t\t<\/div>\n\t\t\t\t<\/div>\n\t\t\t\t<div class=\"elementor-element elementor-element-3379f38 elementor-mobile-align-center elementor-align-center elementor-invisible elementor-widget elementor-widget-button\" data-id=\"3379f38\" data-element_type=\"widget\" data-settings=\"{&quot;_animation&quot;:&quot;fadeInLeft&quot;,&quot;_animation_delay&quot;:300}\" data-widget_type=\"button.default\">\n\t\t\t\t<div class=\"elementor-widget-container\">\n\t\t\t\t\t\t\t\t\t<div class=\"elementor-button-wrapper\">\n\t\t\t\t\t<a class=\"elementor-button elementor-button-link elementor-size-sm\" href=\"?page_id=60#formularz\">\n\t\t\t\t\t\t<span class=\"elementor-button-content-wrapper\">\n\t\t\t\t\t\t\t\t\t<span class=\"elementor-button-text\">FORMULARZ ZAM\u00d3WIENIA<\/span>\n\t\t\t\t\t<\/span>\n\t\t\t\t\t<\/a>\n\t\t\t\t<\/div>\n\t\t\t\t\t\t\t\t<\/div>\n\t\t\t\t<\/div>\n\t\t\t\t<div class=\"elementor-element elementor-element-5cc0c26 elementor-widget elementor-widget-spacer\" data-id=\"5cc0c26\" data-element_type=\"widget\" data-widget_type=\"spacer.default\">\n\t\t\t\t<div class=\"elementor-widget-container\">\n\t\t\t\t\t\t\t<div class=\"elementor-spacer\">\n\t\t\t<div class=\"elementor-spacer-inner\"><\/div>\n\t\t<\/div>\n\t\t\t\t\t\t<\/div>\n\t\t\t\t<\/div>\n\t\t\t\t\t<\/div>\n\t\t\t\t<\/div>\n\t\t<div class=\"elementor-element elementor-element-69bbcd4 e-flex e-con-boxed e-con e-parent\" data-id=\"69bbcd4\" data-element_type=\"container\" data-settings=\"{&quot;background_background&quot;:&quot;classic&quot;}\">\n\t\t\t\t\t<div class=\"e-con-inner\">\n\t\t<div class=\"elementor-element elementor-element-759d258 e-grid e-con-full e-con e-child\" data-id=\"759d258\" data-element_type=\"container\">\n\t\t\t\t<div class=\"elementor-element elementor-element-f8988fc elementor-align-center elementor-widget__width-initial elementor-widget elementor-widget-button\" data-id=\"f8988fc\" data-element_type=\"widget\" data-widget_type=\"button.default\">\n\t\t\t\t<div class=\"elementor-widget-container\">\n\t\t\t\t\t\t\t\t\t<div class=\"elementor-button-wrapper\">\n\t\t\t\t\t<a class=\"elementor-button elementor-button-link elementor-size-sm elementor-animation-grow\" href=\"https:\/\/rosafilo.com\/?page_id=1199\">\n\t\t\t\t\t\t<span class=\"elementor-button-content-wrapper\">\n\t\t\t\t\t\t\t\t\t<span class=\"elementor-button-text\">Piel\u0119gnacja Twarzy<\/span>\n\t\t\t\t\t<\/span>\n\t\t\t\t\t<\/a>\n\t\t\t\t<\/div>\n\t\t\t\t\t\t\t\t<\/div>\n\t\t\t\t<\/div>\n\t\t\t\t<div class=\"elementor-element elementor-element-922db83 elementor-align-center elementor-widget elementor-widget-button\" data-id=\"922db83\" data-element_type=\"widget\" data-widget_type=\"button.default\">\n\t\t\t\t<div class=\"elementor-widget-container\">\n\t\t\t\t\t\t\t\t\t<div class=\"elementor-button-wrapper\">\n\t\t\t\t\t<a class=\"elementor-button elementor-button-link elementor-size-sm elementor-animation-grow\" href=\"https:\/\/rosafilo.com\/?page_id=1201\">\n\t\t\t\t\t\t<span class=\"elementor-button-content-wrapper\">\n\t\t\t\t\t\t\t\t\t<span class=\"elementor-button-text\">Pilingi do Cia\u0142a<\/span>\n\t\t\t\t\t<\/span>\n\t\t\t\t\t<\/a>\n\t\t\t\t<\/div>\n\t\t\t\t\t\t\t\t<\/div>\n\t\t\t\t<\/div>\n\t\t\t\t<div class=\"elementor-element elementor-element-691d6a0 elementor-align-center elementor-widget elementor-widget-button\" data-id=\"691d6a0\" data-element_type=\"widget\" data-widget_type=\"button.default\">\n\t\t\t\t<div class=\"elementor-widget-container\">\n\t\t\t\t\t\t\t\t\t<div class=\"elementor-button-wrapper\">\n\t\t\t\t\t<a class=\"elementor-button elementor-button-link elementor-size-sm elementor-animation-grow\" href=\"https:\/\/rosafilo.com\/?page_id=1203\">\n\t\t\t\t\t\t<span class=\"elementor-button-content-wrapper\">\n\t\t\t\t\t\t\t\t\t<span class=\"elementor-button-text\">Mas\u0142a do Cia\u0142a<\/span>\n\t\t\t\t\t<\/span>\n\t\t\t\t\t<\/a>\n\t\t\t\t<\/div>\n\t\t\t\t\t\t\t\t<\/div>\n\t\t\t\t<\/div>\n\t\t\t\t<div class=\"elementor-element elementor-element-c41a107 elementor-align-center elementor-widget elementor-widget-button\" data-id=\"c41a107\" data-element_type=\"widget\" data-widget_type=\"button.default\">\n\t\t\t\t<div class=\"elementor-widget-container\">\n\t\t\t\t\t\t\t\t\t<div class=\"elementor-button-wrapper\">\n\t\t\t\t\t<a class=\"elementor-button elementor-button-link elementor-size-sm elementor-animation-grow\" href=\"https:\/\/rosafilo.com\/?page_id=1205\">\n\t\t\t\t\t\t<span class=\"elementor-button-content-wrapper\">\n\t\t\t\t\t\t\t\t\t<span class=\"elementor-button-text\">Sole do K\u0105pieli<\/span>\n\t\t\t\t\t<\/span>\n\t\t\t\t\t<\/a>\n\t\t\t\t<\/div>\n\t\t\t\t\t\t\t\t<\/div>\n\t\t\t\t<\/div>\n\t\t\t\t<\/div>\n\t\t\t\t\t<\/div>\n\t\t\t\t<\/div>\n\t\t<div class=\"elementor-element elementor-element-b38ef8d e-flex e-con-boxed e-con e-parent\" data-id=\"b38ef8d\" data-element_type=\"container\" data-settings=\"{&quot;background_background&quot;:&quot;classic&quot;}\">\n\t\t\t\t\t<div class=\"e-con-inner\">\n\t\t<div class=\"elementor-element elementor-element-6326479 e-con-full e-flex e-con e-child\" data-id=\"6326479\" data-element_type=\"container\">\n\t\t\t\t<div class=\"elementor-element elementor-element-7456734 elementor-widget__width-initial elementor-widget elementor-widget-text-editor\" data-id=\"7456734\" data-element_type=\"widget\" data-widget_type=\"text-editor.default\">\n\t\t\t\t<div class=\"elementor-widget-container\">\n\t\t\t\t\t\t\t\t\t<p><span style=\"color: #ffffff;\"><a style=\"color: #ffffff;\" href=\"https:\/\/rosafilo.com\/\">STRONA G\u0141\u00d3WNA<\/a> \u2022 <a style=\"color: #ffffff;\" href=\"https:\/\/rosafilo.com\/?page_id=214\">O NAS<\/a> \u2022 <a style=\"color: #ffffff;\" href=\"https:\/\/rosafilo.com\/?page_id=64\">STREFA PROFESJONALNA<\/a> \u2022 <a style=\"color: #ffffff;\" href=\"https:\/\/rosafilo.com\/?page_id=66\">RYTUA\u0141Y<\/a> \u2022 <a style=\"color: #ffffff;\" href=\"https:\/\/rosafilo.com\/?page_id=96\">LINIE<\/a> \u2022 <a style=\"color: #ffffff;\" href=\"https:\/\/rosafilo.com\/?page_id=94\">M\u0118SKA STREFA<\/a> \u2022 <a style=\"color: #ffffff;\" href=\"https:\/\/rosafilo.com\/?page_id=68\">HOME SPA<\/a> \u00a0\u2022 <a style=\"color: #ffffff;\" href=\"https:\/\/rosafilo.com\/?page_id=60\">KONTAKT<\/a><\/span><\/p>\t\t\t\t\t\t\t\t<\/div>\n\t\t\t\t<\/div>\n\t\t\t\t<div class=\"elementor-element elementor-element-eb996bf elementor-widget elementor-widget-image\" data-id=\"eb996bf\" data-element_type=\"widget\" data-widget_type=\"image.default\">\n\t\t\t\t<div class=\"elementor-widget-container\">\n\t\t\t\t\t\t\t\t\t\t\t\t\t\t\t<img decoding=\"async\" width=\"500\" height=\"220\" src=\"https:\/\/rosafilo.com\/wp-content\/uploads\/2025\/01\/logo-white.png\" class=\"attachment-large size-large wp-image-2189\" alt=\"\" srcset=\"https:\/\/rosafilo.com\/wp-content\/uploads\/2025\/01\/logo-white.png 500w, https:\/\/rosafilo.com\/wp-content\/uploads\/2025\/01\/logo-white-300x132.png 300w\" sizes=\"(max-width: 500px) 100vw, 500px\" \/>\t\t\t\t\t\t\t\t\t\t\t\t\t\t\t<\/div>\n\t\t\t\t<\/div>\n\t\t\t\t<\/div>\n\t\t<div class=\"elementor-element elementor-element-5d13918 e-con-full e-flex e-con e-child\" data-id=\"5d13918\" data-element_type=\"container\">\n\t\t<div class=\"elementor-element elementor-element-c04b0ae e-grid e-con-full e-con e-child\" data-id=\"c04b0ae\" data-element_type=\"container\">\n\t\t\t\t<div class=\"elementor-element elementor-element-d46e249 elementor-widget elementor-widget-image\" data-id=\"d46e249\" data-element_type=\"widget\" data-widget_type=\"image.default\">\n\t\t\t\t<div class=\"elementor-widget-container\">\n\t\t\t\t\t\t\t\t\t\t\t\t\t\t\t\t<a href=\"https:\/\/www.facebook.com\/rosafilopieknonatura\/?locale=pl_PL\">\n\t\t\t\t\t\t\t<img loading=\"lazy\" decoding=\"async\" width=\"100\" height=\"100\" src=\"https:\/\/rosafilo.com\/wp-content\/uploads\/2025\/01\/fb-icon.png\" class=\"elementor-animation-pulse attachment-large size-large wp-image-2212\" alt=\"\" \/>\t\t\t\t\t\t\t\t<\/a>\n\t\t\t\t\t\t\t\t\t\t\t\t\t\t\t<\/div>\n\t\t\t\t<\/div>\n\t\t\t\t<div class=\"elementor-element elementor-element-2f3bec7 elementor-widget elementor-widget-image\" data-id=\"2f3bec7\" data-element_type=\"widget\" data-widget_type=\"image.default\">\n\t\t\t\t<div class=\"elementor-widget-container\">\n\t\t\t\t\t\t\t\t\t\t\t\t\t\t\t\t<a href=\"https:\/\/www.instagram.com\/rosafilo_natura_piekno\/\">\n\t\t\t\t\t\t\t<img loading=\"lazy\" decoding=\"async\" width=\"100\" height=\"100\" src=\"https:\/\/rosafilo.com\/wp-content\/uploads\/2025\/01\/insta-icon.png\" class=\"elementor-animation-pulse attachment-large size-large wp-image-2213\" alt=\"\" \/>\t\t\t\t\t\t\t\t<\/a>\n\t\t\t\t\t\t\t\t\t\t\t\t\t\t\t<\/div>\n\t\t\t\t<\/div>\n\t\t\t\t<\/div>\n\t\t\t\t<div class=\"elementor-element elementor-element-922be0d elementor-widget elementor-widget-text-editor\" data-id=\"922be0d\" data-element_type=\"widget\" data-widget_type=\"text-editor.default\">\n\t\t\t\t<div class=\"elementor-widget-container\">\n\t\t\t\t\t\t\t\t\t<p class=\"p1\">Archivento 1 Sp. z o.o. \u2022 ul. Orzechowa 17 \u2022 75-637 Koszalin \u2022 tel. +48 517 092 319 \u2022 mail: info@rosafilo.com<\/p>\t\t\t\t\t\t\t\t<\/div>\n\t\t\t\t<\/div>\n\t\t\t\t<\/div>\n\t\t\t\t\t<\/div>\n\t\t\t\t<\/div>\n\t\t\t\t<\/div>\n\t\t","protected":false},"excerpt":{"rendered":"<p>ELIKSIR PI\u0118KNA. INTENSYWNA KURACJA PRZECIWSTARZENIOWA Eliksir Pi\u0119kna to zaawansowana formu\u0142a dedykowana do piel\u0119gnacji sk\u00f3ry dojrza\u0142ej, kt\u00f3rej skuteczno\u015b\u0107 opiera si\u0119 na precyzyjnie dobranym zestawie sk\u0142adnik\u00f3w aktywnych. Jego oleista, intensywnie nawil\u017caj\u0105ca konsystencja szybko wch\u0142ania si\u0119 w sk\u00f3r\u0119, pozostawiaj\u0105c j\u0105 napi\u0119t\u0105, g\u0142adk\u0105 i woln\u0105 od uczucia sucho\u015bci. W sk\u0142adzie eliksiru znajduj\u0105 si\u0119 m. in.: Akmella \u2013 znana jako [&hellip;]<\/p>\n","protected":false},"author":1,"featured_media":0,"parent":68,"menu_order":0,"comment_status":"closed","ping_status":"closed","template":"elementor_header_footer","meta":{"ocean_post_layout":"full-screen","ocean_both_sidebars_style":"","ocean_both_sidebars_content_width":0,"ocean_both_sidebars_sidebars_width":0,"ocean_sidebar":"","ocean_second_sidebar":"","ocean_disable_margins":"enable","ocean_add_body_class":"","ocean_shortcode_before_top_bar":"","ocean_shortcode_after_top_bar":"","ocean_shortcode_before_header":"","ocean_shortcode_after_header":"","ocean_has_shortcode":"","ocean_shortcode_after_title":"","ocean_shortcode_before_footer_widgets":"","ocean_shortcode_after_footer_widgets":"","ocean_shortcode_before_footer_bottom":"","ocean_shortcode_after_footer_bottom":"","ocean_display_top_bar":"off","ocean_display_header":"default","ocean_header_style":"","ocean_center_header_left_menu":"","ocean_custom_header_template":"","ocean_custom_logo":0,"ocean_custom_retina_logo":0,"ocean_custom_logo_max_width":0,"ocean_custom_logo_tablet_max_width":0,"ocean_custom_logo_mobile_max_width":0,"ocean_custom_logo_max_height":0,"ocean_custom_logo_tablet_max_height":0,"ocean_custom_logo_mobile_max_height":0,"ocean_header_custom_menu":"","ocean_menu_typo_font_family":"","ocean_menu_typo_font_subset":"","ocean_menu_typo_font_size":0,"ocean_menu_typo_font_size_tablet":0,"ocean_menu_typo_font_size_mobile":0,"ocean_menu_typo_font_size_unit":"px","ocean_menu_typo_font_weight":"","ocean_menu_typo_font_weight_tablet":"","ocean_menu_typo_font_weight_mobile":"","ocean_menu_typo_transform":"","ocean_menu_typo_transform_tablet":"","ocean_menu_typo_transform_mobile":"","ocean_menu_typo_line_height":0,"ocean_menu_typo_line_height_tablet":0,"ocean_menu_typo_line_height_mobile":0,"ocean_menu_typo_line_height_unit":"","ocean_menu_typo_spacing":0,"ocean_menu_typo_spacing_tablet":0,"ocean_menu_typo_spacing_mobile":0,"ocean_menu_typo_spacing_unit":"","ocean_menu_link_color":"","ocean_menu_link_color_hover":"","ocean_menu_link_color_active":"","ocean_menu_link_background":"","ocean_menu_link_hover_background":"","ocean_menu_link_active_background":"","ocean_menu_social_links_bg":"","ocean_menu_social_hover_links_bg":"","ocean_menu_social_links_color":"","ocean_menu_social_hover_links_color":"","ocean_disable_title":"on","ocean_disable_heading":"default","ocean_post_title":"","ocean_post_subheading":"","ocean_post_title_style":"","ocean_post_title_background_color":"","ocean_post_title_background":0,"ocean_post_title_bg_image_position":"","ocean_post_title_bg_image_attachment":"","ocean_post_title_bg_image_repeat":"","ocean_post_title_bg_image_size":"","ocean_post_title_height":0,"ocean_post_title_bg_overlay":0.5,"ocean_post_title_bg_overlay_color":"","ocean_disable_breadcrumbs":"default","ocean_breadcrumbs_color":"","ocean_breadcrumbs_separator_color":"","ocean_breadcrumbs_links_color":"","ocean_breadcrumbs_links_hover_color":"","ocean_display_footer_widgets":"off","ocean_display_footer_bottom":"off","ocean_custom_footer_template":"","footnotes":""},"class_list":["post-1199","page","type-page","status-publish","hentry","entry"],"_links":{"self":[{"href":"https:\/\/rosafilo.com\/index.php?rest_route=\/wp\/v2\/pages\/1199","targetHints":{"allow":["GET"]}}],"collection":[{"href":"https:\/\/rosafilo.com\/index.php?rest_route=\/wp\/v2\/pages"}],"about":[{"href":"https:\/\/rosafilo.com\/index.php?rest_route=\/wp\/v2\/types\/page"}],"author":[{"embeddable":true,"href":"https:\/\/rosafilo.com\/index.php?rest_route=\/wp\/v2\/users\/1"}],"replies":[{"embeddable":true,"href":"https:\/\/rosafilo.com\/index.php?rest_route=%2Fwp%2Fv2%2Fcomments&post=1199"}],"version-history":[{"count":35,"href":"https:\/\/rosafilo.com\/index.php?rest_route=\/wp\/v2\/pages\/1199\/revisions"}],"predecessor-version":[{"id":4850,"href":"https:\/\/rosafilo.com\/index.php?rest_route=\/wp\/v2\/pages\/1199\/revisions\/4850"}],"up":[{"embeddable":true,"href":"https:\/\/rosafilo.com\/index.php?rest_route=\/wp\/v2\/pages\/68"}],"wp:attachment":[{"href":"https:\/\/rosafilo.com\/index.php?rest_route=%2Fwp%2Fv2%2Fmedia&parent=1199"}],"curies":[{"name":"wp","href":"https:\/\/api.w.org\/{rel}","templated":true}]}}