{"id":1374,"date":"2024-12-30T09:58:11","date_gmt":"2024-12-30T09:58:11","guid":{"rendered":"http:\/\/sokolsw.webd.pl\/rosafilo_test\/?page_id=1374"},"modified":"2026-02-10T11:06:52","modified_gmt":"2026-02-10T11:06:52","slug":"morski-piling-solny","status":"publish","type":"page","link":"https:\/\/rosafilo.com\/?page_id=1374","title":{"rendered":"Morski Piling Solny"},"content":{"rendered":"\t\t<div data-elementor-type=\"wp-page\" data-elementor-id=\"1374\" class=\"elementor elementor-1374\">\n\t\t\t\t<div class=\"elementor-element elementor-element-a7e400b e-con-full e-flex e-con e-parent\" data-id=\"a7e400b\" data-element_type=\"container\">\n\t\t<div class=\"elementor-element elementor-element-587bde9 e-flex e-con-boxed e-con e-child\" data-id=\"587bde9\" data-element_type=\"container\" data-settings=\"{&quot;background_background&quot;:&quot;classic&quot;}\">\n\t\t\t\t\t<div class=\"e-con-inner\">\n\t\t\t\t<div class=\"elementor-element elementor-element-e0edea3 elementor-widget elementor-widget-heading\" data-id=\"e0edea3\" data-element_type=\"widget\" data-widget_type=\"heading.default\">\n\t\t\t\t<div class=\"elementor-widget-container\">\n\t\t\t\t\t<h2 class=\"elementor-heading-title elementor-size-default\">Morski Piling Solny<\/h2>\t\t\t\t<\/div>\n\t\t\t\t<\/div>\n\t\t\t\t\t<\/div>\n\t\t\t\t<\/div>\n\t\t<div class=\"elementor-element elementor-element-1a84694 e-flex e-con-boxed e-con e-child\" data-id=\"1a84694\" data-element_type=\"container\" data-settings=\"{&quot;background_background&quot;:&quot;classic&quot;}\">\n\t\t\t\t\t<div class=\"e-con-inner\">\n\t\t\t\t\t<\/div>\n\t\t\t\t<\/div>\n\t\t\t\t<\/div>\n\t\t<div class=\"elementor-element elementor-element-b9c72fa e-flex e-con-boxed e-con e-parent\" data-id=\"b9c72fa\" data-element_type=\"container\">\n\t\t\t\t\t<div class=\"e-con-inner\">\n\t\t\t\t<div class=\"elementor-element elementor-element-54f1fd3 elementor-widget elementor-widget-spacer\" data-id=\"54f1fd3\" data-element_type=\"widget\" data-widget_type=\"spacer.default\">\n\t\t\t\t<div class=\"elementor-widget-container\">\n\t\t\t\t\t\t\t<div class=\"elementor-spacer\">\n\t\t\t<div class=\"elementor-spacer-inner\"><\/div>\n\t\t<\/div>\n\t\t\t\t\t\t<\/div>\n\t\t\t\t<\/div>\n\t\t\t\t\t<\/div>\n\t\t\t\t<\/div>\n\t\t<div class=\"elementor-element elementor-element-f405ee6 e-flex e-con-boxed e-con e-parent\" data-id=\"f405ee6\" data-element_type=\"container\" data-settings=\"{&quot;background_background&quot;:&quot;classic&quot;}\">\n\t\t\t\t\t<div class=\"e-con-inner\">\n\t\t\t\t<div class=\"elementor-element elementor-element-cf6b9b5 elementor-widget elementor-widget-image\" data-id=\"cf6b9b5\" data-element_type=\"widget\" data-widget_type=\"image.default\">\n\t\t\t\t<div class=\"elementor-widget-container\">\n\t\t\t\t\t\t\t\t\t\t\t\t\t\t\t<img decoding=\"async\" width=\"150\" height=\"150\" src=\"https:\/\/rosafilo.com\/wp-content\/uploads\/2024\/12\/rosafilo-logo-wite-150x150.png\" class=\"attachment-thumbnail size-thumbnail wp-image-998\" alt=\"\" srcset=\"https:\/\/rosafilo.com\/wp-content\/uploads\/2024\/12\/rosafilo-logo-wite-150x150.png 150w, https:\/\/rosafilo.com\/wp-content\/uploads\/2024\/12\/rosafilo-logo-wite.png 296w\" sizes=\"(max-width: 150px) 100vw, 150px\" \/>\t\t\t\t\t\t\t\t\t\t\t\t\t\t\t<\/div>\n\t\t\t\t<\/div>\n\t\t\t\t<div class=\"elementor-element elementor-element-aac8812 elementor-widget elementor-widget-text-editor\" data-id=\"aac8812\" data-element_type=\"widget\" data-widget_type=\"text-editor.default\">\n\t\t\t\t<div class=\"elementor-widget-container\">\n\t\t\t\t\t\t\t\t\t<p>Morski peeling solny, wzbogacony algami, niebiesk\u0105 glink\u0105, sol\u0105 z Morza Martwego, olejem z nasion bawe\u0142ny oraz witamin\u0105 E, stanowi doskona\u0142e po\u0142\u0105czenie oczyszczania i regeneracji dla sk\u00f3ry. Starannie dobrana kompozycja minera\u0142\u00f3w oraz sk\u0142adnik\u00f3w aktywnych wspiera zdrowy, j\u0119drny i m\u0142odzie\u0144czy wygl\u0105d cia\u0142a.<\/p><p>Dodatkowo, olejek lawendowy, kt\u00f3ry \u0142agodzi intensywny morski aromat, wp\u0142ywa na dzia\u0142anie peelingu, nadaj\u0105c mu w\u0142a\u015bciwo\u015bci antyseptyczne, relaksuj\u0105ce oraz koj\u0105ce. Olej z nasion bawe\u0142ny intensywnie regeneruje i nawil\u017ca sk\u00f3r\u0119, pozostawiaj\u0105c j\u0105 odnowion\u0105 i promienn\u0105. Produkt ten jest idealnym rozwi\u0105zaniem dla os\u00f3b pragn\u0105cych zadba\u0107 o kondycj\u0119 swojej sk\u00f3ry, \u0142\u0105cz\u0105c efektywno\u015b\u0107 dzia\u0142ania z przyjemno\u015bci\u0105 stosowania.<\/p>\t\t\t\t\t\t\t\t<\/div>\n\t\t\t\t<\/div>\n\t\t\t\t\t<\/div>\n\t\t\t\t<\/div>\n\t\t<div class=\"elementor-element elementor-element-b49a699 e-flex e-con-boxed e-con e-parent\" data-id=\"b49a699\" data-element_type=\"container\">\n\t\t\t\t\t<div class=\"e-con-inner\">\n\t\t\t\t<div class=\"elementor-element elementor-element-4119064 elementor-widget__width-initial elementor-widget elementor-widget-text-editor\" data-id=\"4119064\" data-element_type=\"widget\" data-widget_type=\"text-editor.default\">\n\t\t\t\t<div class=\"elementor-widget-container\">\n\t\t\t\t\t\t\t\t\t<p class=\"p1\"><span style=\"color: #c6858d;\"><strong>POJEMNO\u015a\u0106:<br \/><\/strong><\/span>500 ml, 750 ml<\/p><p class=\"p1\"><strong><span style=\"color: #c6858d;\">TYP SK\u00d3RY:<\/span><\/strong> <br \/>przeznaczony dla wszystkich typ\u00f3w sk\u00f3ry, w tym dojrza\u0142ej, z tendencj\u0105 do tr\u0105dziku, delikatnej, t\u0142ustej i suchej.<\/p><p class=\"p1\"><strong><span style=\"color: #c6858d;\">DZIA\u0141ANIE:<\/span><\/strong> <br \/>regeneruj\u0105ce, od\u017cywcze, odm\u0142adzaj\u0105ce, oczyszczaj\u0105ce, nawil\u017caj\u0105ce, detoksykuj\u0105ce, uj\u0119drniaj\u0105ce, modeluj\u0105ce, dezynfekuj\u0105ce, nat\u0142uszczaj\u0105ce. Idealny dla ka\u017cdego, zw\u0142aszcza po intensywnym wysi\u0142ku fizycznym.<\/p><p class=\"p1\"><strong><span style=\"color: #c6858d;\">AKTYWNE SK\u0141ADNIKI:<br \/><\/span><\/strong>s\u00f3l z Morza Martwego, olej z nasion bawe\u0142ny, olej makadamia, niebieska glinka, olej migda\u0142owy, olej z pestek moreli, algi, witamina E.<\/p><p class=\"p1\"><span style=\"color: #c6858d;\"><strong>SPOS\u00d3B U\u017bYCIA:<\/strong><\/span> <br \/>Na\u0142\u00f3\u017c piling na wilgotn\u0105 sk\u00f3r\u0119, wmasuj, sp\u0142ucz. Ciesz si\u0119 aromatyczn\u0105 i g\u0142adk\u0105 sk\u00f3r\u0105.<\/p><p><span style=\"color: #c6858d;\"><strong>ZALETY PRODUKTU:<\/strong><\/span> <br \/>Po pilingu sk\u00f3ra jest g\u0142\u0119boko oczyszczona, zregenerowana, od\u017cywiona i promienna. Szczeg\u00f3lnie polecany dla sportowc\u00f3w po intensywnym wysi\u0142ku fizycznym.<\/p><p><span style=\"color: #c6858d;\"><strong>INCI:<\/strong><\/span> <br \/><span class=\"s1\">Maris Sal, Butyrospermum Parkii Butter, Kaolin, Gossypium Herbaceum Seed Oil, Cocos Nucifera Oil, Prunus Armeniaca Kernel Oil, Macadamia Ternifolia Seed Oil, Vitis Vinifera Seed Oil, Prunus Amygdalus Dulcis Oil, Oryza Sativa Bran Oil, Laminaria Digitata Powder, Tocopherol, Helianthus Annuus Seed Oil, Citrus Limon Peel Oil, Lavandula Angustifolia Herb Oil, Mentha Arvensis (Mint) Herb Oil, Limonene*, Linalool*. <\/span><span class=\"s1\">Ingredients marked with asterisk are natural constitutents of the essential oils contained.<\/span><\/p>\t\t\t\t\t\t\t\t<\/div>\n\t\t\t\t<\/div>\n\t\t\t\t\t<\/div>\n\t\t\t\t<\/div>\n\t\t<div class=\"elementor-element elementor-element-71bf138 e-grid e-con-boxed e-con e-parent\" data-id=\"71bf138\" data-element_type=\"container\">\n\t\t\t\t\t<div class=\"e-con-inner\">\n\t\t\t\t<div class=\"elementor-element elementor-element-b26fde6 elementor-widget elementor-widget-image\" data-id=\"b26fde6\" data-element_type=\"widget\" data-widget_type=\"image.default\">\n\t\t\t\t<div class=\"elementor-widget-container\">\n\t\t\t\t\t\t\t\t\t\t\t\t\t\t\t<img fetchpriority=\"high\" decoding=\"async\" width=\"800\" height=\"533\" src=\"https:\/\/rosafilo.com\/wp-content\/uploads\/2024\/12\/scrub-p-24.jpg\" class=\"attachment-large size-large wp-image-1383\" alt=\"\" srcset=\"https:\/\/rosafilo.com\/wp-content\/uploads\/2024\/12\/scrub-p-24.jpg 800w, https:\/\/rosafilo.com\/wp-content\/uploads\/2024\/12\/scrub-p-24-300x200.jpg 300w, https:\/\/rosafilo.com\/wp-content\/uploads\/2024\/12\/scrub-p-24-768x512.jpg 768w\" sizes=\"(max-width: 800px) 100vw, 800px\" \/>\t\t\t\t\t\t\t\t\t\t\t\t\t\t\t<\/div>\n\t\t\t\t<\/div>\n\t\t\t\t<div class=\"elementor-element elementor-element-5ca0df3 elementor-widget elementor-widget-image\" data-id=\"5ca0df3\" data-element_type=\"widget\" data-widget_type=\"image.default\">\n\t\t\t\t<div class=\"elementor-widget-container\">\n\t\t\t\t\t\t\t\t\t\t\t\t\t\t\t<img decoding=\"async\" width=\"800\" height=\"533\" src=\"https:\/\/rosafilo.com\/wp-content\/uploads\/2024\/12\/scrub-p-23.jpg\" class=\"attachment-large size-large wp-image-1384\" alt=\"\" srcset=\"https:\/\/rosafilo.com\/wp-content\/uploads\/2024\/12\/scrub-p-23.jpg 800w, https:\/\/rosafilo.com\/wp-content\/uploads\/2024\/12\/scrub-p-23-300x200.jpg 300w, https:\/\/rosafilo.com\/wp-content\/uploads\/2024\/12\/scrub-p-23-768x512.jpg 768w\" sizes=\"(max-width: 800px) 100vw, 800px\" \/>\t\t\t\t\t\t\t\t\t\t\t\t\t\t\t<\/div>\n\t\t\t\t<\/div>\n\t\t\t\t\t<\/div>\n\t\t\t\t<\/div>\n\t\t<div class=\"elementor-element elementor-element-6a617a3 e-flex e-con-boxed e-con e-parent\" data-id=\"6a617a3\" data-element_type=\"container\">\n\t\t\t\t\t<div class=\"e-con-inner\">\n\t\t\t\t<div class=\"elementor-element elementor-element-0b49829 elementor-align-center elementor-widget elementor-widget-button\" data-id=\"0b49829\" data-element_type=\"widget\" data-widget_type=\"button.default\">\n\t\t\t\t<div class=\"elementor-widget-container\">\n\t\t\t\t\t\t\t\t\t<div class=\"elementor-button-wrapper\">\n\t\t\t\t\t<a class=\"elementor-button elementor-button-link elementor-size-sm\" href=\"https:\/\/rosafilo.com\/?page_id=942\">\n\t\t\t\t\t\t<span class=\"elementor-button-content-wrapper\">\n\t\t\t\t\t\t\t\t\t<span class=\"elementor-button-text\">POWR\u00d3T<\/span>\n\t\t\t\t\t<\/span>\n\t\t\t\t\t<\/a>\n\t\t\t\t<\/div>\n\t\t\t\t\t\t\t\t<\/div>\n\t\t\t\t<\/div>\n\t\t\t\t\t<\/div>\n\t\t\t\t<\/div>\n\t\t\t\t<\/div>\n\t\t","protected":false},"excerpt":{"rendered":"<p>Morski Piling Solny Morski peeling solny, wzbogacony algami, niebiesk\u0105 glink\u0105, sol\u0105 z Morza Martwego, olejem z nasion bawe\u0142ny oraz witamin\u0105 E, stanowi doskona\u0142e po\u0142\u0105czenie oczyszczania i regeneracji dla sk\u00f3ry. Starannie dobrana kompozycja minera\u0142\u00f3w oraz sk\u0142adnik\u00f3w aktywnych wspiera zdrowy, j\u0119drny i m\u0142odzie\u0144czy wygl\u0105d cia\u0142a. Dodatkowo, olejek lawendowy, kt\u00f3ry \u0142agodzi intensywny morski aromat, wp\u0142ywa na dzia\u0142anie peelingu, [&hellip;]<\/p>\n","protected":false},"author":1,"featured_media":0,"parent":942,"menu_order":0,"comment_status":"closed","ping_status":"closed","template":"elementor_header_footer","meta":{"ocean_post_layout":"full-screen","ocean_both_sidebars_style":"","ocean_both_sidebars_content_width":0,"ocean_both_sidebars_sidebars_width":0,"ocean_sidebar":"","ocean_second_sidebar":"","ocean_disable_margins":"enable","ocean_add_body_class":"","ocean_shortcode_before_top_bar":"","ocean_shortcode_after_top_bar":"","ocean_shortcode_before_header":"","ocean_shortcode_after_header":"","ocean_has_shortcode":"","ocean_shortcode_after_title":"","ocean_shortcode_before_footer_widgets":"","ocean_shortcode_after_footer_widgets":"","ocean_shortcode_before_footer_bottom":"","ocean_shortcode_after_footer_bottom":"","ocean_display_top_bar":"off","ocean_display_header":"default","ocean_header_style":"","ocean_center_header_left_menu":"","ocean_custom_header_template":"","ocean_custom_logo":0,"ocean_custom_retina_logo":0,"ocean_custom_logo_max_width":0,"ocean_custom_logo_tablet_max_width":0,"ocean_custom_logo_mobile_max_width":0,"ocean_custom_logo_max_height":0,"ocean_custom_logo_tablet_max_height":0,"ocean_custom_logo_mobile_max_height":0,"ocean_header_custom_menu":"","ocean_menu_typo_font_family":"","ocean_menu_typo_font_subset":"","ocean_menu_typo_font_size":0,"ocean_menu_typo_font_size_tablet":0,"ocean_menu_typo_font_size_mobile":0,"ocean_menu_typo_font_size_unit":"px","ocean_menu_typo_font_weight":"","ocean_menu_typo_font_weight_tablet":"","ocean_menu_typo_font_weight_mobile":"","ocean_menu_typo_transform":"","ocean_menu_typo_transform_tablet":"","ocean_menu_typo_transform_mobile":"","ocean_menu_typo_line_height":0,"ocean_menu_typo_line_height_tablet":0,"ocean_menu_typo_line_height_mobile":0,"ocean_menu_typo_line_height_unit":"","ocean_menu_typo_spacing":0,"ocean_menu_typo_spacing_tablet":0,"ocean_menu_typo_spacing_mobile":0,"ocean_menu_typo_spacing_unit":"","ocean_menu_link_color":"","ocean_menu_link_color_hover":"","ocean_menu_link_color_active":"","ocean_menu_link_background":"","ocean_menu_link_hover_background":"","ocean_menu_link_active_background":"","ocean_menu_social_links_bg":"","ocean_menu_social_hover_links_bg":"","ocean_menu_social_links_color":"","ocean_menu_social_hover_links_color":"","ocean_disable_title":"on","ocean_disable_heading":"default","ocean_post_title":"","ocean_post_subheading":"","ocean_post_title_style":"","ocean_post_title_background_color":"","ocean_post_title_background":0,"ocean_post_title_bg_image_position":"","ocean_post_title_bg_image_attachment":"","ocean_post_title_bg_image_repeat":"","ocean_post_title_bg_image_size":"","ocean_post_title_height":0,"ocean_post_title_bg_overlay":0.5,"ocean_post_title_bg_overlay_color":"","ocean_disable_breadcrumbs":"default","ocean_breadcrumbs_color":"","ocean_breadcrumbs_separator_color":"","ocean_breadcrumbs_links_color":"","ocean_breadcrumbs_links_hover_color":"","ocean_display_footer_widgets":"off","ocean_display_footer_bottom":"off","ocean_custom_footer_template":"","footnotes":""},"class_list":["post-1374","page","type-page","status-publish","hentry","entry"],"_links":{"self":[{"href":"https:\/\/rosafilo.com\/index.php?rest_route=\/wp\/v2\/pages\/1374","targetHints":{"allow":["GET"]}}],"collection":[{"href":"https:\/\/rosafilo.com\/index.php?rest_route=\/wp\/v2\/pages"}],"about":[{"href":"https:\/\/rosafilo.com\/index.php?rest_route=\/wp\/v2\/types\/page"}],"author":[{"embeddable":true,"href":"https:\/\/rosafilo.com\/index.php?rest_route=\/wp\/v2\/users\/1"}],"replies":[{"embeddable":true,"href":"https:\/\/rosafilo.com\/index.php?rest_route=%2Fwp%2Fv2%2Fcomments&post=1374"}],"version-history":[{"count":23,"href":"https:\/\/rosafilo.com\/index.php?rest_route=\/wp\/v2\/pages\/1374\/revisions"}],"predecessor-version":[{"id":5603,"href":"https:\/\/rosafilo.com\/index.php?rest_route=\/wp\/v2\/pages\/1374\/revisions\/5603"}],"up":[{"embeddable":true,"href":"https:\/\/rosafilo.com\/index.php?rest_route=\/wp\/v2\/pages\/942"}],"wp:attachment":[{"href":"https:\/\/rosafilo.com\/index.php?rest_route=%2Fwp%2Fv2%2Fmedia&parent=1374"}],"curies":[{"name":"wp","href":"https:\/\/api.w.org\/{rel}","templated":true}]}}