{"id":1477,"date":"2024-12-30T13:11:59","date_gmt":"2024-12-30T13:11:59","guid":{"rendered":"http:\/\/sokolsw.webd.pl\/rosafilo_test\/?page_id=1477"},"modified":"2026-02-10T11:09:06","modified_gmt":"2026-02-10T11:09:06","slug":"sosnowo-pichtowy-piling-solny","status":"publish","type":"page","link":"https:\/\/rosafilo.com\/?page_id=1477","title":{"rendered":"Sosnowo Pichtowy Piling Solny"},"content":{"rendered":"\t\t<div data-elementor-type=\"wp-page\" data-elementor-id=\"1477\" class=\"elementor elementor-1477\">\n\t\t\t\t<div class=\"elementor-element elementor-element-fad1956 e-con-full e-flex e-con e-parent\" data-id=\"fad1956\" data-element_type=\"container\">\n\t\t<div class=\"elementor-element elementor-element-12068e9 e-flex e-con-boxed e-con e-child\" data-id=\"12068e9\" data-element_type=\"container\" data-settings=\"{&quot;background_background&quot;:&quot;classic&quot;}\">\n\t\t\t\t\t<div class=\"e-con-inner\">\n\t\t\t\t<div class=\"elementor-element elementor-element-8fa014c elementor-widget elementor-widget-heading\" data-id=\"8fa014c\" data-element_type=\"widget\" data-widget_type=\"heading.default\">\n\t\t\t\t<div class=\"elementor-widget-container\">\n\t\t\t\t\t<h2 class=\"elementor-heading-title elementor-size-default\">Sosnowo Pichtowy Piling Solny<\/h2>\t\t\t\t<\/div>\n\t\t\t\t<\/div>\n\t\t\t\t\t<\/div>\n\t\t\t\t<\/div>\n\t\t<div class=\"elementor-element elementor-element-3eba6b4 e-flex e-con-boxed e-con e-child\" data-id=\"3eba6b4\" data-element_type=\"container\" data-settings=\"{&quot;background_background&quot;:&quot;classic&quot;}\">\n\t\t\t\t\t<div class=\"e-con-inner\">\n\t\t\t\t\t<\/div>\n\t\t\t\t<\/div>\n\t\t\t\t<\/div>\n\t\t<div class=\"elementor-element elementor-element-7fd201a e-flex e-con-boxed e-con e-parent\" data-id=\"7fd201a\" data-element_type=\"container\">\n\t\t\t\t\t<div class=\"e-con-inner\">\n\t\t\t\t<div class=\"elementor-element elementor-element-92acbaf elementor-widget elementor-widget-spacer\" data-id=\"92acbaf\" data-element_type=\"widget\" data-widget_type=\"spacer.default\">\n\t\t\t\t<div class=\"elementor-widget-container\">\n\t\t\t\t\t\t\t<div class=\"elementor-spacer\">\n\t\t\t<div class=\"elementor-spacer-inner\"><\/div>\n\t\t<\/div>\n\t\t\t\t\t\t<\/div>\n\t\t\t\t<\/div>\n\t\t\t\t\t<\/div>\n\t\t\t\t<\/div>\n\t\t<div class=\"elementor-element elementor-element-e986ae7 e-flex e-con-boxed e-con e-parent\" data-id=\"e986ae7\" data-element_type=\"container\" data-settings=\"{&quot;background_background&quot;:&quot;classic&quot;}\">\n\t\t\t\t\t<div class=\"e-con-inner\">\n\t\t\t\t<div class=\"elementor-element elementor-element-10599b7 elementor-widget elementor-widget-image\" data-id=\"10599b7\" data-element_type=\"widget\" data-widget_type=\"image.default\">\n\t\t\t\t<div class=\"elementor-widget-container\">\n\t\t\t\t\t\t\t\t\t\t\t\t\t\t\t<img decoding=\"async\" width=\"150\" height=\"150\" src=\"https:\/\/rosafilo.com\/wp-content\/uploads\/2024\/12\/rosafilo-logo-wite-150x150.png\" class=\"attachment-thumbnail size-thumbnail wp-image-998\" alt=\"\" srcset=\"https:\/\/rosafilo.com\/wp-content\/uploads\/2024\/12\/rosafilo-logo-wite-150x150.png 150w, https:\/\/rosafilo.com\/wp-content\/uploads\/2024\/12\/rosafilo-logo-wite.png 296w\" sizes=\"(max-width: 150px) 100vw, 150px\" \/>\t\t\t\t\t\t\t\t\t\t\t\t\t\t\t<\/div>\n\t\t\t\t<\/div>\n\t\t\t\t<div class=\"elementor-element elementor-element-6f68dd2 elementor-widget elementor-widget-text-editor\" data-id=\"6f68dd2\" data-element_type=\"widget\" data-widget_type=\"text-editor.default\">\n\t\t\t\t<div class=\"elementor-widget-container\">\n\t\t\t\t\t\t\t\t\t<p class=\"p1\">Sosnowo-pichtowy piling solny, oparty na soli z Morza Martwego, oleju babassu, ma\u015ble shea, oleju migda\u0142owym, oleju arganowym oraz oleju jojoba, oferuje unikalne doznania sensoryczne, przenosz\u0105c nas w g\u0142\u0105b aromatycznego lasu iglastego. Formu\u0142a wzbogacona olejkiem pichtowym dzia\u0142a tonizuj\u0105co oraz regeneruj\u0105co na sk\u00f3r\u0119, przywracaj\u0105c jej elastyczno\u015b\u0107 i zdrowy wygl\u0105d. Dodatkowo, sk\u0142adniki aktywne w tej formule skutecznie neutralizuj\u0105 dzia\u0142anie wolnych rodnik\u00f3w, co op\u00f3\u017ania proces starzenia, a tym samym posiada dzia\u0142anie przeciwzmarszczkowe.<\/p>\t\t\t\t\t\t\t\t<\/div>\n\t\t\t\t<\/div>\n\t\t\t\t\t<\/div>\n\t\t\t\t<\/div>\n\t\t<div class=\"elementor-element elementor-element-55f23df e-flex e-con-boxed e-con e-parent\" data-id=\"55f23df\" data-element_type=\"container\">\n\t\t\t\t\t<div class=\"e-con-inner\">\n\t\t\t\t<div class=\"elementor-element elementor-element-9933b41 elementor-widget__width-initial elementor-widget elementor-widget-text-editor\" data-id=\"9933b41\" data-element_type=\"widget\" data-widget_type=\"text-editor.default\">\n\t\t\t\t<div class=\"elementor-widget-container\">\n\t\t\t\t\t\t\t\t\t<p class=\"p1\"><span style=\"color: #c6858d;\"><strong>POJEMNO\u015a\u0106:<br \/><\/strong><\/span>500 ml, 750 ml<\/p><p class=\"p1\"><strong><span style=\"color: #c6858d;\">TYP SK\u00d3RY:<br \/><\/span><\/strong>sucha, t\u0142usta i mieszana, z tr\u0105dzikiem, rozszerzonymi porami, wypryskami; zniszczona, \u0142uszcz\u0105ca si\u0119, sw\u0119dz\u0105ca, z plamami; stres; b\u00f3le mi\u0119\u015bni i staw\u00f3w.<\/p><p class=\"p1\"><strong><span style=\"color: #c6858d;\">DZIA\u0141ANIE:<\/span><\/strong> <br \/>rozgrzewaj\u0105ce, energetyzuj\u0105ce, od\u015bwie\u017caj\u0105ce, regeneruj\u0105ce.<\/p><p class=\"p1\"><strong><span style=\"color: #c6858d;\">AKTYWNE SK\u0141ADNIKI:<br \/><\/span><\/strong>s\u00f3l z Morza Martwego, olej babassu, mas\u0142o shea, olejek sosnowy, olejek cedrowy, olejek z drzewa herbacianego, olejek lawendowy.<\/p><p class=\"p1\"><span style=\"color: #c6858d;\"><strong>SPOS\u00d3B U\u017bYCIA:<\/strong><\/span> <br \/>Na\u0142\u00f3\u017c piling na wilgotn\u0105 sk\u00f3r\u0119, wmasuj, sp\u0142ucz. Ciesz si\u0119 aromatyczn\u0105 i g\u0142adk\u0105 sk\u00f3r\u0105.<\/p><p><span style=\"color: #c6858d;\"><strong>ZALETY PRODUKTU:<\/strong><\/span> <br \/>Po zastosowaniu pilingu sk\u00f3ra staje si\u0119 od\u015bwie\u017cona, g\u0142adka i pozbawiona martwego nask\u00f3rka, co sprzyja jej regeneracji oraz pozostawia przyjemny, le\u015bny aromat.<\/p><p><span style=\"color: #c6858d;\"><strong>INCI:<\/strong><\/span> <br \/><span class=\"s1\">Sodium Chloride, Butyrospermum Parkii Butter, Vitis Vinifera Seed Oil, Olea Europaea Fruit Oil, Oryza Sativa Bran Oil, Helianthus Annuus Seed Oil, Orbignya Oleifera Seed Oil, Prunus Amygdalus Dulcis Oil, Argania Spinosa Kernel Oil, Simmondsia Chinensis Oil, Pinus Sylvestris Oil, Abies Sibirica Oil, Lavandula Angustifolia Oil, Melaleuca Alternifolia Leaf Oil, Cedrus Atlantica Bark Oil, Rosmarinus Officinalis Leaf Oil, Citrus Aurantium Bergamia Peel Oil, Eucalyptus Globulus Leaf Oil, Vetiveria Zizanoides Root Oil, Limonene*, Citral*, Linalool*, Citronellol*, Geraniol*. <\/span><span class=\"s1\">Ingredients marked with asterisk are natural constitutents of the essential oils contained.<\/span><\/p>\t\t\t\t\t\t\t\t<\/div>\n\t\t\t\t<\/div>\n\t\t\t\t\t<\/div>\n\t\t\t\t<\/div>\n\t\t<div class=\"elementor-element elementor-element-a6c3381 e-grid e-con-boxed e-con e-parent\" data-id=\"a6c3381\" data-element_type=\"container\">\n\t\t\t\t\t<div class=\"e-con-inner\">\n\t\t\t\t<div class=\"elementor-element elementor-element-729b55c elementor-widget elementor-widget-image\" data-id=\"729b55c\" data-element_type=\"widget\" data-widget_type=\"image.default\">\n\t\t\t\t<div class=\"elementor-widget-container\">\n\t\t\t\t\t\t\t\t\t\t\t\t\t\t\t<img fetchpriority=\"high\" decoding=\"async\" width=\"800\" height=\"533\" src=\"https:\/\/rosafilo.com\/wp-content\/uploads\/2024\/12\/scrub-p-31.jpg\" class=\"attachment-large size-large wp-image-1425\" alt=\"\" srcset=\"https:\/\/rosafilo.com\/wp-content\/uploads\/2024\/12\/scrub-p-31.jpg 800w, https:\/\/rosafilo.com\/wp-content\/uploads\/2024\/12\/scrub-p-31-300x200.jpg 300w, https:\/\/rosafilo.com\/wp-content\/uploads\/2024\/12\/scrub-p-31-768x512.jpg 768w\" sizes=\"(max-width: 800px) 100vw, 800px\" \/>\t\t\t\t\t\t\t\t\t\t\t\t\t\t\t<\/div>\n\t\t\t\t<\/div>\n\t\t\t\t<div class=\"elementor-element elementor-element-84452aa elementor-widget elementor-widget-image\" data-id=\"84452aa\" data-element_type=\"widget\" data-widget_type=\"image.default\">\n\t\t\t\t<div class=\"elementor-widget-container\">\n\t\t\t\t\t\t\t\t\t\t\t\t\t\t\t<img decoding=\"async\" width=\"800\" height=\"533\" src=\"https:\/\/rosafilo.com\/wp-content\/uploads\/2024\/12\/scrub-p-47-pin.jpg\" class=\"attachment-large size-large wp-image-1485\" alt=\"\" srcset=\"https:\/\/rosafilo.com\/wp-content\/uploads\/2024\/12\/scrub-p-47-pin.jpg 800w, https:\/\/rosafilo.com\/wp-content\/uploads\/2024\/12\/scrub-p-47-pin-300x200.jpg 300w, https:\/\/rosafilo.com\/wp-content\/uploads\/2024\/12\/scrub-p-47-pin-768x512.jpg 768w\" sizes=\"(max-width: 800px) 100vw, 800px\" \/>\t\t\t\t\t\t\t\t\t\t\t\t\t\t\t<\/div>\n\t\t\t\t<\/div>\n\t\t\t\t\t<\/div>\n\t\t\t\t<\/div>\n\t\t<div class=\"elementor-element elementor-element-0678501 e-flex e-con-boxed e-con e-parent\" data-id=\"0678501\" data-element_type=\"container\">\n\t\t\t\t\t<div class=\"e-con-inner\">\n\t\t\t\t<div class=\"elementor-element elementor-element-84e7721 elementor-align-center elementor-widget elementor-widget-button\" data-id=\"84e7721\" data-element_type=\"widget\" data-widget_type=\"button.default\">\n\t\t\t\t<div class=\"elementor-widget-container\">\n\t\t\t\t\t\t\t\t\t<div class=\"elementor-button-wrapper\">\n\t\t\t\t\t<a class=\"elementor-button elementor-button-link elementor-size-sm\" href=\"https:\/\/rosafilo.com\/?page_id=942\">\n\t\t\t\t\t\t<span class=\"elementor-button-content-wrapper\">\n\t\t\t\t\t\t\t\t\t<span class=\"elementor-button-text\">POWR\u00d3T<\/span>\n\t\t\t\t\t<\/span>\n\t\t\t\t\t<\/a>\n\t\t\t\t<\/div>\n\t\t\t\t\t\t\t\t<\/div>\n\t\t\t\t<\/div>\n\t\t\t\t\t<\/div>\n\t\t\t\t<\/div>\n\t\t\t\t<\/div>\n\t\t","protected":false},"excerpt":{"rendered":"<p>Sosnowo Pichtowy Piling Solny Sosnowo-pichtowy piling solny, oparty na soli z Morza Martwego, oleju babassu, ma\u015ble shea, oleju migda\u0142owym, oleju arganowym oraz oleju jojoba, oferuje unikalne doznania sensoryczne, przenosz\u0105c nas w g\u0142\u0105b aromatycznego lasu iglastego. Formu\u0142a wzbogacona olejkiem pichtowym dzia\u0142a tonizuj\u0105co oraz regeneruj\u0105co na sk\u00f3r\u0119, przywracaj\u0105c jej elastyczno\u015b\u0107 i zdrowy wygl\u0105d. Dodatkowo, sk\u0142adniki aktywne w [&hellip;]<\/p>\n","protected":false},"author":1,"featured_media":0,"parent":942,"menu_order":0,"comment_status":"closed","ping_status":"closed","template":"elementor_header_footer","meta":{"ocean_post_layout":"full-screen","ocean_both_sidebars_style":"","ocean_both_sidebars_content_width":0,"ocean_both_sidebars_sidebars_width":0,"ocean_sidebar":"","ocean_second_sidebar":"","ocean_disable_margins":"enable","ocean_add_body_class":"","ocean_shortcode_before_top_bar":"","ocean_shortcode_after_top_bar":"","ocean_shortcode_before_header":"","ocean_shortcode_after_header":"","ocean_has_shortcode":"","ocean_shortcode_after_title":"","ocean_shortcode_before_footer_widgets":"","ocean_shortcode_after_footer_widgets":"","ocean_shortcode_before_footer_bottom":"","ocean_shortcode_after_footer_bottom":"","ocean_display_top_bar":"off","ocean_display_header":"default","ocean_header_style":"","ocean_center_header_left_menu":"","ocean_custom_header_template":"","ocean_custom_logo":0,"ocean_custom_retina_logo":0,"ocean_custom_logo_max_width":0,"ocean_custom_logo_tablet_max_width":0,"ocean_custom_logo_mobile_max_width":0,"ocean_custom_logo_max_height":0,"ocean_custom_logo_tablet_max_height":0,"ocean_custom_logo_mobile_max_height":0,"ocean_header_custom_menu":"","ocean_menu_typo_font_family":"","ocean_menu_typo_font_subset":"","ocean_menu_typo_font_size":0,"ocean_menu_typo_font_size_tablet":0,"ocean_menu_typo_font_size_mobile":0,"ocean_menu_typo_font_size_unit":"px","ocean_menu_typo_font_weight":"","ocean_menu_typo_font_weight_tablet":"","ocean_menu_typo_font_weight_mobile":"","ocean_menu_typo_transform":"","ocean_menu_typo_transform_tablet":"","ocean_menu_typo_transform_mobile":"","ocean_menu_typo_line_height":0,"ocean_menu_typo_line_height_tablet":0,"ocean_menu_typo_line_height_mobile":0,"ocean_menu_typo_line_height_unit":"","ocean_menu_typo_spacing":0,"ocean_menu_typo_spacing_tablet":0,"ocean_menu_typo_spacing_mobile":0,"ocean_menu_typo_spacing_unit":"","ocean_menu_link_color":"","ocean_menu_link_color_hover":"","ocean_menu_link_color_active":"","ocean_menu_link_background":"","ocean_menu_link_hover_background":"","ocean_menu_link_active_background":"","ocean_menu_social_links_bg":"","ocean_menu_social_hover_links_bg":"","ocean_menu_social_links_color":"","ocean_menu_social_hover_links_color":"","ocean_disable_title":"on","ocean_disable_heading":"default","ocean_post_title":"","ocean_post_subheading":"","ocean_post_title_style":"","ocean_post_title_background_color":"","ocean_post_title_background":0,"ocean_post_title_bg_image_position":"","ocean_post_title_bg_image_attachment":"","ocean_post_title_bg_image_repeat":"","ocean_post_title_bg_image_size":"","ocean_post_title_height":0,"ocean_post_title_bg_overlay":0.5,"ocean_post_title_bg_overlay_color":"","ocean_disable_breadcrumbs":"default","ocean_breadcrumbs_color":"","ocean_breadcrumbs_separator_color":"","ocean_breadcrumbs_links_color":"","ocean_breadcrumbs_links_hover_color":"","ocean_display_footer_widgets":"off","ocean_display_footer_bottom":"off","ocean_custom_footer_template":"","footnotes":""},"class_list":["post-1477","page","type-page","status-publish","hentry","entry"],"_links":{"self":[{"href":"https:\/\/rosafilo.com\/index.php?rest_route=\/wp\/v2\/pages\/1477","targetHints":{"allow":["GET"]}}],"collection":[{"href":"https:\/\/rosafilo.com\/index.php?rest_route=\/wp\/v2\/pages"}],"about":[{"href":"https:\/\/rosafilo.com\/index.php?rest_route=\/wp\/v2\/types\/page"}],"author":[{"embeddable":true,"href":"https:\/\/rosafilo.com\/index.php?rest_route=\/wp\/v2\/users\/1"}],"replies":[{"embeddable":true,"href":"https:\/\/rosafilo.com\/index.php?rest_route=%2Fwp%2Fv2%2Fcomments&post=1477"}],"version-history":[{"count":17,"href":"https:\/\/rosafilo.com\/index.php?rest_route=\/wp\/v2\/pages\/1477\/revisions"}],"predecessor-version":[{"id":5612,"href":"https:\/\/rosafilo.com\/index.php?rest_route=\/wp\/v2\/pages\/1477\/revisions\/5612"}],"up":[{"embeddable":true,"href":"https:\/\/rosafilo.com\/index.php?rest_route=\/wp\/v2\/pages\/942"}],"wp:attachment":[{"href":"https:\/\/rosafilo.com\/index.php?rest_route=%2Fwp%2Fv2%2Fmedia&parent=1477"}],"curies":[{"name":"wp","href":"https:\/\/api.w.org\/{rel}","templated":true}]}}