{"id":1489,"date":"2024-12-30T13:20:16","date_gmt":"2024-12-30T13:20:16","guid":{"rendered":"http:\/\/sokolsw.webd.pl\/rosafilo_test\/?page_id=1489"},"modified":"2026-02-10T11:09:51","modified_gmt":"2026-02-10T11:09:51","slug":"zielona-herbata-piling-cukrowy","status":"publish","type":"page","link":"https:\/\/rosafilo.com\/?page_id=1489","title":{"rendered":"Zielona Herbata Piling Cukrowy"},"content":{"rendered":"\t\t<div data-elementor-type=\"wp-page\" data-elementor-id=\"1489\" class=\"elementor elementor-1489\">\n\t\t\t\t<div class=\"elementor-element elementor-element-7951745 e-con-full e-flex e-con e-parent\" data-id=\"7951745\" data-element_type=\"container\">\n\t\t<div class=\"elementor-element elementor-element-7b34948 e-flex e-con-boxed e-con e-child\" data-id=\"7b34948\" data-element_type=\"container\" data-settings=\"{&quot;background_background&quot;:&quot;classic&quot;}\">\n\t\t\t\t\t<div class=\"e-con-inner\">\n\t\t\t\t<div class=\"elementor-element elementor-element-c4870b8 elementor-widget elementor-widget-heading\" data-id=\"c4870b8\" data-element_type=\"widget\" data-widget_type=\"heading.default\">\n\t\t\t\t<div class=\"elementor-widget-container\">\n\t\t\t\t\t<h2 class=\"elementor-heading-title elementor-size-default\">Zielona Herbata Piling Cukrowy<\/h2>\t\t\t\t<\/div>\n\t\t\t\t<\/div>\n\t\t\t\t\t<\/div>\n\t\t\t\t<\/div>\n\t\t<div class=\"elementor-element elementor-element-2212ad3 e-flex e-con-boxed e-con e-child\" data-id=\"2212ad3\" data-element_type=\"container\" data-settings=\"{&quot;background_background&quot;:&quot;classic&quot;}\">\n\t\t\t\t\t<div class=\"e-con-inner\">\n\t\t\t\t\t<\/div>\n\t\t\t\t<\/div>\n\t\t\t\t<\/div>\n\t\t<div class=\"elementor-element elementor-element-4c5327d e-flex e-con-boxed e-con e-parent\" data-id=\"4c5327d\" data-element_type=\"container\">\n\t\t\t\t\t<div class=\"e-con-inner\">\n\t\t\t\t<div class=\"elementor-element elementor-element-f106d87 elementor-widget elementor-widget-spacer\" data-id=\"f106d87\" data-element_type=\"widget\" data-widget_type=\"spacer.default\">\n\t\t\t\t<div class=\"elementor-widget-container\">\n\t\t\t\t\t\t\t<div class=\"elementor-spacer\">\n\t\t\t<div class=\"elementor-spacer-inner\"><\/div>\n\t\t<\/div>\n\t\t\t\t\t\t<\/div>\n\t\t\t\t<\/div>\n\t\t\t\t\t<\/div>\n\t\t\t\t<\/div>\n\t\t<div class=\"elementor-element elementor-element-310426b e-flex e-con-boxed e-con e-parent\" data-id=\"310426b\" data-element_type=\"container\" data-settings=\"{&quot;background_background&quot;:&quot;classic&quot;}\">\n\t\t\t\t\t<div class=\"e-con-inner\">\n\t\t\t\t<div class=\"elementor-element elementor-element-106de77 elementor-widget elementor-widget-image\" data-id=\"106de77\" data-element_type=\"widget\" data-widget_type=\"image.default\">\n\t\t\t\t<div class=\"elementor-widget-container\">\n\t\t\t\t\t\t\t\t\t\t\t\t\t\t\t<img decoding=\"async\" width=\"150\" height=\"150\" src=\"https:\/\/rosafilo.com\/wp-content\/uploads\/2024\/12\/rosafilo-logo-wite-150x150.png\" class=\"attachment-thumbnail size-thumbnail wp-image-998\" alt=\"\" srcset=\"https:\/\/rosafilo.com\/wp-content\/uploads\/2024\/12\/rosafilo-logo-wite-150x150.png 150w, https:\/\/rosafilo.com\/wp-content\/uploads\/2024\/12\/rosafilo-logo-wite.png 296w\" sizes=\"(max-width: 150px) 100vw, 150px\" \/>\t\t\t\t\t\t\t\t\t\t\t\t\t\t\t<\/div>\n\t\t\t\t<\/div>\n\t\t\t\t<div class=\"elementor-element elementor-element-3ec5ee3 elementor-widget elementor-widget-text-editor\" data-id=\"3ec5ee3\" data-element_type=\"widget\" data-widget_type=\"text-editor.default\">\n\t\t\t\t<div class=\"elementor-widget-container\">\n\t\t\t\t\t\t\t\t\t<p class=\"p1\">Zielona herbata piling cukrowy posiada wyj\u0105tkowy, od\u015bwie\u017caj\u0105cy zapach zielonej herbaty z nut\u0105 zielonego jab\u0142ka. Produkt ma na celu z\u0142uszczenie martwego nask\u00f3rka, pozostawiaj\u0105c sk\u00f3r\u0119 g\u0142adk\u0105 i zadban\u0105. \u015awietnie sprawdza si\u0119 zar\u00f3wno w piel\u0119gnacji cia\u0142a, jak i d\u0142oni oraz st\u00f3p. Dodatek Matchy (sproszkowana zielona herbata) dzia\u0142a detoksykuj\u0105co i od\u015bwie\u017caj\u0105co. Obecny w pilingu olej \u015bliwkowy nawil\u017ca, odbudowuje p\u0142aszcz lipidowy oraz chroni nask\u00f3rek przed utrat\u0105 wody. Dzi\u0119ki zawarto\u015bci oleju migda\u0142owego i oleju rycynowego, produkt dzia\u0142a uj\u0119drniaj\u0105co i wzmacnia sk\u00f3r\u0119, pozostawiaj\u0105c j\u0105 g\u0142adk\u0105 i mi\u0119kk\u0105. Olej sezamowy, kt\u00f3ry r\u00f3wnie\u017c znajduje si\u0119 w sk\u0142adzie, zawiera niezwykle cenne dla zdrowia sk\u0142adniki, takie jak witamina A, witamina E oraz witaminy z grupy B.<span class=\"Apple-converted-space\">\u00a0<\/span><\/p>\t\t\t\t\t\t\t\t<\/div>\n\t\t\t\t<\/div>\n\t\t\t\t\t<\/div>\n\t\t\t\t<\/div>\n\t\t<div class=\"elementor-element elementor-element-5ded9e8 e-flex e-con-boxed e-con e-parent\" data-id=\"5ded9e8\" data-element_type=\"container\">\n\t\t\t\t\t<div class=\"e-con-inner\">\n\t\t\t\t<div class=\"elementor-element elementor-element-ea7f7f2 elementor-widget__width-initial elementor-widget elementor-widget-text-editor\" data-id=\"ea7f7f2\" data-element_type=\"widget\" data-widget_type=\"text-editor.default\">\n\t\t\t\t<div class=\"elementor-widget-container\">\n\t\t\t\t\t\t\t\t\t<p class=\"p1\"><span style=\"color: #c6858d;\"><strong>POJEMNO\u015a\u0106:<br \/><\/strong><\/span>500 ml, 750 ml<\/p><p class=\"p1\"><strong><span style=\"color: #c6858d;\">TYP SK\u00d3RY:<br \/><\/span><\/strong>wra\u017cliwa, sucha, dojrza\u0142a, normalna, t\u0142usta, mieszana.<\/p><p class=\"p1\"><strong><span style=\"color: #c6858d;\">DZIA\u0141ANIE:<\/span><\/strong> <br \/>nawil\u017caj\u0105ce, od\u017cywcze, anti-aging, witalizuj\u0105ce, rozja\u015bniaj\u0105ce.<\/p><p class=\"p1\"><strong><span style=\"color: #c6858d;\">AKTYWNE SK\u0141ADNIKI:<br \/><\/span><\/strong>matcha <span class=\"s1\">\u2012<\/span> zielona herbata; ashwaganda <span class=\"s1\">\u2012<\/span> mielony korze\u0144; li\u015b\u0107 brzozy <span class=\"s1\">\u2012<\/span> zmielony; glinka zielona; oleje: sezamowy, z pestki \u015bliwki, migda\u0142owy, rycynowy; olejek naturalny z zielonej herbaty; wit. E.<\/p><p class=\"p1\"><span style=\"color: #c6858d;\"><strong>SPOS\u00d3B U\u017bYCIA:<\/strong><\/span> <br \/>Na\u0142\u00f3\u017c piling na wilgotn\u0105 sk\u00f3r\u0119, wmasuj, sp\u0142ucz. Ciesz si\u0119 aromatyczn\u0105 i g\u0142adk\u0105 sk\u00f3r\u0105.<\/p><p><span style=\"color: #c6858d;\"><strong>ZALETY PRODUKTU:<\/strong><\/span> <br \/>Po wykonaniu masa\u017cu pilingiem sk\u00f3ra pozostaje rozja\u015bniona, g\u0142adka, nawil\u017cona i pi\u0119knie pachnie.<\/p><p><span style=\"color: #c6858d;\"><strong>INCI:<\/strong><\/span> <br \/>Sucrose, Butyrospermum Parkii Butter,Prunus Amygdalus Dulcis Seed Oil, Vitis Vinifera Seed Oil, Sesamum Indicum Seed Oil, Ricinus Communis Seed Oil, Camellia Sinensis Leaf Powder, Cocos Nucifera Seed Oil, Kaolin,Cocoa Theobroma Seed Oil, Withania Somnifera Root Powder, Mangifera Indica Seed Oil, Montmorillonite, Betula Alba Leaf Powder,Prunus Domestica Seed Oil, Tocopherol, Helianthus Annus Seed Oil, Parfum, Piper Nigrum Fruit Oil, Limonene, Linalool.<\/p>\t\t\t\t\t\t\t\t<\/div>\n\t\t\t\t<\/div>\n\t\t\t\t\t<\/div>\n\t\t\t\t<\/div>\n\t\t<div class=\"elementor-element elementor-element-707463d e-grid e-con-boxed e-con e-parent\" data-id=\"707463d\" data-element_type=\"container\">\n\t\t\t\t\t<div class=\"e-con-inner\">\n\t\t\t\t<div class=\"elementor-element elementor-element-7205b8e elementor-widget elementor-widget-image\" data-id=\"7205b8e\" data-element_type=\"widget\" data-widget_type=\"image.default\">\n\t\t\t\t<div class=\"elementor-widget-container\">\n\t\t\t\t\t\t\t\t\t\t\t\t\t\t\t<img fetchpriority=\"high\" decoding=\"async\" width=\"800\" height=\"533\" src=\"https:\/\/rosafilo.com\/wp-content\/uploads\/2025\/01\/scrub-p-55.jpg\" class=\"attachment-large size-large wp-image-2244\" alt=\"\" srcset=\"https:\/\/rosafilo.com\/wp-content\/uploads\/2025\/01\/scrub-p-55.jpg 800w, https:\/\/rosafilo.com\/wp-content\/uploads\/2025\/01\/scrub-p-55-300x200.jpg 300w, https:\/\/rosafilo.com\/wp-content\/uploads\/2025\/01\/scrub-p-55-768x512.jpg 768w\" sizes=\"(max-width: 800px) 100vw, 800px\" \/>\t\t\t\t\t\t\t\t\t\t\t\t\t\t\t<\/div>\n\t\t\t\t<\/div>\n\t\t\t\t<div class=\"elementor-element elementor-element-713ae2e elementor-widget elementor-widget-image\" data-id=\"713ae2e\" data-element_type=\"widget\" data-widget_type=\"image.default\">\n\t\t\t\t<div class=\"elementor-widget-container\">\n\t\t\t\t\t\t\t\t\t\t\t\t\t\t\t<img decoding=\"async\" width=\"800\" height=\"533\" src=\"https:\/\/rosafilo.com\/wp-content\/uploads\/2025\/01\/scrub-p-47-tea.jpg\" class=\"attachment-large size-large wp-image-2246\" alt=\"\" srcset=\"https:\/\/rosafilo.com\/wp-content\/uploads\/2025\/01\/scrub-p-47-tea.jpg 800w, https:\/\/rosafilo.com\/wp-content\/uploads\/2025\/01\/scrub-p-47-tea-300x200.jpg 300w, https:\/\/rosafilo.com\/wp-content\/uploads\/2025\/01\/scrub-p-47-tea-768x512.jpg 768w\" sizes=\"(max-width: 800px) 100vw, 800px\" \/>\t\t\t\t\t\t\t\t\t\t\t\t\t\t\t<\/div>\n\t\t\t\t<\/div>\n\t\t\t\t\t<\/div>\n\t\t\t\t<\/div>\n\t\t<div class=\"elementor-element elementor-element-a1caca7 e-flex e-con-boxed e-con e-parent\" data-id=\"a1caca7\" data-element_type=\"container\">\n\t\t\t\t\t<div class=\"e-con-inner\">\n\t\t\t\t<div class=\"elementor-element elementor-element-ec59234 elementor-align-center elementor-widget elementor-widget-button\" data-id=\"ec59234\" data-element_type=\"widget\" data-widget_type=\"button.default\">\n\t\t\t\t<div class=\"elementor-widget-container\">\n\t\t\t\t\t\t\t\t\t<div class=\"elementor-button-wrapper\">\n\t\t\t\t\t<a class=\"elementor-button elementor-button-link elementor-size-sm\" href=\"https:\/\/rosafilo.com\/?page_id=942\">\n\t\t\t\t\t\t<span class=\"elementor-button-content-wrapper\">\n\t\t\t\t\t\t\t\t\t<span class=\"elementor-button-text\">POWR\u00d3T<\/span>\n\t\t\t\t\t<\/span>\n\t\t\t\t\t<\/a>\n\t\t\t\t<\/div>\n\t\t\t\t\t\t\t\t<\/div>\n\t\t\t\t<\/div>\n\t\t\t\t\t<\/div>\n\t\t\t\t<\/div>\n\t\t\t\t<\/div>\n\t\t","protected":false},"excerpt":{"rendered":"<p>Zielona Herbata Piling Cukrowy Zielona herbata piling cukrowy posiada wyj\u0105tkowy, od\u015bwie\u017caj\u0105cy zapach zielonej herbaty z nut\u0105 zielonego jab\u0142ka. Produkt ma na celu z\u0142uszczenie martwego nask\u00f3rka, pozostawiaj\u0105c sk\u00f3r\u0119 g\u0142adk\u0105 i zadban\u0105. \u015awietnie sprawdza si\u0119 zar\u00f3wno w piel\u0119gnacji cia\u0142a, jak i d\u0142oni oraz st\u00f3p. Dodatek Matchy (sproszkowana zielona herbata) dzia\u0142a detoksykuj\u0105co i od\u015bwie\u017caj\u0105co. Obecny w pilingu olej [&hellip;]<\/p>\n","protected":false},"author":1,"featured_media":0,"parent":942,"menu_order":0,"comment_status":"closed","ping_status":"closed","template":"elementor_header_footer","meta":{"ocean_post_layout":"full-screen","ocean_both_sidebars_style":"","ocean_both_sidebars_content_width":0,"ocean_both_sidebars_sidebars_width":0,"ocean_sidebar":"","ocean_second_sidebar":"","ocean_disable_margins":"enable","ocean_add_body_class":"","ocean_shortcode_before_top_bar":"","ocean_shortcode_after_top_bar":"","ocean_shortcode_before_header":"","ocean_shortcode_after_header":"","ocean_has_shortcode":"","ocean_shortcode_after_title":"","ocean_shortcode_before_footer_widgets":"","ocean_shortcode_after_footer_widgets":"","ocean_shortcode_before_footer_bottom":"","ocean_shortcode_after_footer_bottom":"","ocean_display_top_bar":"off","ocean_display_header":"default","ocean_header_style":"","ocean_center_header_left_menu":"","ocean_custom_header_template":"","ocean_custom_logo":0,"ocean_custom_retina_logo":0,"ocean_custom_logo_max_width":0,"ocean_custom_logo_tablet_max_width":0,"ocean_custom_logo_mobile_max_width":0,"ocean_custom_logo_max_height":0,"ocean_custom_logo_tablet_max_height":0,"ocean_custom_logo_mobile_max_height":0,"ocean_header_custom_menu":"","ocean_menu_typo_font_family":"","ocean_menu_typo_font_subset":"","ocean_menu_typo_font_size":0,"ocean_menu_typo_font_size_tablet":0,"ocean_menu_typo_font_size_mobile":0,"ocean_menu_typo_font_size_unit":"px","ocean_menu_typo_font_weight":"","ocean_menu_typo_font_weight_tablet":"","ocean_menu_typo_font_weight_mobile":"","ocean_menu_typo_transform":"","ocean_menu_typo_transform_tablet":"","ocean_menu_typo_transform_mobile":"","ocean_menu_typo_line_height":0,"ocean_menu_typo_line_height_tablet":0,"ocean_menu_typo_line_height_mobile":0,"ocean_menu_typo_line_height_unit":"","ocean_menu_typo_spacing":0,"ocean_menu_typo_spacing_tablet":0,"ocean_menu_typo_spacing_mobile":0,"ocean_menu_typo_spacing_unit":"","ocean_menu_link_color":"","ocean_menu_link_color_hover":"","ocean_menu_link_color_active":"","ocean_menu_link_background":"","ocean_menu_link_hover_background":"","ocean_menu_link_active_background":"","ocean_menu_social_links_bg":"","ocean_menu_social_hover_links_bg":"","ocean_menu_social_links_color":"","ocean_menu_social_hover_links_color":"","ocean_disable_title":"on","ocean_disable_heading":"default","ocean_post_title":"","ocean_post_subheading":"","ocean_post_title_style":"","ocean_post_title_background_color":"","ocean_post_title_background":0,"ocean_post_title_bg_image_position":"","ocean_post_title_bg_image_attachment":"","ocean_post_title_bg_image_repeat":"","ocean_post_title_bg_image_size":"","ocean_post_title_height":0,"ocean_post_title_bg_overlay":0.5,"ocean_post_title_bg_overlay_color":"","ocean_disable_breadcrumbs":"default","ocean_breadcrumbs_color":"","ocean_breadcrumbs_separator_color":"","ocean_breadcrumbs_links_color":"","ocean_breadcrumbs_links_hover_color":"","ocean_display_footer_widgets":"off","ocean_display_footer_bottom":"off","ocean_custom_footer_template":"","footnotes":""},"class_list":["post-1489","page","type-page","status-publish","hentry","entry"],"_links":{"self":[{"href":"https:\/\/rosafilo.com\/index.php?rest_route=\/wp\/v2\/pages\/1489","targetHints":{"allow":["GET"]}}],"collection":[{"href":"https:\/\/rosafilo.com\/index.php?rest_route=\/wp\/v2\/pages"}],"about":[{"href":"https:\/\/rosafilo.com\/index.php?rest_route=\/wp\/v2\/types\/page"}],"author":[{"embeddable":true,"href":"https:\/\/rosafilo.com\/index.php?rest_route=\/wp\/v2\/users\/1"}],"replies":[{"embeddable":true,"href":"https:\/\/rosafilo.com\/index.php?rest_route=%2Fwp%2Fv2%2Fcomments&post=1489"}],"version-history":[{"count":20,"href":"https:\/\/rosafilo.com\/index.php?rest_route=\/wp\/v2\/pages\/1489\/revisions"}],"predecessor-version":[{"id":5615,"href":"https:\/\/rosafilo.com\/index.php?rest_route=\/wp\/v2\/pages\/1489\/revisions\/5615"}],"up":[{"embeddable":true,"href":"https:\/\/rosafilo.com\/index.php?rest_route=\/wp\/v2\/pages\/942"}],"wp:attachment":[{"href":"https:\/\/rosafilo.com\/index.php?rest_route=%2Fwp%2Fv2%2Fmedia&parent=1489"}],"curies":[{"name":"wp","href":"https:\/\/api.w.org\/{rel}","templated":true}]}}