{"id":1512,"date":"2024-12-30T15:09:31","date_gmt":"2024-12-30T15:09:31","guid":{"rendered":"http:\/\/sokolsw.webd.pl\/rosafilo_test\/?page_id=1512"},"modified":"2026-02-10T10:50:33","modified_gmt":"2026-02-10T10:50:33","slug":"nawilzajace-rozane-maslo-do-ciala","status":"publish","type":"page","link":"https:\/\/rosafilo.com\/?page_id=1512","title":{"rendered":"Nawil\u017caj\u0105ce R\u00f3\u017cane Mas\u0142o do Cia\u0142a"},"content":{"rendered":"\t\t<div data-elementor-type=\"wp-page\" data-elementor-id=\"1512\" class=\"elementor elementor-1512\">\n\t\t\t\t<div class=\"elementor-element elementor-element-d39daec e-con-full e-flex e-con e-parent\" data-id=\"d39daec\" data-element_type=\"container\">\n\t\t<div class=\"elementor-element elementor-element-04befe5 e-flex e-con-boxed e-con e-child\" data-id=\"04befe5\" data-element_type=\"container\" data-settings=\"{&quot;background_background&quot;:&quot;classic&quot;}\">\n\t\t\t\t\t<div class=\"e-con-inner\">\n\t\t\t\t<div class=\"elementor-element elementor-element-dcccae1 elementor-widget elementor-widget-heading\" data-id=\"dcccae1\" data-element_type=\"widget\" data-widget_type=\"heading.default\">\n\t\t\t\t<div class=\"elementor-widget-container\">\n\t\t\t\t\t<h2 class=\"elementor-heading-title elementor-size-default\">Nawil\u017caj\u0105ce R\u00f3\u017cane Mas\u0142o do Cia\u0142a<\/h2>\t\t\t\t<\/div>\n\t\t\t\t<\/div>\n\t\t\t\t\t<\/div>\n\t\t\t\t<\/div>\n\t\t<div class=\"elementor-element elementor-element-b6bc64d e-flex e-con-boxed e-con e-child\" data-id=\"b6bc64d\" data-element_type=\"container\" data-settings=\"{&quot;background_background&quot;:&quot;classic&quot;}\">\n\t\t\t\t\t<div class=\"e-con-inner\">\n\t\t\t\t\t<\/div>\n\t\t\t\t<\/div>\n\t\t\t\t<\/div>\n\t\t<div class=\"elementor-element elementor-element-aac56dc e-flex e-con-boxed e-con e-parent\" data-id=\"aac56dc\" data-element_type=\"container\">\n\t\t\t\t\t<div class=\"e-con-inner\">\n\t\t\t\t<div class=\"elementor-element elementor-element-1992169 elementor-widget elementor-widget-spacer\" data-id=\"1992169\" data-element_type=\"widget\" data-widget_type=\"spacer.default\">\n\t\t\t\t<div class=\"elementor-widget-container\">\n\t\t\t\t\t\t\t<div class=\"elementor-spacer\">\n\t\t\t<div class=\"elementor-spacer-inner\"><\/div>\n\t\t<\/div>\n\t\t\t\t\t\t<\/div>\n\t\t\t\t<\/div>\n\t\t\t\t\t<\/div>\n\t\t\t\t<\/div>\n\t\t<div class=\"elementor-element elementor-element-84f250f e-flex e-con-boxed e-con e-parent\" data-id=\"84f250f\" data-element_type=\"container\" data-settings=\"{&quot;background_background&quot;:&quot;classic&quot;}\">\n\t\t\t\t\t<div class=\"e-con-inner\">\n\t\t\t\t<div class=\"elementor-element elementor-element-5e1af67 elementor-widget elementor-widget-image\" data-id=\"5e1af67\" data-element_type=\"widget\" data-widget_type=\"image.default\">\n\t\t\t\t<div class=\"elementor-widget-container\">\n\t\t\t\t\t\t\t\t\t\t\t\t\t\t\t<img decoding=\"async\" width=\"150\" height=\"150\" src=\"https:\/\/rosafilo.com\/wp-content\/uploads\/2024\/12\/rosafilo-logo-wite-150x150.png\" class=\"attachment-thumbnail size-thumbnail wp-image-998\" alt=\"\" srcset=\"https:\/\/rosafilo.com\/wp-content\/uploads\/2024\/12\/rosafilo-logo-wite-150x150.png 150w, https:\/\/rosafilo.com\/wp-content\/uploads\/2024\/12\/rosafilo-logo-wite.png 296w\" sizes=\"(max-width: 150px) 100vw, 150px\" \/>\t\t\t\t\t\t\t\t\t\t\t\t\t\t\t<\/div>\n\t\t\t\t<\/div>\n\t\t\t\t<div class=\"elementor-element elementor-element-f7e4005 elementor-widget elementor-widget-text-editor\" data-id=\"f7e4005\" data-element_type=\"widget\" data-widget_type=\"text-editor.default\">\n\t\t\t\t<div class=\"elementor-widget-container\">\n\t\t\t\t\t\t\t\t\t<p class=\"p1\">Aksamitnie pachn\u0105ce nawil\u017caj\u0105ce mas\u0142o do cia\u0142a z r\u00f3\u017c\u0105, przeznaczone do piel\u0119gnacji wszystkich typ\u00f3w sk\u00f3ry, doskonale nawil\u017ca, od\u017cywia i wspomaga naturalne procesy regeneracji kom\u00f3rkowej. Szybko i zauwa\u017calnie poprawia j\u0119drno\u015b\u0107 sk\u00f3ry, r\u00f3wnocze\u015bnie relaksuj\u0105c umys\u0142 i pomagaj\u0105c w osi\u0105gni\u0119ciu harmonii cia\u0142a. R\u00f3\u017cane mas\u0142o jest bogatym \u017ar\u00f3d\u0142em korzystnych substancji, takich jak witaminy, mikroelementy oraz kwasy t\u0142uszczowe nasycone i nienasycone. Aromaterapeutyczne w\u0142a\u015bciwo\u015bci oleju r\u00f3\u017canego \u0142agodz\u0105 stres, sprzyjaj\u0105 relaksacji oraz redukcji napi\u0119cia nerwowego, co u\u0142atwia zasypianie. Olej ten poprawia kondycj\u0119 sk\u00f3ry starzej\u0105cej si\u0119, zwi\u0119kszaj\u0105c jej j\u0119drno\u015b\u0107 i wyg\u0142adzaj\u0105c zmarszczki.<\/p>\t\t\t\t\t\t\t\t<\/div>\n\t\t\t\t<\/div>\n\t\t\t\t\t<\/div>\n\t\t\t\t<\/div>\n\t\t<div class=\"elementor-element elementor-element-144452e e-flex e-con-boxed e-con e-parent\" data-id=\"144452e\" data-element_type=\"container\">\n\t\t\t\t\t<div class=\"e-con-inner\">\n\t\t\t\t<div class=\"elementor-element elementor-element-eb19f8d elementor-widget__width-initial elementor-widget elementor-widget-text-editor\" data-id=\"eb19f8d\" data-element_type=\"widget\" data-widget_type=\"text-editor.default\">\n\t\t\t\t<div class=\"elementor-widget-container\">\n\t\t\t\t\t\t\t\t\t<p class=\"p1\"><span style=\"color: #c6858d;\"><strong>POJEMNO\u015a\u0106:<br \/><\/strong><\/span>500 ml, 750 ml<\/p><p class=\"p1\"><strong><span style=\"color: #c6858d;\">TYP SK\u00d3RY:<\/span><\/strong> <br \/>wra\u017cliwa, delikatna, sucha, dojrza\u0142a, trac\u0105ca j\u0119drno\u015b\u0107 i elastyczno\u015b\u0107.<\/p><p class=\"p1\"><strong><span style=\"color: #c6858d;\">DZIA\u0141ANIE:<\/span><\/strong> <br \/>nawil\u017caj\u0105ce, nat\u0142uszczaj\u0105ce, regeneruj\u0105ce, relaksuj\u0105ce.<\/p><p class=\"p1\"><strong><span style=\"color: #c6858d;\">AKTYWNE SK\u0141ADNIKI:<br \/><\/span><\/strong>mas\u0142o kokosowe, mas\u0142o kakaowe, olej babassu, olej kokosowy, olej z pestek winogron, olej s\u0142onecznikowy, olej ry\u017cowy, olej jojoba, olej r\u00f3\u017cany.<\/p><p class=\"p1\"><span style=\"color: #c6858d;\"><strong>SPOS\u00d3B U\u017bYCIA:<\/strong><\/span> <br \/>Na\u0142\u00f3\u017c niewielk\u0105 ilo\u015b\u0107 mas\u0142a na d\u0142onie, rozgrzej w palcach i wmasuj w wybrane obszary cia\u0142a przy u\u017cyciu technik masa\u017cu.<\/p><p><span style=\"color: #c6858d;\"><strong>ZALETY PRODUKTU:<\/strong><\/span> <br \/>Po aplikacji sk\u00f3ra staje si\u0119 mi\u0119kka, g\u0142adka i aksamitna w dotyku.<\/p><p><span style=\"color: #c6858d;\"><strong>INCI:<\/strong><\/span> <br \/>B<span class=\"s1\">utyrospermum Parkii Butter, Cocos Nucifera Oil, Attalea Speciosa Seed Oil, Vitis Vinifera Seed Oil, Helianthus Annuus Seed Oil, Theobroma Cacao Seed Butter, Rosa Canina Seed Oil, Oryza Sativa Bran Oil, Simmondsia Chinensis Seed Oil, Pelargonium Graveolens Flower Oil, Citrus Aurantium Bergamia Peel Oil, Linalool*, Cananga Odorata Flower Oil, Limonene*, Pogostemon Cablin Leaf Oil, Citrus Paradisi Peel Oil, Citronellol*, Rosa Gallica Flower Oil, Geraniol*, Benzyl Benzoate*, Citral*, Farenesol*, Benzyl Salicylate*, Eugenol*. <\/span><span class=\"s1\">Ingredients marked with asterisk are natural constitutents of the essential oils contained.<\/span><\/p>\t\t\t\t\t\t\t\t<\/div>\n\t\t\t\t<\/div>\n\t\t\t\t\t<\/div>\n\t\t\t\t<\/div>\n\t\t<div class=\"elementor-element elementor-element-1ccd3aa e-grid e-con-boxed e-con e-parent\" data-id=\"1ccd3aa\" data-element_type=\"container\">\n\t\t\t\t\t<div class=\"e-con-inner\">\n\t\t\t\t<div class=\"elementor-element elementor-element-11da415 elementor-widget elementor-widget-image\" data-id=\"11da415\" data-element_type=\"widget\" data-widget_type=\"image.default\">\n\t\t\t\t<div class=\"elementor-widget-container\">\n\t\t\t\t\t\t\t\t\t\t\t\t\t\t\t<img fetchpriority=\"high\" decoding=\"async\" width=\"800\" height=\"533\" src=\"https:\/\/rosafilo.com\/wp-content\/uploads\/2024\/12\/butter-p-11.jpg\" class=\"attachment-large size-large wp-image-1517\" alt=\"\" srcset=\"https:\/\/rosafilo.com\/wp-content\/uploads\/2024\/12\/butter-p-11.jpg 800w, https:\/\/rosafilo.com\/wp-content\/uploads\/2024\/12\/butter-p-11-300x200.jpg 300w, https:\/\/rosafilo.com\/wp-content\/uploads\/2024\/12\/butter-p-11-768x512.jpg 768w\" sizes=\"(max-width: 800px) 100vw, 800px\" \/>\t\t\t\t\t\t\t\t\t\t\t\t\t\t\t<\/div>\n\t\t\t\t<\/div>\n\t\t\t\t<div class=\"elementor-element elementor-element-c8e1e98 elementor-widget elementor-widget-image\" data-id=\"c8e1e98\" data-element_type=\"widget\" data-widget_type=\"image.default\">\n\t\t\t\t<div class=\"elementor-widget-container\">\n\t\t\t\t\t\t\t\t\t\t\t\t\t\t\t<img decoding=\"async\" width=\"800\" height=\"533\" src=\"https:\/\/rosafilo.com\/wp-content\/uploads\/2024\/12\/butter-p-12.jpg\" class=\"attachment-large size-large wp-image-1519\" alt=\"\" srcset=\"https:\/\/rosafilo.com\/wp-content\/uploads\/2024\/12\/butter-p-12.jpg 800w, https:\/\/rosafilo.com\/wp-content\/uploads\/2024\/12\/butter-p-12-300x200.jpg 300w, https:\/\/rosafilo.com\/wp-content\/uploads\/2024\/12\/butter-p-12-768x512.jpg 768w\" sizes=\"(max-width: 800px) 100vw, 800px\" \/>\t\t\t\t\t\t\t\t\t\t\t\t\t\t\t<\/div>\n\t\t\t\t<\/div>\n\t\t\t\t\t<\/div>\n\t\t\t\t<\/div>\n\t\t<div class=\"elementor-element elementor-element-59691d8 e-flex e-con-boxed e-con e-parent\" data-id=\"59691d8\" data-element_type=\"container\">\n\t\t\t\t\t<div class=\"e-con-inner\">\n\t\t\t\t<div class=\"elementor-element elementor-element-9f4f512 elementor-align-center elementor-widget elementor-widget-button\" data-id=\"9f4f512\" data-element_type=\"widget\" data-widget_type=\"button.default\">\n\t\t\t\t<div class=\"elementor-widget-container\">\n\t\t\t\t\t\t\t\t\t<div class=\"elementor-button-wrapper\">\n\t\t\t\t\t<a class=\"elementor-button elementor-button-link elementor-size-sm\" href=\"https:\/\/rosafilo.com\/?page_id=947\">\n\t\t\t\t\t\t<span class=\"elementor-button-content-wrapper\">\n\t\t\t\t\t\t\t\t\t<span class=\"elementor-button-text\">POWR\u00d3T<\/span>\n\t\t\t\t\t<\/span>\n\t\t\t\t\t<\/a>\n\t\t\t\t<\/div>\n\t\t\t\t\t\t\t\t<\/div>\n\t\t\t\t<\/div>\n\t\t\t\t\t<\/div>\n\t\t\t\t<\/div>\n\t\t\t\t<\/div>\n\t\t","protected":false},"excerpt":{"rendered":"<p>Nawil\u017caj\u0105ce R\u00f3\u017cane Mas\u0142o do Cia\u0142a Aksamitnie pachn\u0105ce nawil\u017caj\u0105ce mas\u0142o do cia\u0142a z r\u00f3\u017c\u0105, przeznaczone do piel\u0119gnacji wszystkich typ\u00f3w sk\u00f3ry, doskonale nawil\u017ca, od\u017cywia i wspomaga naturalne procesy regeneracji kom\u00f3rkowej. Szybko i zauwa\u017calnie poprawia j\u0119drno\u015b\u0107 sk\u00f3ry, r\u00f3wnocze\u015bnie relaksuj\u0105c umys\u0142 i pomagaj\u0105c w osi\u0105gni\u0119ciu harmonii cia\u0142a. R\u00f3\u017cane mas\u0142o jest bogatym \u017ar\u00f3d\u0142em korzystnych substancji, takich jak witaminy, mikroelementy oraz [&hellip;]<\/p>\n","protected":false},"author":1,"featured_media":0,"parent":947,"menu_order":0,"comment_status":"closed","ping_status":"closed","template":"elementor_header_footer","meta":{"ocean_post_layout":"full-screen","ocean_both_sidebars_style":"","ocean_both_sidebars_content_width":0,"ocean_both_sidebars_sidebars_width":0,"ocean_sidebar":"","ocean_second_sidebar":"","ocean_disable_margins":"enable","ocean_add_body_class":"","ocean_shortcode_before_top_bar":"","ocean_shortcode_after_top_bar":"","ocean_shortcode_before_header":"","ocean_shortcode_after_header":"","ocean_has_shortcode":"","ocean_shortcode_after_title":"","ocean_shortcode_before_footer_widgets":"","ocean_shortcode_after_footer_widgets":"","ocean_shortcode_before_footer_bottom":"","ocean_shortcode_after_footer_bottom":"","ocean_display_top_bar":"off","ocean_display_header":"default","ocean_header_style":"","ocean_center_header_left_menu":"","ocean_custom_header_template":"","ocean_custom_logo":0,"ocean_custom_retina_logo":0,"ocean_custom_logo_max_width":0,"ocean_custom_logo_tablet_max_width":0,"ocean_custom_logo_mobile_max_width":0,"ocean_custom_logo_max_height":0,"ocean_custom_logo_tablet_max_height":0,"ocean_custom_logo_mobile_max_height":0,"ocean_header_custom_menu":"","ocean_menu_typo_font_family":"","ocean_menu_typo_font_subset":"","ocean_menu_typo_font_size":0,"ocean_menu_typo_font_size_tablet":0,"ocean_menu_typo_font_size_mobile":0,"ocean_menu_typo_font_size_unit":"px","ocean_menu_typo_font_weight":"","ocean_menu_typo_font_weight_tablet":"","ocean_menu_typo_font_weight_mobile":"","ocean_menu_typo_transform":"","ocean_menu_typo_transform_tablet":"","ocean_menu_typo_transform_mobile":"","ocean_menu_typo_line_height":0,"ocean_menu_typo_line_height_tablet":0,"ocean_menu_typo_line_height_mobile":0,"ocean_menu_typo_line_height_unit":"","ocean_menu_typo_spacing":0,"ocean_menu_typo_spacing_tablet":0,"ocean_menu_typo_spacing_mobile":0,"ocean_menu_typo_spacing_unit":"","ocean_menu_link_color":"","ocean_menu_link_color_hover":"","ocean_menu_link_color_active":"","ocean_menu_link_background":"","ocean_menu_link_hover_background":"","ocean_menu_link_active_background":"","ocean_menu_social_links_bg":"","ocean_menu_social_hover_links_bg":"","ocean_menu_social_links_color":"","ocean_menu_social_hover_links_color":"","ocean_disable_title":"on","ocean_disable_heading":"default","ocean_post_title":"","ocean_post_subheading":"","ocean_post_title_style":"","ocean_post_title_background_color":"","ocean_post_title_background":0,"ocean_post_title_bg_image_position":"","ocean_post_title_bg_image_attachment":"","ocean_post_title_bg_image_repeat":"","ocean_post_title_bg_image_size":"","ocean_post_title_height":0,"ocean_post_title_bg_overlay":0.5,"ocean_post_title_bg_overlay_color":"","ocean_disable_breadcrumbs":"default","ocean_breadcrumbs_color":"","ocean_breadcrumbs_separator_color":"","ocean_breadcrumbs_links_color":"","ocean_breadcrumbs_links_hover_color":"","ocean_display_footer_widgets":"off","ocean_display_footer_bottom":"off","ocean_custom_footer_template":"","footnotes":""},"class_list":["post-1512","page","type-page","status-publish","hentry","entry"],"_links":{"self":[{"href":"https:\/\/rosafilo.com\/index.php?rest_route=\/wp\/v2\/pages\/1512","targetHints":{"allow":["GET"]}}],"collection":[{"href":"https:\/\/rosafilo.com\/index.php?rest_route=\/wp\/v2\/pages"}],"about":[{"href":"https:\/\/rosafilo.com\/index.php?rest_route=\/wp\/v2\/types\/page"}],"author":[{"embeddable":true,"href":"https:\/\/rosafilo.com\/index.php?rest_route=\/wp\/v2\/users\/1"}],"replies":[{"embeddable":true,"href":"https:\/\/rosafilo.com\/index.php?rest_route=%2Fwp%2Fv2%2Fcomments&post=1512"}],"version-history":[{"count":17,"href":"https:\/\/rosafilo.com\/index.php?rest_route=\/wp\/v2\/pages\/1512\/revisions"}],"predecessor-version":[{"id":5549,"href":"https:\/\/rosafilo.com\/index.php?rest_route=\/wp\/v2\/pages\/1512\/revisions\/5549"}],"up":[{"embeddable":true,"href":"https:\/\/rosafilo.com\/index.php?rest_route=\/wp\/v2\/pages\/947"}],"wp:attachment":[{"href":"https:\/\/rosafilo.com\/index.php?rest_route=%2Fwp%2Fv2%2Fmedia&parent=1512"}],"curies":[{"name":"wp","href":"https:\/\/api.w.org\/{rel}","templated":true}]}}