{"id":1587,"date":"2024-12-30T15:54:27","date_gmt":"2024-12-30T15:54:27","guid":{"rendered":"http:\/\/sokolsw.webd.pl\/rosafilo_test\/?page_id=1587"},"modified":"2026-02-10T10:55:54","modified_gmt":"2026-02-10T10:55:54","slug":"zielona-herbata-maslo-do-ciala","status":"publish","type":"page","link":"https:\/\/rosafilo.com\/?page_id=1587","title":{"rendered":"Zielona Herbata Mas\u0142o do Cia\u0142a"},"content":{"rendered":"\t\t<div data-elementor-type=\"wp-page\" data-elementor-id=\"1587\" class=\"elementor elementor-1587\">\n\t\t\t\t<div class=\"elementor-element elementor-element-5371cc0 e-con-full e-flex e-con e-parent\" data-id=\"5371cc0\" data-element_type=\"container\">\n\t\t<div class=\"elementor-element elementor-element-019a5aa e-flex e-con-boxed e-con e-child\" data-id=\"019a5aa\" data-element_type=\"container\" data-settings=\"{&quot;background_background&quot;:&quot;classic&quot;}\">\n\t\t\t\t\t<div class=\"e-con-inner\">\n\t\t\t\t<div class=\"elementor-element elementor-element-2e75c6f elementor-widget elementor-widget-heading\" data-id=\"2e75c6f\" data-element_type=\"widget\" data-widget_type=\"heading.default\">\n\t\t\t\t<div class=\"elementor-widget-container\">\n\t\t\t\t\t<h2 class=\"elementor-heading-title elementor-size-default\">Zielona Herbata Mas\u0142o do Cia\u0142a<\/h2>\t\t\t\t<\/div>\n\t\t\t\t<\/div>\n\t\t\t\t\t<\/div>\n\t\t\t\t<\/div>\n\t\t<div class=\"elementor-element elementor-element-f87ee7a e-flex e-con-boxed e-con e-child\" data-id=\"f87ee7a\" data-element_type=\"container\" data-settings=\"{&quot;background_background&quot;:&quot;classic&quot;}\">\n\t\t\t\t\t<div class=\"e-con-inner\">\n\t\t\t\t\t<\/div>\n\t\t\t\t<\/div>\n\t\t\t\t<\/div>\n\t\t<div class=\"elementor-element elementor-element-00467a8 e-flex e-con-boxed e-con e-parent\" data-id=\"00467a8\" data-element_type=\"container\">\n\t\t\t\t\t<div class=\"e-con-inner\">\n\t\t\t\t<div class=\"elementor-element elementor-element-1b08794 elementor-widget elementor-widget-spacer\" data-id=\"1b08794\" data-element_type=\"widget\" data-widget_type=\"spacer.default\">\n\t\t\t\t<div class=\"elementor-widget-container\">\n\t\t\t\t\t\t\t<div class=\"elementor-spacer\">\n\t\t\t<div class=\"elementor-spacer-inner\"><\/div>\n\t\t<\/div>\n\t\t\t\t\t\t<\/div>\n\t\t\t\t<\/div>\n\t\t\t\t\t<\/div>\n\t\t\t\t<\/div>\n\t\t<div class=\"elementor-element elementor-element-1e6c2c6 e-flex e-con-boxed e-con e-parent\" data-id=\"1e6c2c6\" data-element_type=\"container\" data-settings=\"{&quot;background_background&quot;:&quot;classic&quot;}\">\n\t\t\t\t\t<div class=\"e-con-inner\">\n\t\t\t\t<div class=\"elementor-element elementor-element-d55321f elementor-widget elementor-widget-image\" data-id=\"d55321f\" data-element_type=\"widget\" data-widget_type=\"image.default\">\n\t\t\t\t<div class=\"elementor-widget-container\">\n\t\t\t\t\t\t\t\t\t\t\t\t\t\t\t<img decoding=\"async\" width=\"150\" height=\"150\" src=\"https:\/\/rosafilo.com\/wp-content\/uploads\/2024\/12\/rosafilo-logo-wite-150x150.png\" class=\"attachment-thumbnail size-thumbnail wp-image-998\" alt=\"\" srcset=\"https:\/\/rosafilo.com\/wp-content\/uploads\/2024\/12\/rosafilo-logo-wite-150x150.png 150w, https:\/\/rosafilo.com\/wp-content\/uploads\/2024\/12\/rosafilo-logo-wite.png 296w\" sizes=\"(max-width: 150px) 100vw, 150px\" \/>\t\t\t\t\t\t\t\t\t\t\t\t\t\t\t<\/div>\n\t\t\t\t<\/div>\n\t\t\t\t<div class=\"elementor-element elementor-element-05575b9 elementor-widget elementor-widget-text-editor\" data-id=\"05575b9\" data-element_type=\"widget\" data-widget_type=\"text-editor.default\">\n\t\t\t\t<div class=\"elementor-widget-container\">\n\t\t\t\t\t\t\t\t\t<p class=\"p1\">Mas\u0142o do cia\u0142a o od\u015bwie\u017caj\u0105cym aromacie zielonej herbaty z subteln\u0105 nut\u0105 zielonego jab\u0142ka, dedykowane jest do kompleksowej piel\u0119gnacji ka\u017cdego rodzaju sk\u00f3ry. Jego formu\u0142a intensywnie od\u017cywia sk\u00f3r\u0119, wspieraj\u0105c naturalne procesy odnowy kom\u00f3rkowej. Produkt w widoczny spos\u00f3b poprawia j\u0119drno\u015b\u0107 sk\u00f3ry oraz dzia\u0142a relaksuj\u0105co na zmys\u0142y, oferuj\u0105c przyjemno\u015b\u0107 w codziennej rutynie piel\u0119gnacyjnej. Dzi\u0119ki luksusowej, aksamitnej konsystencji, mas\u0142o \u0142atwo rozprowadza si\u0119 na sk\u00f3rze, a jego szybka absorpcja zapewnia d\u0142ugotrwa\u0142\u0105 ochron\u0119 przed szkodliwymi czynnikami zewn\u0119trznymi, takimi jak wiatr, zimno czy promieniowanie UVA\/UVB. Dodatkowo, trwa\u0142y zapach d\u0142ugo utrzymuje si\u0119 na sk\u00f3rze, pozostawiaj\u0105c uczucie \u015bwie\u017co\u015bci i komfortu. Zalecamy stosowanie mas\u0142a po ka\u017cdej k\u0105pieli oraz podczas masa\u017cy, aby w pe\u0142ni wykorzysta\u0107 jego bogate w\u0142a\u015bciwo\u015bci piel\u0119gnacyjne i relaksacyjne.<\/p>\t\t\t\t\t\t\t\t<\/div>\n\t\t\t\t<\/div>\n\t\t\t\t\t<\/div>\n\t\t\t\t<\/div>\n\t\t<div class=\"elementor-element elementor-element-25a619d e-flex e-con-boxed e-con e-parent\" data-id=\"25a619d\" data-element_type=\"container\">\n\t\t\t\t\t<div class=\"e-con-inner\">\n\t\t\t\t<div class=\"elementor-element elementor-element-f91a5a2 elementor-widget__width-initial elementor-widget elementor-widget-text-editor\" data-id=\"f91a5a2\" data-element_type=\"widget\" data-widget_type=\"text-editor.default\">\n\t\t\t\t<div class=\"elementor-widget-container\">\n\t\t\t\t\t\t\t\t\t<p class=\"p1\"><span style=\"color: #c6858d;\"><strong>POJEMNO\u015a\u0106:<br \/><\/strong><\/span>500 ml, 750 ml<\/p><p class=\"p1\"><strong><span style=\"color: #c6858d;\">TYP SK\u00d3RY:<\/span><\/strong> <br \/>wra\u017cliwa, sucha, dojrza\u0142a, normalna, t\u0142usta, mieszana.<\/p><p class=\"p1\"><strong><span style=\"color: #c6858d;\">DZIA\u0141ANIE:<\/span><\/strong> <br \/>regeneruj\u0105ce, nawil\u017caj\u0105ce, od\u017cywcze, anti-aging.<\/p><p class=\"p1\"><strong><span style=\"color: #c6858d;\">AKTYWNE SK\u0141ADNIKI:<br \/><\/span><\/strong>mas\u0142a: kakaowe, shea, mango; oleje: migda\u0142owy, sezamowy, \u015bliwkowy, naturalny z zielonej herbaty; wit. E.<\/p><p class=\"p1\"><span style=\"color: #c6858d;\"><strong>SPOS\u00d3B U\u017bYCIA:<\/strong><\/span> <br \/>Na\u0142\u00f3\u017c niewielk\u0105 ilo\u015b\u0107 mas\u0142a na d\u0142onie, rozgrzej w palcach i wmasuj w wybrane obszary cia\u0142a przy u\u017cyciu technik masa\u017cu.<\/p><p><span style=\"color: #c6858d;\"><strong>ZALETY PRODUKTU:<\/strong><\/span> <br \/>Regularne stosowanie mas\u0142a pozwala na g\u0142\u0119bokie nawil\u017cenie oraz dostarczenie niezb\u0119dnych witamin, co stymuluje kom\u00f3rki do walki z oznakami<\/p><p><span style=\"color: #c6858d;\"><strong>INCI:<\/strong><\/span> <br \/>Butytospermum Parkii Butter, Prunus Amygdalus Dulcis Seed Oil, Vitis Vinifera Seed Oil, Sesamum Indicum Seed Oil, Cocos Nucifera Seed Oil, Cocoa Theobroma Seed Oil, Mangifera Indica Seed Oil, Prunus Domestica Seed Oil, Ricinus Communis Seed Oil, Tocopherol,<span class=\"Apple-converted-space\">\u00a0 <\/span>Helianthus Annus Seed Oil, Parfum, Piper Nigrum Fruit Oil, Limonene, Linalool. <span class=\"s1\">Ingredients marked with asterisk are natural constitutents of the essential oils contained.<\/span><\/p>\t\t\t\t\t\t\t\t<\/div>\n\t\t\t\t<\/div>\n\t\t\t\t\t<\/div>\n\t\t\t\t<\/div>\n\t\t<div class=\"elementor-element elementor-element-fda73ea e-grid e-con-boxed e-con e-parent\" data-id=\"fda73ea\" data-element_type=\"container\">\n\t\t\t\t\t<div class=\"e-con-inner\">\n\t\t\t\t<div class=\"elementor-element elementor-element-d4be2cf elementor-widget elementor-widget-image\" data-id=\"d4be2cf\" data-element_type=\"widget\" data-widget_type=\"image.default\">\n\t\t\t\t<div class=\"elementor-widget-container\">\n\t\t\t\t\t\t\t\t\t\t\t\t\t\t\t<img fetchpriority=\"high\" decoding=\"async\" width=\"800\" height=\"533\" src=\"https:\/\/rosafilo.com\/wp-content\/uploads\/2024\/12\/butter-p-11.jpg\" class=\"attachment-large size-large wp-image-1517\" alt=\"\" srcset=\"https:\/\/rosafilo.com\/wp-content\/uploads\/2024\/12\/butter-p-11.jpg 800w, https:\/\/rosafilo.com\/wp-content\/uploads\/2024\/12\/butter-p-11-300x200.jpg 300w, https:\/\/rosafilo.com\/wp-content\/uploads\/2024\/12\/butter-p-11-768x512.jpg 768w\" sizes=\"(max-width: 800px) 100vw, 800px\" \/>\t\t\t\t\t\t\t\t\t\t\t\t\t\t\t<\/div>\n\t\t\t\t<\/div>\n\t\t\t\t<div class=\"elementor-element elementor-element-9cb78f6 elementor-widget elementor-widget-image\" data-id=\"9cb78f6\" data-element_type=\"widget\" data-widget_type=\"image.default\">\n\t\t\t\t<div class=\"elementor-widget-container\">\n\t\t\t\t\t\t\t\t\t\t\t\t\t\t\t<img decoding=\"async\" width=\"800\" height=\"533\" src=\"https:\/\/rosafilo.com\/wp-content\/uploads\/2024\/12\/butter-p-31.jpg\" class=\"attachment-large size-large wp-image-1649\" alt=\"\" srcset=\"https:\/\/rosafilo.com\/wp-content\/uploads\/2024\/12\/butter-p-31.jpg 800w, https:\/\/rosafilo.com\/wp-content\/uploads\/2024\/12\/butter-p-31-300x200.jpg 300w, https:\/\/rosafilo.com\/wp-content\/uploads\/2024\/12\/butter-p-31-768x512.jpg 768w\" sizes=\"(max-width: 800px) 100vw, 800px\" \/>\t\t\t\t\t\t\t\t\t\t\t\t\t\t\t<\/div>\n\t\t\t\t<\/div>\n\t\t\t\t\t<\/div>\n\t\t\t\t<\/div>\n\t\t<div class=\"elementor-element elementor-element-445861f e-flex e-con-boxed e-con e-parent\" data-id=\"445861f\" data-element_type=\"container\">\n\t\t\t\t\t<div class=\"e-con-inner\">\n\t\t\t\t<div class=\"elementor-element elementor-element-f533a72 elementor-align-center elementor-widget elementor-widget-button\" data-id=\"f533a72\" data-element_type=\"widget\" data-widget_type=\"button.default\">\n\t\t\t\t<div class=\"elementor-widget-container\">\n\t\t\t\t\t\t\t\t\t<div class=\"elementor-button-wrapper\">\n\t\t\t\t\t<a class=\"elementor-button elementor-button-link elementor-size-sm\" href=\"https:\/\/rosafilo.com\/?page_id=947\">\n\t\t\t\t\t\t<span class=\"elementor-button-content-wrapper\">\n\t\t\t\t\t\t\t\t\t<span class=\"elementor-button-text\">POWR\u00d3T<\/span>\n\t\t\t\t\t<\/span>\n\t\t\t\t\t<\/a>\n\t\t\t\t<\/div>\n\t\t\t\t\t\t\t\t<\/div>\n\t\t\t\t<\/div>\n\t\t\t\t\t<\/div>\n\t\t\t\t<\/div>\n\t\t\t\t<\/div>\n\t\t","protected":false},"excerpt":{"rendered":"<p>Zielona Herbata Mas\u0142o do Cia\u0142a Mas\u0142o do cia\u0142a o od\u015bwie\u017caj\u0105cym aromacie zielonej herbaty z subteln\u0105 nut\u0105 zielonego jab\u0142ka, dedykowane jest do kompleksowej piel\u0119gnacji ka\u017cdego rodzaju sk\u00f3ry. Jego formu\u0142a intensywnie od\u017cywia sk\u00f3r\u0119, wspieraj\u0105c naturalne procesy odnowy kom\u00f3rkowej. Produkt w widoczny spos\u00f3b poprawia j\u0119drno\u015b\u0107 sk\u00f3ry oraz dzia\u0142a relaksuj\u0105co na zmys\u0142y, oferuj\u0105c przyjemno\u015b\u0107 w codziennej rutynie piel\u0119gnacyjnej. Dzi\u0119ki [&hellip;]<\/p>\n","protected":false},"author":1,"featured_media":0,"parent":947,"menu_order":0,"comment_status":"closed","ping_status":"closed","template":"elementor_header_footer","meta":{"ocean_post_layout":"full-screen","ocean_both_sidebars_style":"","ocean_both_sidebars_content_width":0,"ocean_both_sidebars_sidebars_width":0,"ocean_sidebar":"","ocean_second_sidebar":"","ocean_disable_margins":"enable","ocean_add_body_class":"","ocean_shortcode_before_top_bar":"","ocean_shortcode_after_top_bar":"","ocean_shortcode_before_header":"","ocean_shortcode_after_header":"","ocean_has_shortcode":"","ocean_shortcode_after_title":"","ocean_shortcode_before_footer_widgets":"","ocean_shortcode_after_footer_widgets":"","ocean_shortcode_before_footer_bottom":"","ocean_shortcode_after_footer_bottom":"","ocean_display_top_bar":"off","ocean_display_header":"default","ocean_header_style":"","ocean_center_header_left_menu":"","ocean_custom_header_template":"","ocean_custom_logo":0,"ocean_custom_retina_logo":0,"ocean_custom_logo_max_width":0,"ocean_custom_logo_tablet_max_width":0,"ocean_custom_logo_mobile_max_width":0,"ocean_custom_logo_max_height":0,"ocean_custom_logo_tablet_max_height":0,"ocean_custom_logo_mobile_max_height":0,"ocean_header_custom_menu":"","ocean_menu_typo_font_family":"","ocean_menu_typo_font_subset":"","ocean_menu_typo_font_size":0,"ocean_menu_typo_font_size_tablet":0,"ocean_menu_typo_font_size_mobile":0,"ocean_menu_typo_font_size_unit":"px","ocean_menu_typo_font_weight":"","ocean_menu_typo_font_weight_tablet":"","ocean_menu_typo_font_weight_mobile":"","ocean_menu_typo_transform":"","ocean_menu_typo_transform_tablet":"","ocean_menu_typo_transform_mobile":"","ocean_menu_typo_line_height":0,"ocean_menu_typo_line_height_tablet":0,"ocean_menu_typo_line_height_mobile":0,"ocean_menu_typo_line_height_unit":"","ocean_menu_typo_spacing":0,"ocean_menu_typo_spacing_tablet":0,"ocean_menu_typo_spacing_mobile":0,"ocean_menu_typo_spacing_unit":"","ocean_menu_link_color":"","ocean_menu_link_color_hover":"","ocean_menu_link_color_active":"","ocean_menu_link_background":"","ocean_menu_link_hover_background":"","ocean_menu_link_active_background":"","ocean_menu_social_links_bg":"","ocean_menu_social_hover_links_bg":"","ocean_menu_social_links_color":"","ocean_menu_social_hover_links_color":"","ocean_disable_title":"on","ocean_disable_heading":"default","ocean_post_title":"","ocean_post_subheading":"","ocean_post_title_style":"","ocean_post_title_background_color":"","ocean_post_title_background":0,"ocean_post_title_bg_image_position":"","ocean_post_title_bg_image_attachment":"","ocean_post_title_bg_image_repeat":"","ocean_post_title_bg_image_size":"","ocean_post_title_height":0,"ocean_post_title_bg_overlay":0.5,"ocean_post_title_bg_overlay_color":"","ocean_disable_breadcrumbs":"default","ocean_breadcrumbs_color":"","ocean_breadcrumbs_separator_color":"","ocean_breadcrumbs_links_color":"","ocean_breadcrumbs_links_hover_color":"","ocean_display_footer_widgets":"off","ocean_display_footer_bottom":"off","ocean_custom_footer_template":"","footnotes":""},"class_list":["post-1587","page","type-page","status-publish","hentry","entry"],"_links":{"self":[{"href":"https:\/\/rosafilo.com\/index.php?rest_route=\/wp\/v2\/pages\/1587","targetHints":{"allow":["GET"]}}],"collection":[{"href":"https:\/\/rosafilo.com\/index.php?rest_route=\/wp\/v2\/pages"}],"about":[{"href":"https:\/\/rosafilo.com\/index.php?rest_route=\/wp\/v2\/types\/page"}],"author":[{"embeddable":true,"href":"https:\/\/rosafilo.com\/index.php?rest_route=\/wp\/v2\/users\/1"}],"replies":[{"embeddable":true,"href":"https:\/\/rosafilo.com\/index.php?rest_route=%2Fwp%2Fv2%2Fcomments&post=1587"}],"version-history":[{"count":20,"href":"https:\/\/rosafilo.com\/index.php?rest_route=\/wp\/v2\/pages\/1587\/revisions"}],"predecessor-version":[{"id":5567,"href":"https:\/\/rosafilo.com\/index.php?rest_route=\/wp\/v2\/pages\/1587\/revisions\/5567"}],"up":[{"embeddable":true,"href":"https:\/\/rosafilo.com\/index.php?rest_route=\/wp\/v2\/pages\/947"}],"wp:attachment":[{"href":"https:\/\/rosafilo.com\/index.php?rest_route=%2Fwp%2Fv2%2Fmedia&parent=1587"}],"curies":[{"name":"wp","href":"https:\/\/api.w.org\/{rel}","templated":true}]}}