{"id":1660,"date":"2024-12-31T09:27:23","date_gmt":"2024-12-31T09:27:23","guid":{"rendered":"http:\/\/sokolsw.webd.pl\/rosafilo_test\/?page_id=1660"},"modified":"2026-02-10T11:39:20","modified_gmt":"2026-02-10T11:39:20","slug":"rozana-sol-z-platkami-rozy-i-olejkiem-rozanym","status":"publish","type":"page","link":"https:\/\/rosafilo.com\/?page_id=1660","title":{"rendered":"R\u00f3\u017cana S\u00f3l z P\u0142atkami R\u00f3\u017cy i Olejkiem R\u00f3\u017canym"},"content":{"rendered":"\t\t<div data-elementor-type=\"wp-page\" data-elementor-id=\"1660\" class=\"elementor elementor-1660\">\n\t\t\t\t<div class=\"elementor-element elementor-element-214acb7 e-con-full e-flex e-con e-parent\" data-id=\"214acb7\" data-element_type=\"container\">\n\t\t<div class=\"elementor-element elementor-element-be8df1d e-flex e-con-boxed e-con e-child\" data-id=\"be8df1d\" data-element_type=\"container\" data-settings=\"{&quot;background_background&quot;:&quot;classic&quot;}\">\n\t\t\t\t\t<div class=\"e-con-inner\">\n\t\t\t\t<div class=\"elementor-element elementor-element-56375d9 elementor-widget elementor-widget-heading\" data-id=\"56375d9\" data-element_type=\"widget\" data-widget_type=\"heading.default\">\n\t\t\t\t<div class=\"elementor-widget-container\">\n\t\t\t\t\t<h2 class=\"elementor-heading-title elementor-size-default\">R\u00f3\u017cana S\u00f3l z P\u0142atkami R\u00f3\u017cy i Olejkiem R\u00f3\u017canym<\/h2>\t\t\t\t<\/div>\n\t\t\t\t<\/div>\n\t\t\t\t\t<\/div>\n\t\t\t\t<\/div>\n\t\t<div class=\"elementor-element elementor-element-d378847 e-flex e-con-boxed e-con e-child\" data-id=\"d378847\" data-element_type=\"container\" data-settings=\"{&quot;background_background&quot;:&quot;classic&quot;}\">\n\t\t\t\t\t<div class=\"e-con-inner\">\n\t\t\t\t\t<\/div>\n\t\t\t\t<\/div>\n\t\t\t\t<\/div>\n\t\t<div class=\"elementor-element elementor-element-9647072 e-flex e-con-boxed e-con e-parent\" data-id=\"9647072\" data-element_type=\"container\">\n\t\t\t\t\t<div class=\"e-con-inner\">\n\t\t\t\t<div class=\"elementor-element elementor-element-348392e elementor-widget elementor-widget-spacer\" data-id=\"348392e\" data-element_type=\"widget\" data-widget_type=\"spacer.default\">\n\t\t\t\t<div class=\"elementor-widget-container\">\n\t\t\t\t\t\t\t<div class=\"elementor-spacer\">\n\t\t\t<div class=\"elementor-spacer-inner\"><\/div>\n\t\t<\/div>\n\t\t\t\t\t\t<\/div>\n\t\t\t\t<\/div>\n\t\t\t\t\t<\/div>\n\t\t\t\t<\/div>\n\t\t<div class=\"elementor-element elementor-element-bfd54a9 e-flex e-con-boxed e-con e-parent\" data-id=\"bfd54a9\" data-element_type=\"container\" data-settings=\"{&quot;background_background&quot;:&quot;classic&quot;}\">\n\t\t\t\t\t<div class=\"e-con-inner\">\n\t\t\t\t<div class=\"elementor-element elementor-element-7716f61 elementor-widget elementor-widget-image\" data-id=\"7716f61\" data-element_type=\"widget\" data-widget_type=\"image.default\">\n\t\t\t\t<div class=\"elementor-widget-container\">\n\t\t\t\t\t\t\t\t\t\t\t\t\t\t\t<img decoding=\"async\" width=\"150\" height=\"150\" src=\"https:\/\/rosafilo.com\/wp-content\/uploads\/2024\/12\/rosafilo-logo-wite-150x150.png\" class=\"attachment-thumbnail size-thumbnail wp-image-998\" alt=\"\" srcset=\"https:\/\/rosafilo.com\/wp-content\/uploads\/2024\/12\/rosafilo-logo-wite-150x150.png 150w, https:\/\/rosafilo.com\/wp-content\/uploads\/2024\/12\/rosafilo-logo-wite.png 296w\" sizes=\"(max-width: 150px) 100vw, 150px\" \/>\t\t\t\t\t\t\t\t\t\t\t\t\t\t\t<\/div>\n\t\t\t\t<\/div>\n\t\t\t\t<div class=\"elementor-element elementor-element-100b19b elementor-widget elementor-widget-text-editor\" data-id=\"100b19b\" data-element_type=\"widget\" data-widget_type=\"text-editor.default\">\n\t\t\t\t<div class=\"elementor-widget-container\">\n\t\t\t\t\t\t\t\t\t<p class=\"p1\">R\u00f3\u017cana s\u00f3l do k\u0105pieli to wyj\u0105tkowy produkt, kt\u00f3ry oferuje g\u0142\u0119bokie odpr\u0119\u017cenie i ukojenie dla cia\u0142a oraz zmys\u0142\u00f3w. Daj si\u0119 ponie\u015b\u0107 pi\u0119knym aromatom naturalnego olejku r\u00f3\u017canego, p\u0142atk\u00f3w r\u00f3\u017c i piwonii, kt\u00f3re sprawiaj\u0105, \u017ce ka\u017cda k\u0105piel staje si\u0119 niepowtarzalnym rytua\u0142em. Po\u0142\u0105czenie r\u00f3\u017cowej i czarnej soli himalajskiej, wzbogacone olejkami eterycznymi, dostarcza sk\u00f3rze cennych minera\u0142\u00f3w, pomagaj\u0105c w redukcji napi\u0119cia i stresu po intensywnym dniu. Pocz\u0105wszy od momentu wej\u015bcia do wanny, przeniesiesz si\u0119 do magicznego ogrodu r\u00f3\u017canego, a Twoje cia\u0142o zacznie relaksowa\u0107 si\u0119, a zm\u0119czenie ust\u0105pi miejsca regeneracji. R\u00f3\u017cana s\u00f3l do k\u0105pieli wyg\u0142adza zmarszczki, nawil\u017ca i przywraca j\u0119drno\u015b\u0107 sk\u00f3rze, czyni\u0105c j\u0105 bardziej elastyczn\u0105 i promienn\u0105. Zamie\u0144 swoj\u0105 \u0142azienk\u0119 w domowe SPA \u2013 po k\u0105pieli poczujesz si\u0119 od\u015bwie\u017cona, a Tw\u00f3j nastr\u00f3j znacznie si\u0119 poprawi, co wp\u0142ynie na Twoje pozytywne nastawienie do \u017cycia.<\/p>\t\t\t\t\t\t\t\t<\/div>\n\t\t\t\t<\/div>\n\t\t\t\t\t<\/div>\n\t\t\t\t<\/div>\n\t\t<div class=\"elementor-element elementor-element-61344d4 e-flex e-con-boxed e-con e-parent\" data-id=\"61344d4\" data-element_type=\"container\">\n\t\t\t\t\t<div class=\"e-con-inner\">\n\t\t\t\t<div class=\"elementor-element elementor-element-47cf93e elementor-widget__width-initial elementor-widget elementor-widget-text-editor\" data-id=\"47cf93e\" data-element_type=\"widget\" data-widget_type=\"text-editor.default\">\n\t\t\t\t<div class=\"elementor-widget-container\">\n\t\t\t\t\t\t\t\t\t<p class=\"p1\"><span style=\"color: #c6858d;\"><strong>POJEMNO\u015a\u0106:<br \/><\/strong><\/span>2500 ml, 5000 ml<\/p><p class=\"p1\"><strong><span style=\"color: #c6858d;\">TYP SK\u00d3RY:<br \/><\/span><\/strong>Produkt idealny dla os\u00f3b z cer\u0105 zm\u0119czon\u0105, tr\u0105dzikow\u0105, dzieci z \u0142uszczyc\u0105, atopowym zapaleniem sk\u00f3ry, grzybic\u0105, a tak\u017ce dla tych z problemami takimi jak nadmierne pocenie si\u0119 n\u00f3g, cellulit, kaszel, choroby staw\u00f3w czy urazy <strong>sportowe<\/strong>. S\u00f3l morska znajdzie r\u00f3wnie\u017c uznanie w\u015br\u00f3d sportowc\u00f3w poszukuj\u0105cych g\u0142\u0119bokiego relaksu.<\/p><p class=\"p1\"><strong><span style=\"color: #c6858d;\">DZIA\u0141ANIE:<\/span><\/strong> <br \/>oczyszczaj\u0105ce, relaksuj\u0105ce, przeciwzapalne oraz pobudzaj\u0105ce.<\/p><p class=\"p1\"><strong><span style=\"color: #c6858d;\">AKTYWNE SK\u0141ADNIKI:<br \/><\/span><\/strong>r\u00f3\u017cowa s\u00f3l himalajska, czarna s\u00f3l himalajska, p\u0142atki r\u00f3\u017c, olej migda\u0142owy oraz olejek r\u00f3\u017cany, tworz\u0105 idealn\u0105 kompozycj\u0119 zapewniaj\u0105c\u0105 kompleksow\u0105 piel\u0119gnacj\u0119 i regeneracj\u0119.<\/p><p class=\"p1\"><span style=\"color: #c6858d;\"><strong>SPOS\u00d3B U\u017bYCIA:<\/strong><\/span> <br \/>Wsypa\u0107 dwie gar\u015bci soli do k\u0105pieli do wanny pod strumie\u0144 ciep\u0142ej wody. Zalecany czas k\u0105pieli wynosi 15-20 minut.<\/p><p><span style=\"color: #c6858d;\"><strong>ZALETY PRODUKTU:<\/strong><\/span> <br \/>Dzi\u0119ki stosowaniu soli do k\u0105pieli r\u00f3\u017canej odnajdziesz harmoni\u0119, zredukowa\u0107 stres oraz poprawisz swoje samopoczucie, ciesz\u0105c si\u0119 ka\u017cdym wyj\u0105tkowym momentem w domowym SPA.<\/p><p><span style=\"color: #c6858d;\"><strong>INCI:<\/strong><\/span> <br \/><span class=\"s1\">Sodium Chloride (Himalayan Salt), Rosa Gallica (Rose) Flower, Paeonia Officinalis (Peony) Flower, Cocos Nucifera (Coconut) Oil, Vitis Vinifera (Grape) Seed Oil, Tocopherol (Vitamin E), Citrus Aurantium Bergamia (Bergamot) Peel Oil, Pelargonium Graveolens (Geranium) Flower Oil, Limonene*, Rosa Gallica (Rose) Flower Oil, Pogostemon Cablin (Patchouli) Leaf Oil, Cananga Odorata (Ylang Ylang) Flower Oil, Helianthus Annuus (Sunflower) Seed Oil, Linalool*, Citronellol*, Geraniol*.<\/span> <span class=\"s1\">Ingredients marked with asterisk are natural constitutents of the essential oils contained.<\/span><\/p>\t\t\t\t\t\t\t\t<\/div>\n\t\t\t\t<\/div>\n\t\t\t\t\t<\/div>\n\t\t\t\t<\/div>\n\t\t<div class=\"elementor-element elementor-element-690853a e-grid e-con-boxed e-con e-parent\" data-id=\"690853a\" data-element_type=\"container\">\n\t\t\t\t\t<div class=\"e-con-inner\">\n\t\t\t\t<div class=\"elementor-element elementor-element-405139a elementor-widget elementor-widget-image\" data-id=\"405139a\" data-element_type=\"widget\" data-widget_type=\"image.default\">\n\t\t\t\t<div class=\"elementor-widget-container\">\n\t\t\t\t\t\t\t\t\t\t\t\t\t\t\t<img fetchpriority=\"high\" decoding=\"async\" width=\"800\" height=\"533\" src=\"https:\/\/rosafilo.com\/wp-content\/uploads\/2024\/12\/salt-p-09.jpg\" class=\"attachment-large size-large wp-image-1698\" alt=\"\" srcset=\"https:\/\/rosafilo.com\/wp-content\/uploads\/2024\/12\/salt-p-09.jpg 800w, https:\/\/rosafilo.com\/wp-content\/uploads\/2024\/12\/salt-p-09-300x200.jpg 300w, https:\/\/rosafilo.com\/wp-content\/uploads\/2024\/12\/salt-p-09-768x512.jpg 768w\" sizes=\"(max-width: 800px) 100vw, 800px\" \/>\t\t\t\t\t\t\t\t\t\t\t\t\t\t\t<\/div>\n\t\t\t\t<\/div>\n\t\t\t\t<div class=\"elementor-element elementor-element-19aac86 elementor-widget elementor-widget-image\" data-id=\"19aac86\" data-element_type=\"widget\" data-widget_type=\"image.default\">\n\t\t\t\t<div class=\"elementor-widget-container\">\n\t\t\t\t\t\t\t\t\t\t\t\t\t\t\t<img decoding=\"async\" width=\"800\" height=\"533\" src=\"https:\/\/rosafilo.com\/wp-content\/uploads\/2024\/12\/salt-p-10.jpg\" class=\"attachment-large size-large wp-image-1700\" alt=\"\" srcset=\"https:\/\/rosafilo.com\/wp-content\/uploads\/2024\/12\/salt-p-10.jpg 800w, https:\/\/rosafilo.com\/wp-content\/uploads\/2024\/12\/salt-p-10-300x200.jpg 300w, https:\/\/rosafilo.com\/wp-content\/uploads\/2024\/12\/salt-p-10-768x512.jpg 768w\" sizes=\"(max-width: 800px) 100vw, 800px\" \/>\t\t\t\t\t\t\t\t\t\t\t\t\t\t\t<\/div>\n\t\t\t\t<\/div>\n\t\t\t\t\t<\/div>\n\t\t\t\t<\/div>\n\t\t<div class=\"elementor-element elementor-element-9581d25 e-flex e-con-boxed e-con e-parent\" data-id=\"9581d25\" data-element_type=\"container\">\n\t\t\t\t\t<div class=\"e-con-inner\">\n\t\t\t\t<div class=\"elementor-element elementor-element-fe8dc39 elementor-align-center elementor-widget elementor-widget-button\" data-id=\"fe8dc39\" data-element_type=\"widget\" data-widget_type=\"button.default\">\n\t\t\t\t<div class=\"elementor-widget-container\">\n\t\t\t\t\t\t\t\t\t<div class=\"elementor-button-wrapper\">\n\t\t\t\t\t<a class=\"elementor-button elementor-button-link elementor-size-sm\" href=\"https:\/\/rosafilo.com\/?page_id=951\">\n\t\t\t\t\t\t<span class=\"elementor-button-content-wrapper\">\n\t\t\t\t\t\t\t\t\t<span class=\"elementor-button-text\">POWR\u00d3T<\/span>\n\t\t\t\t\t<\/span>\n\t\t\t\t\t<\/a>\n\t\t\t\t<\/div>\n\t\t\t\t\t\t\t\t<\/div>\n\t\t\t\t<\/div>\n\t\t\t\t\t<\/div>\n\t\t\t\t<\/div>\n\t\t\t\t<\/div>\n\t\t","protected":false},"excerpt":{"rendered":"<p>R\u00f3\u017cana S\u00f3l z P\u0142atkami R\u00f3\u017cy i Olejkiem R\u00f3\u017canym R\u00f3\u017cana s\u00f3l do k\u0105pieli to wyj\u0105tkowy produkt, kt\u00f3ry oferuje g\u0142\u0119bokie odpr\u0119\u017cenie i ukojenie dla cia\u0142a oraz zmys\u0142\u00f3w. Daj si\u0119 ponie\u015b\u0107 pi\u0119knym aromatom naturalnego olejku r\u00f3\u017canego, p\u0142atk\u00f3w r\u00f3\u017c i piwonii, kt\u00f3re sprawiaj\u0105, \u017ce ka\u017cda k\u0105piel staje si\u0119 niepowtarzalnym rytua\u0142em. Po\u0142\u0105czenie r\u00f3\u017cowej i czarnej soli himalajskiej, wzbogacone olejkami eterycznymi, [&hellip;]<\/p>\n","protected":false},"author":1,"featured_media":0,"parent":951,"menu_order":0,"comment_status":"closed","ping_status":"closed","template":"elementor_header_footer","meta":{"ocean_post_layout":"full-screen","ocean_both_sidebars_style":"","ocean_both_sidebars_content_width":0,"ocean_both_sidebars_sidebars_width":0,"ocean_sidebar":"","ocean_second_sidebar":"","ocean_disable_margins":"enable","ocean_add_body_class":"","ocean_shortcode_before_top_bar":"","ocean_shortcode_after_top_bar":"","ocean_shortcode_before_header":"","ocean_shortcode_after_header":"","ocean_has_shortcode":"","ocean_shortcode_after_title":"","ocean_shortcode_before_footer_widgets":"","ocean_shortcode_after_footer_widgets":"","ocean_shortcode_before_footer_bottom":"","ocean_shortcode_after_footer_bottom":"","ocean_display_top_bar":"off","ocean_display_header":"default","ocean_header_style":"","ocean_center_header_left_menu":"","ocean_custom_header_template":"","ocean_custom_logo":0,"ocean_custom_retina_logo":0,"ocean_custom_logo_max_width":0,"ocean_custom_logo_tablet_max_width":0,"ocean_custom_logo_mobile_max_width":0,"ocean_custom_logo_max_height":0,"ocean_custom_logo_tablet_max_height":0,"ocean_custom_logo_mobile_max_height":0,"ocean_header_custom_menu":"","ocean_menu_typo_font_family":"","ocean_menu_typo_font_subset":"","ocean_menu_typo_font_size":0,"ocean_menu_typo_font_size_tablet":0,"ocean_menu_typo_font_size_mobile":0,"ocean_menu_typo_font_size_unit":"px","ocean_menu_typo_font_weight":"","ocean_menu_typo_font_weight_tablet":"","ocean_menu_typo_font_weight_mobile":"","ocean_menu_typo_transform":"","ocean_menu_typo_transform_tablet":"","ocean_menu_typo_transform_mobile":"","ocean_menu_typo_line_height":0,"ocean_menu_typo_line_height_tablet":0,"ocean_menu_typo_line_height_mobile":0,"ocean_menu_typo_line_height_unit":"","ocean_menu_typo_spacing":0,"ocean_menu_typo_spacing_tablet":0,"ocean_menu_typo_spacing_mobile":0,"ocean_menu_typo_spacing_unit":"","ocean_menu_link_color":"","ocean_menu_link_color_hover":"","ocean_menu_link_color_active":"","ocean_menu_link_background":"","ocean_menu_link_hover_background":"","ocean_menu_link_active_background":"","ocean_menu_social_links_bg":"","ocean_menu_social_hover_links_bg":"","ocean_menu_social_links_color":"","ocean_menu_social_hover_links_color":"","ocean_disable_title":"on","ocean_disable_heading":"default","ocean_post_title":"","ocean_post_subheading":"","ocean_post_title_style":"","ocean_post_title_background_color":"","ocean_post_title_background":0,"ocean_post_title_bg_image_position":"","ocean_post_title_bg_image_attachment":"","ocean_post_title_bg_image_repeat":"","ocean_post_title_bg_image_size":"","ocean_post_title_height":0,"ocean_post_title_bg_overlay":0.5,"ocean_post_title_bg_overlay_color":"","ocean_disable_breadcrumbs":"default","ocean_breadcrumbs_color":"","ocean_breadcrumbs_separator_color":"","ocean_breadcrumbs_links_color":"","ocean_breadcrumbs_links_hover_color":"","ocean_display_footer_widgets":"off","ocean_display_footer_bottom":"off","ocean_custom_footer_template":"","footnotes":""},"class_list":["post-1660","page","type-page","status-publish","hentry","entry"],"_links":{"self":[{"href":"https:\/\/rosafilo.com\/index.php?rest_route=\/wp\/v2\/pages\/1660","targetHints":{"allow":["GET"]}}],"collection":[{"href":"https:\/\/rosafilo.com\/index.php?rest_route=\/wp\/v2\/pages"}],"about":[{"href":"https:\/\/rosafilo.com\/index.php?rest_route=\/wp\/v2\/types\/page"}],"author":[{"embeddable":true,"href":"https:\/\/rosafilo.com\/index.php?rest_route=\/wp\/v2\/users\/1"}],"replies":[{"embeddable":true,"href":"https:\/\/rosafilo.com\/index.php?rest_route=%2Fwp%2Fv2%2Fcomments&post=1660"}],"version-history":[{"count":23,"href":"https:\/\/rosafilo.com\/index.php?rest_route=\/wp\/v2\/pages\/1660\/revisions"}],"predecessor-version":[{"id":5633,"href":"https:\/\/rosafilo.com\/index.php?rest_route=\/wp\/v2\/pages\/1660\/revisions\/5633"}],"up":[{"embeddable":true,"href":"https:\/\/rosafilo.com\/index.php?rest_route=\/wp\/v2\/pages\/951"}],"wp:attachment":[{"href":"https:\/\/rosafilo.com\/index.php?rest_route=%2Fwp%2Fv2%2Fmedia&parent=1660"}],"curies":[{"name":"wp","href":"https:\/\/api.w.org\/{rel}","templated":true}]}}