{"id":1662,"date":"2024-12-31T09:27:44","date_gmt":"2024-12-31T09:27:44","guid":{"rendered":"http:\/\/sokolsw.webd.pl\/rosafilo_test\/?page_id=1662"},"modified":"2026-02-10T11:37:51","modified_gmt":"2026-02-10T11:37:51","slug":"orientalna-sol","status":"publish","type":"page","link":"https:\/\/rosafilo.com\/?page_id=1662","title":{"rendered":"Orientalna S\u00f3l"},"content":{"rendered":"\t\t<div data-elementor-type=\"wp-page\" data-elementor-id=\"1662\" class=\"elementor elementor-1662\">\n\t\t\t\t<div class=\"elementor-element elementor-element-e954b3e e-con-full e-flex e-con e-parent\" data-id=\"e954b3e\" data-element_type=\"container\">\n\t\t<div class=\"elementor-element elementor-element-4400600 e-flex e-con-boxed e-con e-child\" data-id=\"4400600\" data-element_type=\"container\" data-settings=\"{&quot;background_background&quot;:&quot;classic&quot;}\">\n\t\t\t\t\t<div class=\"e-con-inner\">\n\t\t\t\t<div class=\"elementor-element elementor-element-7f12f7a elementor-widget elementor-widget-heading\" data-id=\"7f12f7a\" data-element_type=\"widget\" data-widget_type=\"heading.default\">\n\t\t\t\t<div class=\"elementor-widget-container\">\n\t\t\t\t\t<h2 class=\"elementor-heading-title elementor-size-default\">Orientalna S\u00f3l<\/h2>\t\t\t\t<\/div>\n\t\t\t\t<\/div>\n\t\t\t\t\t<\/div>\n\t\t\t\t<\/div>\n\t\t<div class=\"elementor-element elementor-element-d18cbbd e-flex e-con-boxed e-con e-child\" data-id=\"d18cbbd\" data-element_type=\"container\" data-settings=\"{&quot;background_background&quot;:&quot;classic&quot;}\">\n\t\t\t\t\t<div class=\"e-con-inner\">\n\t\t\t\t\t<\/div>\n\t\t\t\t<\/div>\n\t\t\t\t<\/div>\n\t\t<div class=\"elementor-element elementor-element-d0fe0a8 e-flex e-con-boxed e-con e-parent\" data-id=\"d0fe0a8\" data-element_type=\"container\">\n\t\t\t\t\t<div class=\"e-con-inner\">\n\t\t\t\t<div class=\"elementor-element elementor-element-e718dce elementor-widget elementor-widget-spacer\" data-id=\"e718dce\" data-element_type=\"widget\" data-widget_type=\"spacer.default\">\n\t\t\t\t<div class=\"elementor-widget-container\">\n\t\t\t\t\t\t\t<div class=\"elementor-spacer\">\n\t\t\t<div class=\"elementor-spacer-inner\"><\/div>\n\t\t<\/div>\n\t\t\t\t\t\t<\/div>\n\t\t\t\t<\/div>\n\t\t\t\t\t<\/div>\n\t\t\t\t<\/div>\n\t\t<div class=\"elementor-element elementor-element-991f5ee e-flex e-con-boxed e-con e-parent\" data-id=\"991f5ee\" data-element_type=\"container\" data-settings=\"{&quot;background_background&quot;:&quot;classic&quot;}\">\n\t\t\t\t\t<div class=\"e-con-inner\">\n\t\t\t\t<div class=\"elementor-element elementor-element-be05a45 elementor-widget elementor-widget-image\" data-id=\"be05a45\" data-element_type=\"widget\" data-widget_type=\"image.default\">\n\t\t\t\t<div class=\"elementor-widget-container\">\n\t\t\t\t\t\t\t\t\t\t\t\t\t\t\t<img decoding=\"async\" width=\"150\" height=\"150\" src=\"https:\/\/rosafilo.com\/wp-content\/uploads\/2024\/12\/rosafilo-logo-wite-150x150.png\" class=\"attachment-thumbnail size-thumbnail wp-image-998\" alt=\"\" srcset=\"https:\/\/rosafilo.com\/wp-content\/uploads\/2024\/12\/rosafilo-logo-wite-150x150.png 150w, https:\/\/rosafilo.com\/wp-content\/uploads\/2024\/12\/rosafilo-logo-wite.png 296w\" sizes=\"(max-width: 150px) 100vw, 150px\" \/>\t\t\t\t\t\t\t\t\t\t\t\t\t\t\t<\/div>\n\t\t\t\t<\/div>\n\t\t\t\t<div class=\"elementor-element elementor-element-38531e3 elementor-widget elementor-widget-text-editor\" data-id=\"38531e3\" data-element_type=\"widget\" data-widget_type=\"text-editor.default\">\n\t\t\t\t<div class=\"elementor-widget-container\">\n\t\t\t\t\t\t\t\t\t<p class=\"p1\">Orientalna s\u00f3l do k\u0105pieli to przyjemno\u015b\u0107 dla zmys\u0142\u00f3w, kt\u00f3ra relaksuje, a dzi\u0119ki wykorzystaniu naturalnych olejk\u00f3w, takich jak drzewo sanda\u0142owe, paczuli i niaouli, nasze codzienne zmartwienia odlatuj\u0105 jak ulotny zapach. Formu\u0142a oparta na r\u00f3\u017cowej soli himalajskiej, soli z Morza Martwego oraz olejkach eterycznych poprawia kr\u0105\u017cenie, co wspomaga redukcj\u0119 cellulitu. Sk\u00f3ra po k\u0105pieli staje si\u0119 g\u0142adka, nawil\u017cona i pe\u0142na blasku, a nastr\u00f3j o\u017cywia si\u0119.<\/p>\t\t\t\t\t\t\t\t<\/div>\n\t\t\t\t<\/div>\n\t\t\t\t\t<\/div>\n\t\t\t\t<\/div>\n\t\t<div class=\"elementor-element elementor-element-61293b0 e-flex e-con-boxed e-con e-parent\" data-id=\"61293b0\" data-element_type=\"container\">\n\t\t\t\t\t<div class=\"e-con-inner\">\n\t\t\t\t<div class=\"elementor-element elementor-element-978dc05 elementor-widget__width-initial elementor-widget elementor-widget-text-editor\" data-id=\"978dc05\" data-element_type=\"widget\" data-widget_type=\"text-editor.default\">\n\t\t\t\t<div class=\"elementor-widget-container\">\n\t\t\t\t\t\t\t\t\t<p class=\"p1\"><span style=\"color: #c6858d;\"><strong>POJEMNO\u015a\u0106:<br \/><\/strong><\/span>2500 ml, 5000 ml<\/p><p class=\"p1\"><strong><span style=\"color: #c6858d;\">TYP SK\u00d3RY:<br \/><\/span><\/strong>zm\u0119czona, sk\u0142onna do tr\u0105dziku, \u0142uszczycy, atopowego zapalenia sk\u00f3ry, grzybicy oraz inne problemy sk\u00f3rne.<\/p><p class=\"p1\"><strong><span style=\"color: #c6858d;\">DZIA\u0141ANIE:<\/span><\/strong> <br \/>uj\u0119drniaj\u0105ce, koj\u0105ce, przeciwzmarszczkowe, poprawiaj\u0105ce nastr\u00f3j.<\/p><p class=\"p1\"><strong><span style=\"color: #c6858d;\">AKTYWNE SK\u0141ADNIKI:<br \/><\/span><\/strong>r\u00f3\u017cowa s\u00f3l himalajska, s\u00f3l z Morza Martwego, olej paczuli, olej niaouli, olej migda\u0142owy.<\/p><p class=\"p1\"><span style=\"color: #c6858d;\"><strong>SPOS\u00d3B U\u017bYCIA:<\/strong><\/span> <br \/>Wsypa\u0107 dwie gar\u015bci soli do k\u0105pieli do wanny pod strumie\u0144 ciep\u0142ej wody. Zalecany czas k\u0105pieli wynosi 15-20 minut.<\/p><p><span style=\"color: #c6858d;\"><strong>ZALETY PRODUKTU:<\/strong><\/span> <br \/>Po k\u0105pieli poczujesz si\u0119 zrelaksowany, a Tw\u00f3j nastr\u00f3j si\u0119 poprawi.<\/p><p><span style=\"color: #c6858d;\"><strong>INCI:<\/strong><\/span> <br \/>Sodium Chloride (Himalayan Salt), Maris Sal (Dead Sea Salt), Cocos Nucifera (Coconut) Oil, Vitis Vinifera (Grape) Seed Oil, Tocopherol (Vitamin E), Limonene*, Amyris Balsamifera (Amyris) Bark Oil, Citrus Aurantium Dulcis (Orange) Peel Oil, Helianthus Annuus Seed Oil, Pogostemon Cablin (Patchouli) Leaf Oil, Melaleuca Viridiflora (Niaouli) Leaf Oil, Litsea Cubeba (May Chang) Fruit Oil, Citral*, Cedrus Atlantica (Cedarwood) Bark Oil, Cananga Odorata (Ylang Ylang) Flower Oil. <span class=\"s1\">Ingredients marked with asterisk are natural constitutents of the essential oils contained.<\/span><\/p>\t\t\t\t\t\t\t\t<\/div>\n\t\t\t\t<\/div>\n\t\t\t\t\t<\/div>\n\t\t\t\t<\/div>\n\t\t<div class=\"elementor-element elementor-element-6ef9a4c e-grid e-con-boxed e-con e-parent\" data-id=\"6ef9a4c\" data-element_type=\"container\">\n\t\t\t\t\t<div class=\"e-con-inner\">\n\t\t\t\t<div class=\"elementor-element elementor-element-808f7ce elementor-widget elementor-widget-image\" data-id=\"808f7ce\" data-element_type=\"widget\" data-widget_type=\"image.default\">\n\t\t\t\t<div class=\"elementor-widget-container\">\n\t\t\t\t\t\t\t\t\t\t\t\t\t\t\t<img fetchpriority=\"high\" decoding=\"async\" width=\"800\" height=\"533\" src=\"https:\/\/rosafilo.com\/wp-content\/uploads\/2024\/12\/salt-p-17.jpg\" class=\"attachment-large size-large wp-image-1722\" alt=\"\" srcset=\"https:\/\/rosafilo.com\/wp-content\/uploads\/2024\/12\/salt-p-17.jpg 800w, https:\/\/rosafilo.com\/wp-content\/uploads\/2024\/12\/salt-p-17-300x200.jpg 300w, https:\/\/rosafilo.com\/wp-content\/uploads\/2024\/12\/salt-p-17-768x512.jpg 768w\" sizes=\"(max-width: 800px) 100vw, 800px\" \/>\t\t\t\t\t\t\t\t\t\t\t\t\t\t\t<\/div>\n\t\t\t\t<\/div>\n\t\t\t\t<div class=\"elementor-element elementor-element-0bd64dc elementor-widget elementor-widget-image\" data-id=\"0bd64dc\" data-element_type=\"widget\" data-widget_type=\"image.default\">\n\t\t\t\t<div class=\"elementor-widget-container\">\n\t\t\t\t\t\t\t\t\t\t\t\t\t\t\t<img decoding=\"async\" width=\"800\" height=\"533\" src=\"https:\/\/rosafilo.com\/wp-content\/uploads\/2024\/12\/salt-p-18.jpg\" class=\"attachment-large size-large wp-image-1723\" alt=\"\" srcset=\"https:\/\/rosafilo.com\/wp-content\/uploads\/2024\/12\/salt-p-18.jpg 800w, https:\/\/rosafilo.com\/wp-content\/uploads\/2024\/12\/salt-p-18-300x200.jpg 300w, https:\/\/rosafilo.com\/wp-content\/uploads\/2024\/12\/salt-p-18-768x512.jpg 768w\" sizes=\"(max-width: 800px) 100vw, 800px\" \/>\t\t\t\t\t\t\t\t\t\t\t\t\t\t\t<\/div>\n\t\t\t\t<\/div>\n\t\t\t\t\t<\/div>\n\t\t\t\t<\/div>\n\t\t<div class=\"elementor-element elementor-element-409215a e-flex e-con-boxed e-con e-parent\" data-id=\"409215a\" data-element_type=\"container\">\n\t\t\t\t\t<div class=\"e-con-inner\">\n\t\t\t\t<div class=\"elementor-element elementor-element-d80bfa0 elementor-align-center elementor-widget elementor-widget-button\" data-id=\"d80bfa0\" data-element_type=\"widget\" data-widget_type=\"button.default\">\n\t\t\t\t<div class=\"elementor-widget-container\">\n\t\t\t\t\t\t\t\t\t<div class=\"elementor-button-wrapper\">\n\t\t\t\t\t<a class=\"elementor-button elementor-button-link elementor-size-sm\" href=\"https:\/\/rosafilo.com\/?page_id=951\">\n\t\t\t\t\t\t<span class=\"elementor-button-content-wrapper\">\n\t\t\t\t\t\t\t\t\t<span class=\"elementor-button-text\">POWR\u00d3T<\/span>\n\t\t\t\t\t<\/span>\n\t\t\t\t\t<\/a>\n\t\t\t\t<\/div>\n\t\t\t\t\t\t\t\t<\/div>\n\t\t\t\t<\/div>\n\t\t\t\t\t<\/div>\n\t\t\t\t<\/div>\n\t\t\t\t<\/div>\n\t\t","protected":false},"excerpt":{"rendered":"<p>Orientalna S\u00f3l Orientalna s\u00f3l do k\u0105pieli to przyjemno\u015b\u0107 dla zmys\u0142\u00f3w, kt\u00f3ra relaksuje, a dzi\u0119ki wykorzystaniu naturalnych olejk\u00f3w, takich jak drzewo sanda\u0142owe, paczuli i niaouli, nasze codzienne zmartwienia odlatuj\u0105 jak ulotny zapach. Formu\u0142a oparta na r\u00f3\u017cowej soli himalajskiej, soli z Morza Martwego oraz olejkach eterycznych poprawia kr\u0105\u017cenie, co wspomaga redukcj\u0119 cellulitu. Sk\u00f3ra po k\u0105pieli staje si\u0119 [&hellip;]<\/p>\n","protected":false},"author":1,"featured_media":0,"parent":951,"menu_order":0,"comment_status":"closed","ping_status":"closed","template":"elementor_header_footer","meta":{"ocean_post_layout":"full-screen","ocean_both_sidebars_style":"","ocean_both_sidebars_content_width":0,"ocean_both_sidebars_sidebars_width":0,"ocean_sidebar":"","ocean_second_sidebar":"","ocean_disable_margins":"enable","ocean_add_body_class":"","ocean_shortcode_before_top_bar":"","ocean_shortcode_after_top_bar":"","ocean_shortcode_before_header":"","ocean_shortcode_after_header":"","ocean_has_shortcode":"","ocean_shortcode_after_title":"","ocean_shortcode_before_footer_widgets":"","ocean_shortcode_after_footer_widgets":"","ocean_shortcode_before_footer_bottom":"","ocean_shortcode_after_footer_bottom":"","ocean_display_top_bar":"off","ocean_display_header":"default","ocean_header_style":"","ocean_center_header_left_menu":"","ocean_custom_header_template":"","ocean_custom_logo":0,"ocean_custom_retina_logo":0,"ocean_custom_logo_max_width":0,"ocean_custom_logo_tablet_max_width":0,"ocean_custom_logo_mobile_max_width":0,"ocean_custom_logo_max_height":0,"ocean_custom_logo_tablet_max_height":0,"ocean_custom_logo_mobile_max_height":0,"ocean_header_custom_menu":"","ocean_menu_typo_font_family":"","ocean_menu_typo_font_subset":"","ocean_menu_typo_font_size":0,"ocean_menu_typo_font_size_tablet":0,"ocean_menu_typo_font_size_mobile":0,"ocean_menu_typo_font_size_unit":"px","ocean_menu_typo_font_weight":"","ocean_menu_typo_font_weight_tablet":"","ocean_menu_typo_font_weight_mobile":"","ocean_menu_typo_transform":"","ocean_menu_typo_transform_tablet":"","ocean_menu_typo_transform_mobile":"","ocean_menu_typo_line_height":0,"ocean_menu_typo_line_height_tablet":0,"ocean_menu_typo_line_height_mobile":0,"ocean_menu_typo_line_height_unit":"","ocean_menu_typo_spacing":0,"ocean_menu_typo_spacing_tablet":0,"ocean_menu_typo_spacing_mobile":0,"ocean_menu_typo_spacing_unit":"","ocean_menu_link_color":"","ocean_menu_link_color_hover":"","ocean_menu_link_color_active":"","ocean_menu_link_background":"","ocean_menu_link_hover_background":"","ocean_menu_link_active_background":"","ocean_menu_social_links_bg":"","ocean_menu_social_hover_links_bg":"","ocean_menu_social_links_color":"","ocean_menu_social_hover_links_color":"","ocean_disable_title":"on","ocean_disable_heading":"default","ocean_post_title":"","ocean_post_subheading":"","ocean_post_title_style":"","ocean_post_title_background_color":"","ocean_post_title_background":0,"ocean_post_title_bg_image_position":"","ocean_post_title_bg_image_attachment":"","ocean_post_title_bg_image_repeat":"","ocean_post_title_bg_image_size":"","ocean_post_title_height":0,"ocean_post_title_bg_overlay":0.5,"ocean_post_title_bg_overlay_color":"","ocean_disable_breadcrumbs":"default","ocean_breadcrumbs_color":"","ocean_breadcrumbs_separator_color":"","ocean_breadcrumbs_links_color":"","ocean_breadcrumbs_links_hover_color":"","ocean_display_footer_widgets":"off","ocean_display_footer_bottom":"off","ocean_custom_footer_template":"","footnotes":""},"class_list":["post-1662","page","type-page","status-publish","hentry","entry"],"_links":{"self":[{"href":"https:\/\/rosafilo.com\/index.php?rest_route=\/wp\/v2\/pages\/1662","targetHints":{"allow":["GET"]}}],"collection":[{"href":"https:\/\/rosafilo.com\/index.php?rest_route=\/wp\/v2\/pages"}],"about":[{"href":"https:\/\/rosafilo.com\/index.php?rest_route=\/wp\/v2\/types\/page"}],"author":[{"embeddable":true,"href":"https:\/\/rosafilo.com\/index.php?rest_route=\/wp\/v2\/users\/1"}],"replies":[{"embeddable":true,"href":"https:\/\/rosafilo.com\/index.php?rest_route=%2Fwp%2Fv2%2Fcomments&post=1662"}],"version-history":[{"count":20,"href":"https:\/\/rosafilo.com\/index.php?rest_route=\/wp\/v2\/pages\/1662\/revisions"}],"predecessor-version":[{"id":5627,"href":"https:\/\/rosafilo.com\/index.php?rest_route=\/wp\/v2\/pages\/1662\/revisions\/5627"}],"up":[{"embeddable":true,"href":"https:\/\/rosafilo.com\/index.php?rest_route=\/wp\/v2\/pages\/951"}],"wp:attachment":[{"href":"https:\/\/rosafilo.com\/index.php?rest_route=%2Fwp%2Fv2%2Fmedia&parent=1662"}],"curies":[{"name":"wp","href":"https:\/\/api.w.org\/{rel}","templated":true}]}}