{"id":1836,"date":"2025-01-02T07:26:24","date_gmt":"2025-01-02T07:26:24","guid":{"rendered":"http:\/\/sokolsw.webd.pl\/rosafilo_test\/?page_id=1836"},"modified":"2026-02-09T10:06:30","modified_gmt":"2026-02-09T10:06:30","slug":"rozowa-wisnia-piling-cukrowy","status":"publish","type":"page","link":"https:\/\/rosafilo.com\/?page_id=1836","title":{"rendered":"R\u00f3\u017cowa Wi\u015bnia Piling Cukrowy"},"content":{"rendered":"\t\t<div data-elementor-type=\"wp-page\" data-elementor-id=\"1836\" class=\"elementor elementor-1836\">\n\t\t\t\t<div class=\"elementor-element elementor-element-1137ed7 e-con-full e-flex e-con e-parent\" data-id=\"1137ed7\" data-element_type=\"container\">\n\t\t<div class=\"elementor-element elementor-element-dd43711 e-flex e-con-boxed e-con e-child\" data-id=\"dd43711\" data-element_type=\"container\" data-settings=\"{&quot;background_background&quot;:&quot;classic&quot;}\">\n\t\t\t\t\t<div class=\"e-con-inner\">\n\t\t\t\t<div class=\"elementor-element elementor-element-9fc51aa elementor-widget elementor-widget-heading\" data-id=\"9fc51aa\" data-element_type=\"widget\" data-widget_type=\"heading.default\">\n\t\t\t\t<div class=\"elementor-widget-container\">\n\t\t\t\t\t<h2 class=\"elementor-heading-title elementor-size-default\">R\u00f3\u017cowa Wi\u015bnia Piling Cukrowy<\/h2>\t\t\t\t<\/div>\n\t\t\t\t<\/div>\n\t\t\t\t\t<\/div>\n\t\t\t\t<\/div>\n\t\t<div class=\"elementor-element elementor-element-46a9800 e-flex e-con-boxed e-con e-child\" data-id=\"46a9800\" data-element_type=\"container\" data-settings=\"{&quot;background_background&quot;:&quot;classic&quot;}\">\n\t\t\t\t\t<div class=\"e-con-inner\">\n\t\t\t\t\t<\/div>\n\t\t\t\t<\/div>\n\t\t\t\t<\/div>\n\t\t<div class=\"elementor-element elementor-element-c32a6e9 e-flex e-con-boxed e-con e-parent\" data-id=\"c32a6e9\" data-element_type=\"container\">\n\t\t\t\t\t<div class=\"e-con-inner\">\n\t\t\t\t<div class=\"elementor-element elementor-element-f8e20be elementor-widget elementor-widget-spacer\" data-id=\"f8e20be\" data-element_type=\"widget\" data-widget_type=\"spacer.default\">\n\t\t\t\t<div class=\"elementor-widget-container\">\n\t\t\t\t\t\t\t<div class=\"elementor-spacer\">\n\t\t\t<div class=\"elementor-spacer-inner\"><\/div>\n\t\t<\/div>\n\t\t\t\t\t\t<\/div>\n\t\t\t\t<\/div>\n\t\t\t\t\t<\/div>\n\t\t\t\t<\/div>\n\t\t<div class=\"elementor-element elementor-element-d13fc77 e-flex e-con-boxed e-con e-parent\" data-id=\"d13fc77\" data-element_type=\"container\" data-settings=\"{&quot;background_background&quot;:&quot;classic&quot;}\">\n\t\t\t\t\t<div class=\"e-con-inner\">\n\t\t\t\t<div class=\"elementor-element elementor-element-cbb5211 elementor-widget elementor-widget-image\" data-id=\"cbb5211\" data-element_type=\"widget\" data-widget_type=\"image.default\">\n\t\t\t\t<div class=\"elementor-widget-container\">\n\t\t\t\t\t\t\t\t\t\t\t\t\t\t\t<img decoding=\"async\" width=\"150\" height=\"150\" src=\"https:\/\/rosafilo.com\/wp-content\/uploads\/2024\/12\/rosafilo-logo-wite-150x150.png\" class=\"attachment-thumbnail size-thumbnail wp-image-998\" alt=\"\" srcset=\"https:\/\/rosafilo.com\/wp-content\/uploads\/2024\/12\/rosafilo-logo-wite-150x150.png 150w, https:\/\/rosafilo.com\/wp-content\/uploads\/2024\/12\/rosafilo-logo-wite.png 296w\" sizes=\"(max-width: 150px) 100vw, 150px\" \/>\t\t\t\t\t\t\t\t\t\t\t\t\t\t\t<\/div>\n\t\t\t\t<\/div>\n\t\t\t\t<div class=\"elementor-element elementor-element-a17d757 elementor-widget elementor-widget-text-editor\" data-id=\"a17d757\" data-element_type=\"widget\" data-widget_type=\"text-editor.default\">\n\t\t\t\t<div class=\"elementor-widget-container\">\n\t\t\t\t\t\t\t\t\t<p class=\"p1\">Odkryj moc g\u0142\u0119bokiego oczyszczenia i regeneracji z r\u00f3\u017cow\u0105 wi\u015bni\u0105 &#8211; cukrowym pilingiem, opartym na bogactwie naturalnych mase\u0142 i olej\u00f3w. Formu\u0142a wzbogacona mas\u0142em shea, mas\u0142em kakaowym oraz mas\u0142em jojoba w po\u0142\u0105czeniu z olejami, takimi jak olej z pestek wi\u015bni, olej krokoszowy oraz olej migda\u0142owy, zapewnia intensywne dzia\u0142anie nawil\u017caj\u0105ce i od\u017cywcze. Piling r\u00f3\u017cowa wi\u015bnia skutecznie regeneruje sk\u00f3r\u0119, przywracaj\u0105c jej blask i elastyczno\u015b\u0107 dzi\u0119ki w\u0142a\u015bciwo\u015bciom oleju z pestek wi\u015bni. Formu\u0142a doskonale zmi\u0119kcza i uj\u0119drnia sk\u00f3r\u0119, eliminuj\u0105c jednocze\u015bnie zrogowacenia. W\u0142a\u015bciwo\u015bci antyoksydacyjne, regeneracyjne oraz koj\u0105ce oleju wi\u015bniowego przyczyniaj\u0105 si\u0119 do poprawy kondycji sk\u00f3ry.<\/p>\t\t\t\t\t\t\t\t<\/div>\n\t\t\t\t<\/div>\n\t\t\t\t\t<\/div>\n\t\t\t\t<\/div>\n\t\t<div class=\"elementor-element elementor-element-6ccc429 e-flex e-con-boxed e-con e-parent\" data-id=\"6ccc429\" data-element_type=\"container\">\n\t\t\t\t\t<div class=\"e-con-inner\">\n\t\t\t\t<div class=\"elementor-element elementor-element-e5f6bc1 elementor-widget__width-initial elementor-widget elementor-widget-text-editor\" data-id=\"e5f6bc1\" data-element_type=\"widget\" data-widget_type=\"text-editor.default\">\n\t\t\t\t<div class=\"elementor-widget-container\">\n\t\t\t\t\t\t\t\t\t<p class=\"p1\"><span style=\"color: #c6858d;\"><strong>POJEMNO\u015a\u0106:<br \/><\/strong><\/span>100 ml<\/p><p class=\"p1\"><strong><span style=\"color: #c6858d;\">TYP SK\u00d3RY:<br \/><\/span><\/strong>dojrza\u0142a, mieszana, normalna, sucha, t\u0142usta, wra\u017cliwa.<\/p><p class=\"p1\"><strong><span style=\"color: #c6858d;\">DZIA\u0141ANIE:<\/span><\/strong> <br \/>anti-aging, nawil\u017caj\u0105ce, od\u017cywcze, uj\u0119drniaj\u0105ce, relaksuj\u0105ce.<\/p><p class=\"p1\"><strong><span style=\"color: #c6858d;\">AKTYWNE SK\u0141ADNIKI:<br \/><\/span><\/strong>mas\u0142a: kakaowe, shea, jojoba, oleje: z pestek wi\u015bni, migda\u0142owy, rycynowy, winogronowy, krokoszowy; glinka bia\u0142a, kwiat piwonii, macerat z nagietka, witamina E.<\/p><p class=\"p1\"><span style=\"color: #c6858d;\"><strong>SPOS\u00d3B U\u017bYCIA:<\/strong><\/span> <br \/>Na\u0142\u00f3\u017c piling na wilgotn\u0105 sk\u00f3r\u0119, wmasuj, sp\u0142ucz. Ciesz si\u0119 aromatyczn\u0105 i g\u0142adk\u0105 sk\u00f3r\u0105.<\/p><p><span style=\"color: #c6858d;\"><strong>ZALETY PRODUKTU:<\/strong><\/span> <br \/>Regularne stosowanie pilingu, wraz z masa\u017cem, stymuluje mikrokr\u0105\u017cenie, co jest kluczowe dla zachowania m\u0142odego, j\u0119drnego wygl\u0105du i detoksykacji sk\u00f3ry z niechcianych toksyn. Wysoka zawarto\u015b\u0107 witamin A, E oraz B sprawia, \u017ce nasz piling posiada silne w\u0142a\u015bciwo\u015bci przeciwzapalne oraz nawil\u017caj\u0105ce, stymuluj\u0105c naturalne procesy odbudowy sk\u00f3ry. Ciesz si\u0119 chwil\u0105 relaksu i piel\u0119gnacji dzi\u0119ki R\u00f3\u017cowej Wi\u015bni &#8211; pilingowi, kt\u00f3ry przyniesie Twojej sk\u00f3rze odnow\u0119 i blask!<\/p><p><span style=\"color: #c6858d;\"><strong>INCI:<\/strong><\/span> <br \/><span class=\"s1\">Sucrose (Sugar), Butyrospermum Parkii (Shea) Butter, Prunus Amygdalus Dulcis (Sweet Almond) Seed Oil, Carthamus Tinctorus (Safflower) Seed Oil, Vitis Vinifera (Grape) Seed Oil, Kaolin (White clay), Paeonia Officinalis (Peony) Flower, Ricinus Communis (Castor) Seed Oil, Prunus Cerasus (Cherry) Seed Oil, Simmondsia Chinensis (Jojoba) Seed Oil, Calendula Officinalis (Marigold) Flower Oil, Helianthus Annus Seed Oil (Sunflower), Tocopherol (Vitamin E), Parfum. <\/span><span class=\"s2\">Ingredients marked with asterisk are natural constitutents of the essential oils contained.<\/span><span class=\"s3\"><br \/><\/span><\/p>\t\t\t\t\t\t\t\t<\/div>\n\t\t\t\t<\/div>\n\t\t\t\t\t<\/div>\n\t\t\t\t<\/div>\n\t\t<div class=\"elementor-element elementor-element-72adbd5 e-grid e-con-boxed e-con e-parent\" data-id=\"72adbd5\" data-element_type=\"container\">\n\t\t\t\t\t<div class=\"e-con-inner\">\n\t\t\t\t<div class=\"elementor-element elementor-element-70038e7 elementor-widget elementor-widget-image\" data-id=\"70038e7\" data-element_type=\"widget\" data-widget_type=\"image.default\">\n\t\t\t\t<div class=\"elementor-widget-container\">\n\t\t\t\t\t\t\t\t\t\t\t\t\t\t\t<img fetchpriority=\"high\" decoding=\"async\" width=\"800\" height=\"533\" src=\"https:\/\/rosafilo.com\/wp-content\/uploads\/2025\/01\/scrub-p-57.jpg\" class=\"attachment-large size-large wp-image-2231\" alt=\"\" srcset=\"https:\/\/rosafilo.com\/wp-content\/uploads\/2025\/01\/scrub-p-57.jpg 800w, https:\/\/rosafilo.com\/wp-content\/uploads\/2025\/01\/scrub-p-57-300x200.jpg 300w, https:\/\/rosafilo.com\/wp-content\/uploads\/2025\/01\/scrub-p-57-768x512.jpg 768w\" sizes=\"(max-width: 800px) 100vw, 800px\" \/>\t\t\t\t\t\t\t\t\t\t\t\t\t\t\t<\/div>\n\t\t\t\t<\/div>\n\t\t\t\t<div class=\"elementor-element elementor-element-248fe24 elementor-widget elementor-widget-image\" data-id=\"248fe24\" data-element_type=\"widget\" data-widget_type=\"image.default\">\n\t\t\t\t<div class=\"elementor-widget-container\">\n\t\t\t\t\t\t\t\t\t\t\t\t\t\t\t<img decoding=\"async\" width=\"800\" height=\"533\" src=\"https:\/\/rosafilo.com\/wp-content\/uploads\/2025\/01\/scrub-16.jpg\" class=\"attachment-large size-large wp-image-1869\" alt=\"\" srcset=\"https:\/\/rosafilo.com\/wp-content\/uploads\/2025\/01\/scrub-16.jpg 800w, https:\/\/rosafilo.com\/wp-content\/uploads\/2025\/01\/scrub-16-300x200.jpg 300w, https:\/\/rosafilo.com\/wp-content\/uploads\/2025\/01\/scrub-16-768x512.jpg 768w\" sizes=\"(max-width: 800px) 100vw, 800px\" \/>\t\t\t\t\t\t\t\t\t\t\t\t\t\t\t<\/div>\n\t\t\t\t<\/div>\n\t\t\t\t\t<\/div>\n\t\t\t\t<\/div>\n\t\t<div class=\"elementor-element elementor-element-9ad8fb4 e-flex e-con-boxed e-con e-parent\" data-id=\"9ad8fb4\" data-element_type=\"container\">\n\t\t\t\t\t<div class=\"e-con-inner\">\n\t\t\t\t<div class=\"elementor-element elementor-element-a638ca4 elementor-align-center elementor-widget elementor-widget-button\" data-id=\"a638ca4\" data-element_type=\"widget\" data-widget_type=\"button.default\">\n\t\t\t\t<div class=\"elementor-widget-container\">\n\t\t\t\t\t\t\t\t\t<div class=\"elementor-button-wrapper\">\n\t\t\t\t\t<a class=\"elementor-button elementor-button-link elementor-size-sm\" href=\"https:\/\/rosafilo.com\/?page_id=1201\">\n\t\t\t\t\t\t<span class=\"elementor-button-content-wrapper\">\n\t\t\t\t\t\t\t\t\t<span class=\"elementor-button-text\">POWR\u00d3T<\/span>\n\t\t\t\t\t<\/span>\n\t\t\t\t\t<\/a>\n\t\t\t\t<\/div>\n\t\t\t\t\t\t\t\t<\/div>\n\t\t\t\t<\/div>\n\t\t\t\t\t<\/div>\n\t\t\t\t<\/div>\n\t\t\t\t<\/div>\n\t\t","protected":false},"excerpt":{"rendered":"<p>R\u00f3\u017cowa Wi\u015bnia Piling Cukrowy Odkryj moc g\u0142\u0119bokiego oczyszczenia i regeneracji z r\u00f3\u017cow\u0105 wi\u015bni\u0105 &#8211; cukrowym pilingiem, opartym na bogactwie naturalnych mase\u0142 i olej\u00f3w. Formu\u0142a wzbogacona mas\u0142em shea, mas\u0142em kakaowym oraz mas\u0142em jojoba w po\u0142\u0105czeniu z olejami, takimi jak olej z pestek wi\u015bni, olej krokoszowy oraz olej migda\u0142owy, zapewnia intensywne dzia\u0142anie nawil\u017caj\u0105ce i od\u017cywcze. Piling r\u00f3\u017cowa [&hellip;]<\/p>\n","protected":false},"author":1,"featured_media":0,"parent":1201,"menu_order":0,"comment_status":"closed","ping_status":"closed","template":"elementor_header_footer","meta":{"ocean_post_layout":"full-screen","ocean_both_sidebars_style":"","ocean_both_sidebars_content_width":0,"ocean_both_sidebars_sidebars_width":0,"ocean_sidebar":"","ocean_second_sidebar":"","ocean_disable_margins":"enable","ocean_add_body_class":"","ocean_shortcode_before_top_bar":"","ocean_shortcode_after_top_bar":"","ocean_shortcode_before_header":"","ocean_shortcode_after_header":"","ocean_has_shortcode":"","ocean_shortcode_after_title":"","ocean_shortcode_before_footer_widgets":"","ocean_shortcode_after_footer_widgets":"","ocean_shortcode_before_footer_bottom":"","ocean_shortcode_after_footer_bottom":"","ocean_display_top_bar":"off","ocean_display_header":"default","ocean_header_style":"","ocean_center_header_left_menu":"","ocean_custom_header_template":"","ocean_custom_logo":0,"ocean_custom_retina_logo":0,"ocean_custom_logo_max_width":0,"ocean_custom_logo_tablet_max_width":0,"ocean_custom_logo_mobile_max_width":0,"ocean_custom_logo_max_height":0,"ocean_custom_logo_tablet_max_height":0,"ocean_custom_logo_mobile_max_height":0,"ocean_header_custom_menu":"","ocean_menu_typo_font_family":"","ocean_menu_typo_font_subset":"","ocean_menu_typo_font_size":0,"ocean_menu_typo_font_size_tablet":0,"ocean_menu_typo_font_size_mobile":0,"ocean_menu_typo_font_size_unit":"px","ocean_menu_typo_font_weight":"","ocean_menu_typo_font_weight_tablet":"","ocean_menu_typo_font_weight_mobile":"","ocean_menu_typo_transform":"","ocean_menu_typo_transform_tablet":"","ocean_menu_typo_transform_mobile":"","ocean_menu_typo_line_height":0,"ocean_menu_typo_line_height_tablet":0,"ocean_menu_typo_line_height_mobile":0,"ocean_menu_typo_line_height_unit":"","ocean_menu_typo_spacing":0,"ocean_menu_typo_spacing_tablet":0,"ocean_menu_typo_spacing_mobile":0,"ocean_menu_typo_spacing_unit":"","ocean_menu_link_color":"","ocean_menu_link_color_hover":"","ocean_menu_link_color_active":"","ocean_menu_link_background":"","ocean_menu_link_hover_background":"","ocean_menu_link_active_background":"","ocean_menu_social_links_bg":"","ocean_menu_social_hover_links_bg":"","ocean_menu_social_links_color":"","ocean_menu_social_hover_links_color":"","ocean_disable_title":"on","ocean_disable_heading":"default","ocean_post_title":"","ocean_post_subheading":"","ocean_post_title_style":"","ocean_post_title_background_color":"","ocean_post_title_background":0,"ocean_post_title_bg_image_position":"","ocean_post_title_bg_image_attachment":"","ocean_post_title_bg_image_repeat":"","ocean_post_title_bg_image_size":"","ocean_post_title_height":0,"ocean_post_title_bg_overlay":0.5,"ocean_post_title_bg_overlay_color":"","ocean_disable_breadcrumbs":"default","ocean_breadcrumbs_color":"","ocean_breadcrumbs_separator_color":"","ocean_breadcrumbs_links_color":"","ocean_breadcrumbs_links_hover_color":"","ocean_display_footer_widgets":"off","ocean_display_footer_bottom":"off","ocean_custom_footer_template":"","footnotes":""},"class_list":["post-1836","page","type-page","status-publish","hentry","entry"],"_links":{"self":[{"href":"https:\/\/rosafilo.com\/index.php?rest_route=\/wp\/v2\/pages\/1836","targetHints":{"allow":["GET"]}}],"collection":[{"href":"https:\/\/rosafilo.com\/index.php?rest_route=\/wp\/v2\/pages"}],"about":[{"href":"https:\/\/rosafilo.com\/index.php?rest_route=\/wp\/v2\/types\/page"}],"author":[{"embeddable":true,"href":"https:\/\/rosafilo.com\/index.php?rest_route=\/wp\/v2\/users\/1"}],"replies":[{"embeddable":true,"href":"https:\/\/rosafilo.com\/index.php?rest_route=%2Fwp%2Fv2%2Fcomments&post=1836"}],"version-history":[{"count":20,"href":"https:\/\/rosafilo.com\/index.php?rest_route=\/wp\/v2\/pages\/1836\/revisions"}],"predecessor-version":[{"id":5296,"href":"https:\/\/rosafilo.com\/index.php?rest_route=\/wp\/v2\/pages\/1836\/revisions\/5296"}],"up":[{"embeddable":true,"href":"https:\/\/rosafilo.com\/index.php?rest_route=\/wp\/v2\/pages\/1201"}],"wp:attachment":[{"href":"https:\/\/rosafilo.com\/index.php?rest_route=%2Fwp%2Fv2%2Fmedia&parent=1836"}],"curies":[{"name":"wp","href":"https:\/\/api.w.org\/{rel}","templated":true}]}}