{"id":1880,"date":"2025-01-02T08:24:50","date_gmt":"2025-01-02T08:24:50","guid":{"rendered":"http:\/\/sokolsw.webd.pl\/rosafilo_test\/?page_id=1880"},"modified":"2026-02-06T10:41:37","modified_gmt":"2026-02-06T10:41:37","slug":"mandarynkowo-waniliowe-ze-zlotem-maslo-do-ciala","status":"publish","type":"page","link":"https:\/\/rosafilo.com\/?page_id=1880","title":{"rendered":"Mandarynkowo Waniliowe ze Z\u0142otem Mas\u0142o do Cia\u0142a"},"content":{"rendered":"\t\t<div data-elementor-type=\"wp-page\" data-elementor-id=\"1880\" class=\"elementor elementor-1880\">\n\t\t\t\t<div class=\"elementor-element elementor-element-048041a e-con-full e-flex e-con e-parent\" data-id=\"048041a\" data-element_type=\"container\">\n\t\t<div class=\"elementor-element elementor-element-38c1225 e-flex e-con-boxed e-con e-child\" data-id=\"38c1225\" data-element_type=\"container\" data-settings=\"{&quot;background_background&quot;:&quot;classic&quot;}\">\n\t\t\t\t\t<div class=\"e-con-inner\">\n\t\t\t\t<div class=\"elementor-element elementor-element-9d53ff4 elementor-widget elementor-widget-heading\" data-id=\"9d53ff4\" data-element_type=\"widget\" data-widget_type=\"heading.default\">\n\t\t\t\t<div class=\"elementor-widget-container\">\n\t\t\t\t\t<h2 class=\"elementor-heading-title elementor-size-default\">Mandarynkowo Waniliowe ze Z\u0142otem Mas\u0142o do Cia\u0142a<\/h2>\t\t\t\t<\/div>\n\t\t\t\t<\/div>\n\t\t\t\t\t<\/div>\n\t\t\t\t<\/div>\n\t\t<div class=\"elementor-element elementor-element-74a111a e-flex e-con-boxed e-con e-child\" data-id=\"74a111a\" data-element_type=\"container\" data-settings=\"{&quot;background_background&quot;:&quot;classic&quot;}\">\n\t\t\t\t\t<div class=\"e-con-inner\">\n\t\t\t\t\t<\/div>\n\t\t\t\t<\/div>\n\t\t\t\t<\/div>\n\t\t<div class=\"elementor-element elementor-element-df818b7 e-flex e-con-boxed e-con e-parent\" data-id=\"df818b7\" data-element_type=\"container\">\n\t\t\t\t\t<div class=\"e-con-inner\">\n\t\t\t\t<div class=\"elementor-element elementor-element-47e11f1 elementor-widget elementor-widget-spacer\" data-id=\"47e11f1\" data-element_type=\"widget\" data-widget_type=\"spacer.default\">\n\t\t\t\t<div class=\"elementor-widget-container\">\n\t\t\t\t\t\t\t<div class=\"elementor-spacer\">\n\t\t\t<div class=\"elementor-spacer-inner\"><\/div>\n\t\t<\/div>\n\t\t\t\t\t\t<\/div>\n\t\t\t\t<\/div>\n\t\t\t\t\t<\/div>\n\t\t\t\t<\/div>\n\t\t<div class=\"elementor-element elementor-element-562dfe6 e-flex e-con-boxed e-con e-parent\" data-id=\"562dfe6\" data-element_type=\"container\" data-settings=\"{&quot;background_background&quot;:&quot;classic&quot;}\">\n\t\t\t\t\t<div class=\"e-con-inner\">\n\t\t\t\t<div class=\"elementor-element elementor-element-af0191b elementor-widget elementor-widget-image\" data-id=\"af0191b\" data-element_type=\"widget\" data-widget_type=\"image.default\">\n\t\t\t\t<div class=\"elementor-widget-container\">\n\t\t\t\t\t\t\t\t\t\t\t\t\t\t\t<img decoding=\"async\" width=\"150\" height=\"150\" src=\"https:\/\/rosafilo.com\/wp-content\/uploads\/2024\/12\/rosafilo-logo-wite-150x150.png\" class=\"attachment-thumbnail size-thumbnail wp-image-998\" alt=\"\" srcset=\"https:\/\/rosafilo.com\/wp-content\/uploads\/2024\/12\/rosafilo-logo-wite-150x150.png 150w, https:\/\/rosafilo.com\/wp-content\/uploads\/2024\/12\/rosafilo-logo-wite.png 296w\" sizes=\"(max-width: 150px) 100vw, 150px\" \/>\t\t\t\t\t\t\t\t\t\t\t\t\t\t\t<\/div>\n\t\t\t\t<\/div>\n\t\t\t\t<div class=\"elementor-element elementor-element-f9493c0 elementor-widget elementor-widget-text-editor\" data-id=\"f9493c0\" data-element_type=\"widget\" data-widget_type=\"text-editor.default\">\n\t\t\t\t<div class=\"elementor-widget-container\">\n\t\t\t\t\t\t\t\t\t<p class=\"p1\">Odkryj luksusow\u0105 piel\u0119gnacj\u0119 z mas\u0142em do cia\u0142a z mandarynk\u0105 i wanili\u0105, wzbogaconym z\u0142otem. Formu\u0142a ta \u0142\u0105czy g\u0142\u0119bokie nawil\u017cenie z wyj\u0105tkowymi w\u0142a\u015bciwo\u015bciami z\u0142ota, kt\u00f3re intensywnie od\u017cywia sk\u00f3r\u0119, sprawiaj\u0105c, \u017ce staje si\u0119 ona jedwabi\u015bcie g\u0142adka i elastyczna. Z\u0142oto dzia\u0142a jako naturalny \u015brodek bakteriob\u00f3jczy, efektywnie zw\u0119\u017caj\u0105c pory i przeciwdzia\u0142aj\u0105c infekcjom sk\u00f3rnym. Przyspiesza regeneracj\u0119, odm\u0142adza oraz rozja\u015bnia sk\u00f3r\u0119, a tak\u017ce stymuluje produkcj\u0119 kolagenu i elastyny. Dodatkowo, neutralizuje stres oksydacyjny, wspomaga rekonstrukcj\u0119 tkanek oraz op\u00f3\u017ania pojawienie si\u0119 zmarszczek.<\/p>\t\t\t\t\t\t\t\t<\/div>\n\t\t\t\t<\/div>\n\t\t\t\t\t<\/div>\n\t\t\t\t<\/div>\n\t\t<div class=\"elementor-element elementor-element-9db035a e-flex e-con-boxed e-con e-parent\" data-id=\"9db035a\" data-element_type=\"container\">\n\t\t\t\t\t<div class=\"e-con-inner\">\n\t\t\t\t<div class=\"elementor-element elementor-element-65f5cc9 elementor-widget__width-initial elementor-widget elementor-widget-text-editor\" data-id=\"65f5cc9\" data-element_type=\"widget\" data-widget_type=\"text-editor.default\">\n\t\t\t\t<div class=\"elementor-widget-container\">\n\t\t\t\t\t\t\t\t\t<p class=\"p1\"><span style=\"color: #c6858d;\"><strong>POJEMNO\u015a\u0106:<br \/><\/strong><\/span>100 ml<\/p><p class=\"p1\"><strong><span style=\"color: #c6858d;\">TYP SK\u00d3RY:<\/span><\/strong> <br \/>odpowiedni dla wszystkich typ\u00f3w sk\u00f3ry, ze szczeg\u00f3lnym uwzgl\u0119dnieniem sk\u00f3ry suchej i wra\u017cliwej.<\/p><p class=\"p1\"><strong><span style=\"color: #c6858d;\">DZIA\u0141ANIE:<\/span><\/strong> <br \/>nawil\u017caj\u0105ce, stymuluj\u0105ce syntez\u0119 kolagenu i elastyny, spowalniaj\u0105ce proces starzenia si\u0119 sk\u00f3ry.<\/p><p class=\"p1\"><strong><span style=\"color: #c6858d;\">AKTYWNE SK\u0141ADNIKI:<br \/><\/span><\/strong>mas\u0142o shea, olej babassu, olej kokosowy, mas\u0142o kakaowe, olej makadamia, olej jojoba, py\u0142 z\u0142oty, olej mandarynkowy, olej waniliowy.<\/p><p class=\"p1\"><span style=\"color: #c6858d;\"><strong>SPOS\u00d3B U\u017bYCIA:<\/strong><\/span> <br \/>Na\u0142\u00f3\u017c niewielk\u0105 ilo\u015b\u0107 mas\u0142a na d\u0142onie, rozgrzej w palcach i wmasuj w wybrane obszary cia\u0142a przy u\u017cyciu technik masa\u017cu.<\/p><p><span style=\"color: #c6858d;\"><strong>ZALETY PRODUKTU:<\/strong><\/span> <br \/>Po zastosowaniu mas\u0142a sk\u00f3ra zyskuje naturalny blask, staje si\u0119 promienna i pe\u0142na zdrowego wygl\u0105du. Przekonaj si\u0119 o wyj\u0105tkowym po\u0142\u0105czeniu luksusu i zdrowia, kt\u00f3re odmieni Twoj\u0105 codzienn\u0105 piel\u0119gnacj\u0119!<\/p><p><span style=\"color: #c6858d;\"><strong>INCI:<\/strong><\/span> <br \/><span class=\"s1\">Butyrospermum Parkii Butter, Attalea Speciosa Seed Oil, Cocos Nucifera Oil, Prunus Amygdalus Dulcis Oil, Theobroma Cacao Seed Butter, Olea Europaea Fruit Oil, Oryza Sativa Bran Oil, Prunus Armeniaca Kernel Oil, Vitis Vinifera Seed Oil, Hydrogenated Vegetable Oil, Simmondsia Chinensis Seed Oil, Limonene*, Citrus Nobilis Peel Oil, Vanilla Planifolia Fruit Extract, Citrus Aurantium Dulcis Peel Oil, Illicium Verum Fruit Oil, Tocopherol, Pogostemon Cablin Leaf Oil, Rosa Gallica Flower Extract, Citronellol*, Geraniol*, Helianthus Annuus Seed Oil, Eugenol*, Benzyl Alcohol*, Linalool*, Gold. <\/span><span class=\"s2\">Ingredients marked with asterisk are natural constitutents of the essential oils contained.<\/span><\/p>\t\t\t\t\t\t\t\t<\/div>\n\t\t\t\t<\/div>\n\t\t\t\t\t<\/div>\n\t\t\t\t<\/div>\n\t\t<div class=\"elementor-element elementor-element-49a1176 e-grid e-con-boxed e-con e-parent\" data-id=\"49a1176\" data-element_type=\"container\">\n\t\t\t\t\t<div class=\"e-con-inner\">\n\t\t\t\t<div class=\"elementor-element elementor-element-0d041bb elementor-widget elementor-widget-image\" data-id=\"0d041bb\" data-element_type=\"widget\" data-widget_type=\"image.default\">\n\t\t\t\t<div class=\"elementor-widget-container\">\n\t\t\t\t\t\t\t\t\t\t\t\t\t\t\t<img fetchpriority=\"high\" decoding=\"async\" width=\"800\" height=\"533\" src=\"https:\/\/rosafilo.com\/wp-content\/uploads\/2024\/12\/butter-p-11.jpg\" class=\"attachment-large size-large wp-image-1517\" alt=\"\" srcset=\"https:\/\/rosafilo.com\/wp-content\/uploads\/2024\/12\/butter-p-11.jpg 800w, https:\/\/rosafilo.com\/wp-content\/uploads\/2024\/12\/butter-p-11-300x200.jpg 300w, https:\/\/rosafilo.com\/wp-content\/uploads\/2024\/12\/butter-p-11-768x512.jpg 768w\" sizes=\"(max-width: 800px) 100vw, 800px\" \/>\t\t\t\t\t\t\t\t\t\t\t\t\t\t\t<\/div>\n\t\t\t\t<\/div>\n\t\t\t\t<div class=\"elementor-element elementor-element-214cccc elementor-widget elementor-widget-image\" data-id=\"214cccc\" data-element_type=\"widget\" data-widget_type=\"image.default\">\n\t\t\t\t<div class=\"elementor-widget-container\">\n\t\t\t\t\t\t\t\t\t\t\t\t\t\t\t<img decoding=\"async\" width=\"800\" height=\"533\" src=\"https:\/\/rosafilo.com\/wp-content\/uploads\/2025\/01\/butter-13.jpg\" class=\"attachment-large size-large wp-image-1898\" alt=\"\" srcset=\"https:\/\/rosafilo.com\/wp-content\/uploads\/2025\/01\/butter-13.jpg 800w, https:\/\/rosafilo.com\/wp-content\/uploads\/2025\/01\/butter-13-300x200.jpg 300w, https:\/\/rosafilo.com\/wp-content\/uploads\/2025\/01\/butter-13-768x512.jpg 768w\" sizes=\"(max-width: 800px) 100vw, 800px\" \/>\t\t\t\t\t\t\t\t\t\t\t\t\t\t\t<\/div>\n\t\t\t\t<\/div>\n\t\t\t\t\t<\/div>\n\t\t\t\t<\/div>\n\t\t<div class=\"elementor-element elementor-element-d2df3a4 e-flex e-con-boxed e-con e-parent\" data-id=\"d2df3a4\" data-element_type=\"container\">\n\t\t\t\t\t<div class=\"e-con-inner\">\n\t\t\t\t<div class=\"elementor-element elementor-element-0e26061 elementor-align-center elementor-widget elementor-widget-button\" data-id=\"0e26061\" data-element_type=\"widget\" data-widget_type=\"button.default\">\n\t\t\t\t<div class=\"elementor-widget-container\">\n\t\t\t\t\t\t\t\t\t<div class=\"elementor-button-wrapper\">\n\t\t\t\t\t<a class=\"elementor-button elementor-button-link elementor-size-sm\" href=\"https:\/\/rosafilo.com\/?page_id=1203\">\n\t\t\t\t\t\t<span class=\"elementor-button-content-wrapper\">\n\t\t\t\t\t\t\t\t\t<span class=\"elementor-button-text\">POWR\u00d3T<\/span>\n\t\t\t\t\t<\/span>\n\t\t\t\t\t<\/a>\n\t\t\t\t<\/div>\n\t\t\t\t\t\t\t\t<\/div>\n\t\t\t\t<\/div>\n\t\t\t\t\t<\/div>\n\t\t\t\t<\/div>\n\t\t\t\t<\/div>\n\t\t","protected":false},"excerpt":{"rendered":"<p>Mandarynkowo Waniliowe ze Z\u0142otem Mas\u0142o do Cia\u0142a Odkryj luksusow\u0105 piel\u0119gnacj\u0119 z mas\u0142em do cia\u0142a z mandarynk\u0105 i wanili\u0105, wzbogaconym z\u0142otem. Formu\u0142a ta \u0142\u0105czy g\u0142\u0119bokie nawil\u017cenie z wyj\u0105tkowymi w\u0142a\u015bciwo\u015bciami z\u0142ota, kt\u00f3re intensywnie od\u017cywia sk\u00f3r\u0119, sprawiaj\u0105c, \u017ce staje si\u0119 ona jedwabi\u015bcie g\u0142adka i elastyczna. Z\u0142oto dzia\u0142a jako naturalny \u015brodek bakteriob\u00f3jczy, efektywnie zw\u0119\u017caj\u0105c pory i przeciwdzia\u0142aj\u0105c infekcjom sk\u00f3rnym. [&hellip;]<\/p>\n","protected":false},"author":1,"featured_media":0,"parent":1203,"menu_order":0,"comment_status":"closed","ping_status":"closed","template":"elementor_header_footer","meta":{"ocean_post_layout":"full-screen","ocean_both_sidebars_style":"","ocean_both_sidebars_content_width":0,"ocean_both_sidebars_sidebars_width":0,"ocean_sidebar":"","ocean_second_sidebar":"","ocean_disable_margins":"enable","ocean_add_body_class":"","ocean_shortcode_before_top_bar":"","ocean_shortcode_after_top_bar":"","ocean_shortcode_before_header":"","ocean_shortcode_after_header":"","ocean_has_shortcode":"","ocean_shortcode_after_title":"","ocean_shortcode_before_footer_widgets":"","ocean_shortcode_after_footer_widgets":"","ocean_shortcode_before_footer_bottom":"","ocean_shortcode_after_footer_bottom":"","ocean_display_top_bar":"off","ocean_display_header":"default","ocean_header_style":"","ocean_center_header_left_menu":"","ocean_custom_header_template":"","ocean_custom_logo":0,"ocean_custom_retina_logo":0,"ocean_custom_logo_max_width":0,"ocean_custom_logo_tablet_max_width":0,"ocean_custom_logo_mobile_max_width":0,"ocean_custom_logo_max_height":0,"ocean_custom_logo_tablet_max_height":0,"ocean_custom_logo_mobile_max_height":0,"ocean_header_custom_menu":"","ocean_menu_typo_font_family":"","ocean_menu_typo_font_subset":"","ocean_menu_typo_font_size":0,"ocean_menu_typo_font_size_tablet":0,"ocean_menu_typo_font_size_mobile":0,"ocean_menu_typo_font_size_unit":"px","ocean_menu_typo_font_weight":"","ocean_menu_typo_font_weight_tablet":"","ocean_menu_typo_font_weight_mobile":"","ocean_menu_typo_transform":"","ocean_menu_typo_transform_tablet":"","ocean_menu_typo_transform_mobile":"","ocean_menu_typo_line_height":0,"ocean_menu_typo_line_height_tablet":0,"ocean_menu_typo_line_height_mobile":0,"ocean_menu_typo_line_height_unit":"","ocean_menu_typo_spacing":0,"ocean_menu_typo_spacing_tablet":0,"ocean_menu_typo_spacing_mobile":0,"ocean_menu_typo_spacing_unit":"","ocean_menu_link_color":"","ocean_menu_link_color_hover":"","ocean_menu_link_color_active":"","ocean_menu_link_background":"","ocean_menu_link_hover_background":"","ocean_menu_link_active_background":"","ocean_menu_social_links_bg":"","ocean_menu_social_hover_links_bg":"","ocean_menu_social_links_color":"","ocean_menu_social_hover_links_color":"","ocean_disable_title":"on","ocean_disable_heading":"default","ocean_post_title":"","ocean_post_subheading":"","ocean_post_title_style":"","ocean_post_title_background_color":"","ocean_post_title_background":0,"ocean_post_title_bg_image_position":"","ocean_post_title_bg_image_attachment":"","ocean_post_title_bg_image_repeat":"","ocean_post_title_bg_image_size":"","ocean_post_title_height":0,"ocean_post_title_bg_overlay":0.5,"ocean_post_title_bg_overlay_color":"","ocean_disable_breadcrumbs":"default","ocean_breadcrumbs_color":"","ocean_breadcrumbs_separator_color":"","ocean_breadcrumbs_links_color":"","ocean_breadcrumbs_links_hover_color":"","ocean_display_footer_widgets":"off","ocean_display_footer_bottom":"off","ocean_custom_footer_template":"","footnotes":""},"class_list":["post-1880","page","type-page","status-publish","hentry","entry"],"_links":{"self":[{"href":"https:\/\/rosafilo.com\/index.php?rest_route=\/wp\/v2\/pages\/1880","targetHints":{"allow":["GET"]}}],"collection":[{"href":"https:\/\/rosafilo.com\/index.php?rest_route=\/wp\/v2\/pages"}],"about":[{"href":"https:\/\/rosafilo.com\/index.php?rest_route=\/wp\/v2\/types\/page"}],"author":[{"embeddable":true,"href":"https:\/\/rosafilo.com\/index.php?rest_route=\/wp\/v2\/users\/1"}],"replies":[{"embeddable":true,"href":"https:\/\/rosafilo.com\/index.php?rest_route=%2Fwp%2Fv2%2Fcomments&post=1880"}],"version-history":[{"count":14,"href":"https:\/\/rosafilo.com\/index.php?rest_route=\/wp\/v2\/pages\/1880\/revisions"}],"predecessor-version":[{"id":5260,"href":"https:\/\/rosafilo.com\/index.php?rest_route=\/wp\/v2\/pages\/1880\/revisions\/5260"}],"up":[{"embeddable":true,"href":"https:\/\/rosafilo.com\/index.php?rest_route=\/wp\/v2\/pages\/1203"}],"wp:attachment":[{"href":"https:\/\/rosafilo.com\/index.php?rest_route=%2Fwp%2Fv2%2Fmedia&parent=1880"}],"curies":[{"name":"wp","href":"https:\/\/api.w.org\/{rel}","templated":true}]}}