{"id":1884,"date":"2025-01-02T08:25:30","date_gmt":"2025-01-02T08:25:30","guid":{"rendered":"http:\/\/sokolsw.webd.pl\/rosafilo_test\/?page_id=1884"},"modified":"2026-02-06T10:52:47","modified_gmt":"2026-02-06T10:52:47","slug":"relaksujace-maslo-z-trawa-cytrynowa-do-ciala","status":"publish","type":"page","link":"https:\/\/rosafilo.com\/?page_id=1884","title":{"rendered":"Relaksuj\u0105ce Mas\u0142o z Traw\u0105 Cytrynowa do Cia\u0142a"},"content":{"rendered":"\t\t<div data-elementor-type=\"wp-page\" data-elementor-id=\"1884\" class=\"elementor elementor-1884\">\n\t\t\t\t<div class=\"elementor-element elementor-element-9eb2921 e-con-full e-flex e-con e-parent\" data-id=\"9eb2921\" data-element_type=\"container\">\n\t\t<div class=\"elementor-element elementor-element-bdff6b4 e-flex e-con-boxed e-con e-child\" data-id=\"bdff6b4\" data-element_type=\"container\" data-settings=\"{&quot;background_background&quot;:&quot;classic&quot;}\">\n\t\t\t\t\t<div class=\"e-con-inner\">\n\t\t\t\t<div class=\"elementor-element elementor-element-1aaff67 elementor-widget elementor-widget-heading\" data-id=\"1aaff67\" data-element_type=\"widget\" data-widget_type=\"heading.default\">\n\t\t\t\t<div class=\"elementor-widget-container\">\n\t\t\t\t\t<h2 class=\"elementor-heading-title elementor-size-default\">Relaksuj\u0105ce z Traw\u0105 Cytrynow\u0105 Mas\u0142o do Cia\u0142a<\/h2>\t\t\t\t<\/div>\n\t\t\t\t<\/div>\n\t\t\t\t\t<\/div>\n\t\t\t\t<\/div>\n\t\t<div class=\"elementor-element elementor-element-d496d0e e-flex e-con-boxed e-con e-child\" data-id=\"d496d0e\" data-element_type=\"container\" data-settings=\"{&quot;background_background&quot;:&quot;classic&quot;}\">\n\t\t\t\t\t<div class=\"e-con-inner\">\n\t\t\t\t\t<\/div>\n\t\t\t\t<\/div>\n\t\t\t\t<\/div>\n\t\t<div class=\"elementor-element elementor-element-13a3e41 e-flex e-con-boxed e-con e-parent\" data-id=\"13a3e41\" data-element_type=\"container\">\n\t\t\t\t\t<div class=\"e-con-inner\">\n\t\t\t\t<div class=\"elementor-element elementor-element-a2b14cf elementor-widget elementor-widget-spacer\" data-id=\"a2b14cf\" data-element_type=\"widget\" data-widget_type=\"spacer.default\">\n\t\t\t\t<div class=\"elementor-widget-container\">\n\t\t\t\t\t\t\t<div class=\"elementor-spacer\">\n\t\t\t<div class=\"elementor-spacer-inner\"><\/div>\n\t\t<\/div>\n\t\t\t\t\t\t<\/div>\n\t\t\t\t<\/div>\n\t\t\t\t\t<\/div>\n\t\t\t\t<\/div>\n\t\t<div class=\"elementor-element elementor-element-25f02b6 e-flex e-con-boxed e-con e-parent\" data-id=\"25f02b6\" data-element_type=\"container\" data-settings=\"{&quot;background_background&quot;:&quot;classic&quot;}\">\n\t\t\t\t\t<div class=\"e-con-inner\">\n\t\t\t\t<div class=\"elementor-element elementor-element-230d406 elementor-widget elementor-widget-image\" data-id=\"230d406\" data-element_type=\"widget\" data-widget_type=\"image.default\">\n\t\t\t\t<div class=\"elementor-widget-container\">\n\t\t\t\t\t\t\t\t\t\t\t\t\t\t\t<img decoding=\"async\" width=\"150\" height=\"150\" src=\"https:\/\/rosafilo.com\/wp-content\/uploads\/2024\/12\/rosafilo-logo-wite-150x150.png\" class=\"attachment-thumbnail size-thumbnail wp-image-998\" alt=\"\" srcset=\"https:\/\/rosafilo.com\/wp-content\/uploads\/2024\/12\/rosafilo-logo-wite-150x150.png 150w, https:\/\/rosafilo.com\/wp-content\/uploads\/2024\/12\/rosafilo-logo-wite.png 296w\" sizes=\"(max-width: 150px) 100vw, 150px\" \/>\t\t\t\t\t\t\t\t\t\t\t\t\t\t\t<\/div>\n\t\t\t\t<\/div>\n\t\t\t\t<div class=\"elementor-element elementor-element-013a520 elementor-widget elementor-widget-text-editor\" data-id=\"013a520\" data-element_type=\"widget\" data-widget_type=\"text-editor.default\">\n\t\t\t\t<div class=\"elementor-widget-container\">\n\t\t\t\t\t\t\t\t\t<p class=\"p1\">Relaksuj\u0105ce mas\u0142o do cia\u0142a z kokosem i traw\u0105 cytrynow\u0105 to po\u0142\u0105czenie orze\u017awiaj\u0105cego zapachu i bogatego sk\u0142adu, kt\u00f3ry dostarcza sk\u00f3rze niezwyk\u0142ych sk\u0142adnik\u00f3w od\u017cywczych. Jest to idealne rozwi\u0105zanie dla sk\u00f3ry suchej oraz zm\u0119czonej. Dzi\u0119ki zastosowaniu olej\u00f3w (babassu i kokosowego) oraz mas\u0142om (aloesowemu i shea), nasze mas\u0142o skutecznie nawil\u017ca, od\u017cywia i regeneruje sk\u00f3r\u0119, pozostawiaj\u0105c j\u0105 jednocze\u015bnie otulon\u0105 subtelnym aromatem.<\/p>\t\t\t\t\t\t\t\t<\/div>\n\t\t\t\t<\/div>\n\t\t\t\t\t<\/div>\n\t\t\t\t<\/div>\n\t\t<div class=\"elementor-element elementor-element-adc27ac e-flex e-con-boxed e-con e-parent\" data-id=\"adc27ac\" data-element_type=\"container\">\n\t\t\t\t\t<div class=\"e-con-inner\">\n\t\t\t\t<div class=\"elementor-element elementor-element-c168034 elementor-widget__width-initial elementor-widget elementor-widget-text-editor\" data-id=\"c168034\" data-element_type=\"widget\" data-widget_type=\"text-editor.default\">\n\t\t\t\t<div class=\"elementor-widget-container\">\n\t\t\t\t\t\t\t\t\t<p class=\"p1\"><span style=\"color: #c6858d;\"><strong>POJEMNO\u015a\u0106:<br \/><\/strong><\/span>100 ml<\/p><p class=\"p1\"><strong><span style=\"color: #c6858d;\">TYP SK\u00d3RY:<\/span><\/strong> <br \/>normalna, sucha, zm\u0119czona, starzej\u0105ca si\u0119.<\/p><p class=\"p1\"><strong><span style=\"color: #c6858d;\">DZIA\u0141ANIE:<\/span><\/strong> <br \/>nawil\u017caj\u0105ce, od\u017cywiaj\u0105ce, relaksuj\u0105ce, regeneruj\u0105ce.<\/p><p class=\"p1\"><strong><span style=\"color: #c6858d;\">AKTYWNE SK\u0141ADNIKI:<br \/><\/span><\/strong>olej kokosowy, olej makadamia, mas\u0142o shea, olejek z trawy cytrynowej.<\/p><p class=\"p1\"><span style=\"color: #c6858d;\"><strong>SPOS\u00d3B U\u017bYCIA:<\/strong><\/span> <br \/>Na\u0142\u00f3\u017c niewielk\u0105 ilo\u015b\u0107 mas\u0142a na d\u0142onie, rozgrzej w palcach i wmasuj w wybrane obszary cia\u0142a przy u\u017cyciu technik masa\u017cu.<\/p><p><span style=\"color: #c6858d;\"><strong>ZALETY PRODUKTU:<\/strong><\/span> <br \/>Po na\u0142o\u017ceniu mas\u0142a sk\u00f3ra staje si\u0119 mi\u0119kka, elastyczna i aksamitna w dotyku. Urokliwy zapach kokosu i trawy cytrynowej sprawia, \u017ce odzyskujemy radosny nastr\u00f3j na reszt\u0119 dnia.<\/p><p><span style=\"color: #c6858d;\"><strong>INCI:<\/strong><\/span> <br \/>Butyrospermum Parkii Butter, Cocos Nucifera Oil &amp; Aloe Barbadensis Leaf Extract, Attalea Speciosa Seed Oil, Helianthus Annuus Seed Oil, Macadamia Ternifolia Seed Oil, Vitis Vinifera Seed Oil, Oryza Sativa Bran Oil, Cymbopogon Flexuosus Oil, Limonene, Lavandula Angustifolia Oil, Melissa Officinalis Leaf Oil, Cymbopogon Winterianus Herb Oil, Linalool*, Citral*, Geraniol*, Vetiveria Zizanoides Root Oil, Citronellol*. <span class=\"s2\">Ingredients marked with asterisk are natural constitutents of the essential oils contained.<\/span><\/p>\t\t\t\t\t\t\t\t<\/div>\n\t\t\t\t<\/div>\n\t\t\t\t\t<\/div>\n\t\t\t\t<\/div>\n\t\t<div class=\"elementor-element elementor-element-521f6a2 e-grid e-con-boxed e-con e-parent\" data-id=\"521f6a2\" data-element_type=\"container\">\n\t\t\t\t\t<div class=\"e-con-inner\">\n\t\t\t\t<div class=\"elementor-element elementor-element-659b636 elementor-widget elementor-widget-image\" data-id=\"659b636\" data-element_type=\"widget\" data-widget_type=\"image.default\">\n\t\t\t\t<div class=\"elementor-widget-container\">\n\t\t\t\t\t\t\t\t\t\t\t\t\t\t\t<img fetchpriority=\"high\" decoding=\"async\" width=\"800\" height=\"533\" src=\"https:\/\/rosafilo.com\/wp-content\/uploads\/2024\/12\/butter-p-11.jpg\" class=\"attachment-large size-large wp-image-1517\" alt=\"\" srcset=\"https:\/\/rosafilo.com\/wp-content\/uploads\/2024\/12\/butter-p-11.jpg 800w, https:\/\/rosafilo.com\/wp-content\/uploads\/2024\/12\/butter-p-11-300x200.jpg 300w, https:\/\/rosafilo.com\/wp-content\/uploads\/2024\/12\/butter-p-11-768x512.jpg 768w\" sizes=\"(max-width: 800px) 100vw, 800px\" \/>\t\t\t\t\t\t\t\t\t\t\t\t\t\t\t<\/div>\n\t\t\t\t<\/div>\n\t\t\t\t<div class=\"elementor-element elementor-element-cd8b33f elementor-widget elementor-widget-image\" data-id=\"cd8b33f\" data-element_type=\"widget\" data-widget_type=\"image.default\">\n\t\t\t\t<div class=\"elementor-widget-container\">\n\t\t\t\t\t\t\t\t\t\t\t\t\t\t\t<img decoding=\"async\" width=\"800\" height=\"533\" src=\"https:\/\/rosafilo.com\/wp-content\/uploads\/2025\/01\/butter-14.jpg\" class=\"attachment-large size-large wp-image-1916\" alt=\"\" srcset=\"https:\/\/rosafilo.com\/wp-content\/uploads\/2025\/01\/butter-14.jpg 800w, https:\/\/rosafilo.com\/wp-content\/uploads\/2025\/01\/butter-14-300x200.jpg 300w, https:\/\/rosafilo.com\/wp-content\/uploads\/2025\/01\/butter-14-768x512.jpg 768w\" sizes=\"(max-width: 800px) 100vw, 800px\" \/>\t\t\t\t\t\t\t\t\t\t\t\t\t\t\t<\/div>\n\t\t\t\t<\/div>\n\t\t\t\t\t<\/div>\n\t\t\t\t<\/div>\n\t\t<div class=\"elementor-element elementor-element-f511830 e-flex e-con-boxed e-con e-parent\" data-id=\"f511830\" data-element_type=\"container\">\n\t\t\t\t\t<div class=\"e-con-inner\">\n\t\t\t\t<div class=\"elementor-element elementor-element-ffdfa36 elementor-align-center elementor-widget elementor-widget-button\" data-id=\"ffdfa36\" data-element_type=\"widget\" data-widget_type=\"button.default\">\n\t\t\t\t<div class=\"elementor-widget-container\">\n\t\t\t\t\t\t\t\t\t<div class=\"elementor-button-wrapper\">\n\t\t\t\t\t<a class=\"elementor-button elementor-button-link elementor-size-sm\" href=\"https:\/\/rosafilo.com\/?page_id=1203\">\n\t\t\t\t\t\t<span class=\"elementor-button-content-wrapper\">\n\t\t\t\t\t\t\t\t\t<span class=\"elementor-button-text\">POWR\u00d3T<\/span>\n\t\t\t\t\t<\/span>\n\t\t\t\t\t<\/a>\n\t\t\t\t<\/div>\n\t\t\t\t\t\t\t\t<\/div>\n\t\t\t\t<\/div>\n\t\t\t\t\t<\/div>\n\t\t\t\t<\/div>\n\t\t\t\t<\/div>\n\t\t","protected":false},"excerpt":{"rendered":"<p>Relaksuj\u0105ce z Traw\u0105 Cytrynow\u0105 Mas\u0142o do Cia\u0142a Relaksuj\u0105ce mas\u0142o do cia\u0142a z kokosem i traw\u0105 cytrynow\u0105 to po\u0142\u0105czenie orze\u017awiaj\u0105cego zapachu i bogatego sk\u0142adu, kt\u00f3ry dostarcza sk\u00f3rze niezwyk\u0142ych sk\u0142adnik\u00f3w od\u017cywczych. Jest to idealne rozwi\u0105zanie dla sk\u00f3ry suchej oraz zm\u0119czonej. Dzi\u0119ki zastosowaniu olej\u00f3w (babassu i kokosowego) oraz mas\u0142om (aloesowemu i shea), nasze mas\u0142o skutecznie nawil\u017ca, od\u017cywia i [&hellip;]<\/p>\n","protected":false},"author":1,"featured_media":0,"parent":1203,"menu_order":0,"comment_status":"closed","ping_status":"closed","template":"elementor_header_footer","meta":{"ocean_post_layout":"full-screen","ocean_both_sidebars_style":"","ocean_both_sidebars_content_width":0,"ocean_both_sidebars_sidebars_width":0,"ocean_sidebar":"","ocean_second_sidebar":"","ocean_disable_margins":"enable","ocean_add_body_class":"","ocean_shortcode_before_top_bar":"","ocean_shortcode_after_top_bar":"","ocean_shortcode_before_header":"","ocean_shortcode_after_header":"","ocean_has_shortcode":"","ocean_shortcode_after_title":"","ocean_shortcode_before_footer_widgets":"","ocean_shortcode_after_footer_widgets":"","ocean_shortcode_before_footer_bottom":"","ocean_shortcode_after_footer_bottom":"","ocean_display_top_bar":"off","ocean_display_header":"default","ocean_header_style":"","ocean_center_header_left_menu":"","ocean_custom_header_template":"","ocean_custom_logo":0,"ocean_custom_retina_logo":0,"ocean_custom_logo_max_width":0,"ocean_custom_logo_tablet_max_width":0,"ocean_custom_logo_mobile_max_width":0,"ocean_custom_logo_max_height":0,"ocean_custom_logo_tablet_max_height":0,"ocean_custom_logo_mobile_max_height":0,"ocean_header_custom_menu":"","ocean_menu_typo_font_family":"","ocean_menu_typo_font_subset":"","ocean_menu_typo_font_size":0,"ocean_menu_typo_font_size_tablet":0,"ocean_menu_typo_font_size_mobile":0,"ocean_menu_typo_font_size_unit":"px","ocean_menu_typo_font_weight":"","ocean_menu_typo_font_weight_tablet":"","ocean_menu_typo_font_weight_mobile":"","ocean_menu_typo_transform":"","ocean_menu_typo_transform_tablet":"","ocean_menu_typo_transform_mobile":"","ocean_menu_typo_line_height":0,"ocean_menu_typo_line_height_tablet":0,"ocean_menu_typo_line_height_mobile":0,"ocean_menu_typo_line_height_unit":"","ocean_menu_typo_spacing":0,"ocean_menu_typo_spacing_tablet":0,"ocean_menu_typo_spacing_mobile":0,"ocean_menu_typo_spacing_unit":"","ocean_menu_link_color":"","ocean_menu_link_color_hover":"","ocean_menu_link_color_active":"","ocean_menu_link_background":"","ocean_menu_link_hover_background":"","ocean_menu_link_active_background":"","ocean_menu_social_links_bg":"","ocean_menu_social_hover_links_bg":"","ocean_menu_social_links_color":"","ocean_menu_social_hover_links_color":"","ocean_disable_title":"on","ocean_disable_heading":"default","ocean_post_title":"","ocean_post_subheading":"","ocean_post_title_style":"","ocean_post_title_background_color":"","ocean_post_title_background":0,"ocean_post_title_bg_image_position":"","ocean_post_title_bg_image_attachment":"","ocean_post_title_bg_image_repeat":"","ocean_post_title_bg_image_size":"","ocean_post_title_height":0,"ocean_post_title_bg_overlay":0.5,"ocean_post_title_bg_overlay_color":"","ocean_disable_breadcrumbs":"default","ocean_breadcrumbs_color":"","ocean_breadcrumbs_separator_color":"","ocean_breadcrumbs_links_color":"","ocean_breadcrumbs_links_hover_color":"","ocean_display_footer_widgets":"off","ocean_display_footer_bottom":"off","ocean_custom_footer_template":"","footnotes":""},"class_list":["post-1884","page","type-page","status-publish","hentry","entry"],"_links":{"self":[{"href":"https:\/\/rosafilo.com\/index.php?rest_route=\/wp\/v2\/pages\/1884","targetHints":{"allow":["GET"]}}],"collection":[{"href":"https:\/\/rosafilo.com\/index.php?rest_route=\/wp\/v2\/pages"}],"about":[{"href":"https:\/\/rosafilo.com\/index.php?rest_route=\/wp\/v2\/types\/page"}],"author":[{"embeddable":true,"href":"https:\/\/rosafilo.com\/index.php?rest_route=\/wp\/v2\/users\/1"}],"replies":[{"embeddable":true,"href":"https:\/\/rosafilo.com\/index.php?rest_route=%2Fwp%2Fv2%2Fcomments&post=1884"}],"version-history":[{"count":17,"href":"https:\/\/rosafilo.com\/index.php?rest_route=\/wp\/v2\/pages\/1884\/revisions"}],"predecessor-version":[{"id":5270,"href":"https:\/\/rosafilo.com\/index.php?rest_route=\/wp\/v2\/pages\/1884\/revisions\/5270"}],"up":[{"embeddable":true,"href":"https:\/\/rosafilo.com\/index.php?rest_route=\/wp\/v2\/pages\/1203"}],"wp:attachment":[{"href":"https:\/\/rosafilo.com\/index.php?rest_route=%2Fwp%2Fv2%2Fmedia&parent=1884"}],"curies":[{"name":"wp","href":"https:\/\/api.w.org\/{rel}","templated":true}]}}