{"id":2028,"date":"2025-01-07T09:00:55","date_gmt":"2025-01-07T09:00:55","guid":{"rendered":"http:\/\/sokolsw.webd.pl\/rosafilo_test\/?page_id=2028"},"modified":"2026-02-10T11:41:16","modified_gmt":"2026-02-10T11:41:16","slug":"olej-do-masazu-twarzy","status":"publish","type":"page","link":"https:\/\/rosafilo.com\/?page_id=2028","title":{"rendered":"Olej do Masa\u017cu Twarzy"},"content":{"rendered":"\t\t<div data-elementor-type=\"wp-page\" data-elementor-id=\"2028\" class=\"elementor elementor-2028\">\n\t\t\t\t<div class=\"elementor-element elementor-element-112263d e-con-full e-flex e-con e-parent\" data-id=\"112263d\" data-element_type=\"container\">\n\t\t<div class=\"elementor-element elementor-element-43bed9c e-flex e-con-boxed e-con e-child\" data-id=\"43bed9c\" data-element_type=\"container\" data-settings=\"{&quot;background_background&quot;:&quot;classic&quot;}\">\n\t\t\t\t\t<div class=\"e-con-inner\">\n\t\t\t\t<div class=\"elementor-element elementor-element-1084a88 elementor-widget elementor-widget-heading\" data-id=\"1084a88\" data-element_type=\"widget\" data-widget_type=\"heading.default\">\n\t\t\t\t<div class=\"elementor-widget-container\">\n\t\t\t\t\t<h2 class=\"elementor-heading-title elementor-size-default\">Olej do Masa\u017cu Twarzy<\/h2>\t\t\t\t<\/div>\n\t\t\t\t<\/div>\n\t\t\t\t\t<\/div>\n\t\t\t\t<\/div>\n\t\t<div class=\"elementor-element elementor-element-071330a e-flex e-con-boxed e-con e-child\" data-id=\"071330a\" data-element_type=\"container\" data-settings=\"{&quot;background_background&quot;:&quot;classic&quot;}\">\n\t\t\t\t\t<div class=\"e-con-inner\">\n\t\t\t\t\t<\/div>\n\t\t\t\t<\/div>\n\t\t\t\t<\/div>\n\t\t<div class=\"elementor-element elementor-element-4d72736 e-flex e-con-boxed e-con e-parent\" data-id=\"4d72736\" data-element_type=\"container\">\n\t\t\t\t\t<div class=\"e-con-inner\">\n\t\t\t\t<div class=\"elementor-element elementor-element-582077d elementor-widget elementor-widget-spacer\" data-id=\"582077d\" data-element_type=\"widget\" data-widget_type=\"spacer.default\">\n\t\t\t\t<div class=\"elementor-widget-container\">\n\t\t\t\t\t\t\t<div class=\"elementor-spacer\">\n\t\t\t<div class=\"elementor-spacer-inner\"><\/div>\n\t\t<\/div>\n\t\t\t\t\t\t<\/div>\n\t\t\t\t<\/div>\n\t\t\t\t\t<\/div>\n\t\t\t\t<\/div>\n\t\t<div class=\"elementor-element elementor-element-39c9ac2 e-flex e-con-boxed e-con e-parent\" data-id=\"39c9ac2\" data-element_type=\"container\" data-settings=\"{&quot;background_background&quot;:&quot;classic&quot;}\">\n\t\t\t\t\t<div class=\"e-con-inner\">\n\t\t\t\t<div class=\"elementor-element elementor-element-911225b elementor-widget elementor-widget-image\" data-id=\"911225b\" data-element_type=\"widget\" data-widget_type=\"image.default\">\n\t\t\t\t<div class=\"elementor-widget-container\">\n\t\t\t\t\t\t\t\t\t\t\t\t\t\t\t<img decoding=\"async\" width=\"150\" height=\"150\" src=\"https:\/\/rosafilo.com\/wp-content\/uploads\/2024\/12\/rosafilo-logo-wite-150x150.png\" class=\"attachment-thumbnail size-thumbnail wp-image-998\" alt=\"\" srcset=\"https:\/\/rosafilo.com\/wp-content\/uploads\/2024\/12\/rosafilo-logo-wite-150x150.png 150w, https:\/\/rosafilo.com\/wp-content\/uploads\/2024\/12\/rosafilo-logo-wite.png 296w\" sizes=\"(max-width: 150px) 100vw, 150px\" \/>\t\t\t\t\t\t\t\t\t\t\t\t\t\t\t<\/div>\n\t\t\t\t<\/div>\n\t\t\t\t<div class=\"elementor-element elementor-element-23c28d1 elementor-widget elementor-widget-text-editor\" data-id=\"23c28d1\" data-element_type=\"widget\" data-widget_type=\"text-editor.default\">\n\t\t\t\t<div class=\"elementor-widget-container\">\n\t\t\t\t\t\t\t\t\t<div class=\"pre\"><p>Olejek do masa\u017cu twarzy to starannie opracowana, bogata kompozycja naturalnych olej\u00f3w, kt\u00f3ra korzystnie wp\u0142ywa zar\u00f3wno na zdrowie, jak i na relaksacj\u0119 sk\u00f3ry twarzy. Produkt ten intensywnie nawil\u017ca, od\u017cywia oraz odpr\u0119\u017ca sk\u00f3r\u0119, co przyczynia si\u0119 do jej poprawy kondycji. Dzi\u0119ki masa\u017cowi sk\u0142adniki aktywne s\u0105 skuteczniej wch\u0142aniane, co stymuluje naturalne procesy regeneracyjne oraz wspomaga odbudow\u0119 elastyczno\u015bci i j\u0119drno\u015bci sk\u00f3ry.<\/p><p>W sk\u0142adzie olejku znajduj\u0105 si\u0119 starannie dobrane oleje, takie jak olej ze s\u0142odkich migda\u0142\u00f3w, olej z pestek moreli, olej z kie\u0142k\u00f3w pszenicy, olej rycynowy, olej winogronowy, olej arganowy, olej perilla, a tak\u017ce witamina E oraz olejek r\u00f3\u017cany.<\/p><p>Regularne stosowanie masa\u017cu z wykorzystaniem tego olejku przyczynia si\u0119 do pobudzenia cyrkulacji krwi, co wp\u0142ywa na zwi\u0119kszenie elastyczno\u015bci i napi\u0119cia sk\u00f3ry twarzy.<\/p><\/div>\t\t\t\t\t\t\t\t<\/div>\n\t\t\t\t<\/div>\n\t\t\t\t\t<\/div>\n\t\t\t\t<\/div>\n\t\t<div class=\"elementor-element elementor-element-275c6db e-flex e-con-boxed e-con e-parent\" data-id=\"275c6db\" data-element_type=\"container\">\n\t\t\t\t\t<div class=\"e-con-inner\">\n\t\t\t\t<div class=\"elementor-element elementor-element-0b8c47e elementor-widget elementor-widget-text-editor\" data-id=\"0b8c47e\" data-element_type=\"widget\" data-widget_type=\"text-editor.default\">\n\t\t\t\t<div class=\"elementor-widget-container\">\n\t\t\t\t\t\t\t\t\t<p class=\"p1\"><span style=\"color: #c6858d;\"><strong>POJEMNO\u015a\u0106:<br \/><\/strong><span style=\"color: #6f6e73;\">200ml<\/span><strong><br \/><\/strong><\/span><\/p><p class=\"p1\"><strong><span style=\"color: #c6858d;\">TYP SK\u00d3RY:<\/span><\/strong> <br \/>normalna, sucha, wra\u017cliwa, starzej\u0105ca si\u0119.<\/p><p class=\"p1\"><strong><span style=\"color: #c6858d;\">DZIA\u0141ANIE:<\/span><\/strong> <br \/>od\u017cywcze, relaksuj\u0105ce, nawil\u017caj\u0105ce.<\/p><p class=\"p1\"><strong><span style=\"color: #c6858d;\">AKTYWNE SK\u0141ADNIKI:<br \/><\/span><\/strong><b><\/b>olej ze s\u0142odkich migda\u0142\u00f3w, olej z pestek moreli, olej z perilli, olej z kie\u0142k\u00f3w pszenicy, olej z nasion dzikiej r\u00f3\u017cy, wit. E.<\/p><p class=\"p1\"><span style=\"color: #c6858d;\"><strong>SPOS\u00d3B U\u017bYCIA:<\/strong><\/span> <br \/>Rozgrzej niewielk\u0105 ilo\u015b\u0107 olejku w d\u0142oniach, aby wykona\u0107 masa\u017c twarzy.<\/p><p><span style=\"color: #c6858d;\"><strong>ZALETY PRODUKTU:<\/strong><\/span> <br \/>W rezultacie sk\u00f3ra twarzy b\u0119dzie bardziej elastyczna, napi\u0119ta, promienna.<\/p><p><span style=\"color: #c6858d;\"><strong>INCI:<\/strong><\/span> <br \/><span class=\"s1\">Prunus Amygdalus Dulcis Oil, Prunus Armeniaca Kernel Oil, Prunus Armeniaca Kernel Oil, Ricinus Communis Seed Oil, Vitis Vinifera Seed Oil, Perilla Frutescens Seed Oil, Argania Spinosa Kernel Oil, <\/span><span class=\"s1\">Tocopherol, Helianthus Annuus Seed Oil, Rosa Damascena Flower Extract, Cananga Odorata Flower Oil, Linalool*, Citronellol*, Geraniol, Eugenol*, Benzyl Salicylate*, <\/span><span class=\"s1\">Benzyl Benzoate*. <\/span><span class=\"s1\">Ingredients marked with asterisk are natural constitutents of the essential oils contained.<\/span><\/p>\t\t\t\t\t\t\t\t<\/div>\n\t\t\t\t<\/div>\n\t\t\t\t\t<\/div>\n\t\t\t\t<\/div>\n\t\t<div class=\"elementor-element elementor-element-6389645 e-grid e-con-boxed e-con e-parent\" data-id=\"6389645\" data-element_type=\"container\">\n\t\t\t\t\t<div class=\"e-con-inner\">\n\t\t\t\t<div class=\"elementor-element elementor-element-19af927 elementor-widget elementor-widget-image\" data-id=\"19af927\" data-element_type=\"widget\" data-widget_type=\"image.default\">\n\t\t\t\t<div class=\"elementor-widget-container\">\n\t\t\t\t\t\t\t\t\t\t\t\t\t\t\t<img fetchpriority=\"high\" decoding=\"async\" width=\"800\" height=\"533\" src=\"https:\/\/rosafilo.com\/wp-content\/uploads\/2025\/01\/face_p_07.jpg\" class=\"attachment-large size-large wp-image-2039\" alt=\"\" srcset=\"https:\/\/rosafilo.com\/wp-content\/uploads\/2025\/01\/face_p_07.jpg 800w, https:\/\/rosafilo.com\/wp-content\/uploads\/2025\/01\/face_p_07-300x200.jpg 300w, https:\/\/rosafilo.com\/wp-content\/uploads\/2025\/01\/face_p_07-768x512.jpg 768w\" sizes=\"(max-width: 800px) 100vw, 800px\" \/>\t\t\t\t\t\t\t\t\t\t\t\t\t\t\t<\/div>\n\t\t\t\t<\/div>\n\t\t\t\t\t<\/div>\n\t\t\t\t<\/div>\n\t\t<div class=\"elementor-element elementor-element-c325fdf e-flex e-con-boxed e-con e-parent\" data-id=\"c325fdf\" data-element_type=\"container\">\n\t\t\t\t\t<div class=\"e-con-inner\">\n\t\t\t\t<div class=\"elementor-element elementor-element-1b11dff elementor-align-center elementor-widget elementor-widget-button\" data-id=\"1b11dff\" data-element_type=\"widget\" data-widget_type=\"button.default\">\n\t\t\t\t<div class=\"elementor-widget-container\">\n\t\t\t\t\t\t\t\t\t<div class=\"elementor-button-wrapper\">\n\t\t\t\t\t<a class=\"elementor-button elementor-button-link elementor-size-sm\" href=\"https:\/\/rosafilo.com\/?page_id=886\">\n\t\t\t\t\t\t<span class=\"elementor-button-content-wrapper\">\n\t\t\t\t\t\t\t\t\t<span class=\"elementor-button-text\">POWR\u00d3T<\/span>\n\t\t\t\t\t<\/span>\n\t\t\t\t\t<\/a>\n\t\t\t\t<\/div>\n\t\t\t\t\t\t\t\t<\/div>\n\t\t\t\t<\/div>\n\t\t\t\t\t<\/div>\n\t\t\t\t<\/div>\n\t\t\t\t<\/div>\n\t\t","protected":false},"excerpt":{"rendered":"<p>Olej do Masa\u017cu Twarzy Olejek do masa\u017cu twarzy to starannie opracowana, bogata kompozycja naturalnych olej\u00f3w, kt\u00f3ra korzystnie wp\u0142ywa zar\u00f3wno na zdrowie, jak i na relaksacj\u0119 sk\u00f3ry twarzy. Produkt ten intensywnie nawil\u017ca, od\u017cywia oraz odpr\u0119\u017ca sk\u00f3r\u0119, co przyczynia si\u0119 do jej poprawy kondycji. Dzi\u0119ki masa\u017cowi sk\u0142adniki aktywne s\u0105 skuteczniej wch\u0142aniane, co stymuluje naturalne procesy regeneracyjne oraz [&hellip;]<\/p>\n","protected":false},"author":1,"featured_media":0,"parent":886,"menu_order":0,"comment_status":"closed","ping_status":"closed","template":"elementor_header_footer","meta":{"ocean_post_layout":"full-screen","ocean_both_sidebars_style":"","ocean_both_sidebars_content_width":0,"ocean_both_sidebars_sidebars_width":0,"ocean_sidebar":"","ocean_second_sidebar":"","ocean_disable_margins":"enable","ocean_add_body_class":"","ocean_shortcode_before_top_bar":"","ocean_shortcode_after_top_bar":"","ocean_shortcode_before_header":"","ocean_shortcode_after_header":"","ocean_has_shortcode":"","ocean_shortcode_after_title":"","ocean_shortcode_before_footer_widgets":"","ocean_shortcode_after_footer_widgets":"","ocean_shortcode_before_footer_bottom":"","ocean_shortcode_after_footer_bottom":"","ocean_display_top_bar":"off","ocean_display_header":"default","ocean_header_style":"","ocean_center_header_left_menu":"","ocean_custom_header_template":"","ocean_custom_logo":0,"ocean_custom_retina_logo":0,"ocean_custom_logo_max_width":0,"ocean_custom_logo_tablet_max_width":0,"ocean_custom_logo_mobile_max_width":0,"ocean_custom_logo_max_height":0,"ocean_custom_logo_tablet_max_height":0,"ocean_custom_logo_mobile_max_height":0,"ocean_header_custom_menu":"","ocean_menu_typo_font_family":"","ocean_menu_typo_font_subset":"","ocean_menu_typo_font_size":0,"ocean_menu_typo_font_size_tablet":0,"ocean_menu_typo_font_size_mobile":0,"ocean_menu_typo_font_size_unit":"px","ocean_menu_typo_font_weight":"","ocean_menu_typo_font_weight_tablet":"","ocean_menu_typo_font_weight_mobile":"","ocean_menu_typo_transform":"","ocean_menu_typo_transform_tablet":"","ocean_menu_typo_transform_mobile":"","ocean_menu_typo_line_height":0,"ocean_menu_typo_line_height_tablet":0,"ocean_menu_typo_line_height_mobile":0,"ocean_menu_typo_line_height_unit":"","ocean_menu_typo_spacing":0,"ocean_menu_typo_spacing_tablet":0,"ocean_menu_typo_spacing_mobile":0,"ocean_menu_typo_spacing_unit":"","ocean_menu_link_color":"","ocean_menu_link_color_hover":"","ocean_menu_link_color_active":"","ocean_menu_link_background":"","ocean_menu_link_hover_background":"","ocean_menu_link_active_background":"","ocean_menu_social_links_bg":"","ocean_menu_social_hover_links_bg":"","ocean_menu_social_links_color":"","ocean_menu_social_hover_links_color":"","ocean_disable_title":"on","ocean_disable_heading":"default","ocean_post_title":"","ocean_post_subheading":"","ocean_post_title_style":"","ocean_post_title_background_color":"","ocean_post_title_background":0,"ocean_post_title_bg_image_position":"","ocean_post_title_bg_image_attachment":"","ocean_post_title_bg_image_repeat":"","ocean_post_title_bg_image_size":"","ocean_post_title_height":0,"ocean_post_title_bg_overlay":0.5,"ocean_post_title_bg_overlay_color":"","ocean_disable_breadcrumbs":"default","ocean_breadcrumbs_color":"","ocean_breadcrumbs_separator_color":"","ocean_breadcrumbs_links_color":"","ocean_breadcrumbs_links_hover_color":"","ocean_display_footer_widgets":"off","ocean_display_footer_bottom":"off","ocean_custom_footer_template":"","footnotes":""},"class_list":["post-2028","page","type-page","status-publish","hentry","entry"],"_links":{"self":[{"href":"https:\/\/rosafilo.com\/index.php?rest_route=\/wp\/v2\/pages\/2028","targetHints":{"allow":["GET"]}}],"collection":[{"href":"https:\/\/rosafilo.com\/index.php?rest_route=\/wp\/v2\/pages"}],"about":[{"href":"https:\/\/rosafilo.com\/index.php?rest_route=\/wp\/v2\/types\/page"}],"author":[{"embeddable":true,"href":"https:\/\/rosafilo.com\/index.php?rest_route=\/wp\/v2\/users\/1"}],"replies":[{"embeddable":true,"href":"https:\/\/rosafilo.com\/index.php?rest_route=%2Fwp%2Fv2%2Fcomments&post=2028"}],"version-history":[{"count":26,"href":"https:\/\/rosafilo.com\/index.php?rest_route=\/wp\/v2\/pages\/2028\/revisions"}],"predecessor-version":[{"id":5636,"href":"https:\/\/rosafilo.com\/index.php?rest_route=\/wp\/v2\/pages\/2028\/revisions\/5636"}],"up":[{"embeddable":true,"href":"https:\/\/rosafilo.com\/index.php?rest_route=\/wp\/v2\/pages\/886"}],"wp:attachment":[{"href":"https:\/\/rosafilo.com\/index.php?rest_route=%2Fwp%2Fv2%2Fmedia&parent=2028"}],"curies":[{"name":"wp","href":"https:\/\/api.w.org\/{rel}","templated":true}]}}