{"id":2090,"date":"2025-01-07T11:16:23","date_gmt":"2025-01-07T11:16:23","guid":{"rendered":"http:\/\/sokolsw.webd.pl\/rosafilo_test\/?page_id=2090"},"modified":"2026-02-10T10:42:16","modified_gmt":"2026-02-10T10:42:16","slug":"kawowa-maska","status":"publish","type":"page","link":"https:\/\/rosafilo.com\/?page_id=2090","title":{"rendered":"Kawowa Maska"},"content":{"rendered":"\t\t<div data-elementor-type=\"wp-page\" data-elementor-id=\"2090\" class=\"elementor elementor-2090\">\n\t\t\t\t<div class=\"elementor-element elementor-element-7d06070 e-con-full e-flex e-con e-parent\" data-id=\"7d06070\" data-element_type=\"container\">\n\t\t<div class=\"elementor-element elementor-element-fff37fe e-flex e-con-boxed e-con e-child\" data-id=\"fff37fe\" data-element_type=\"container\" data-settings=\"{&quot;background_background&quot;:&quot;classic&quot;}\">\n\t\t\t\t\t<div class=\"e-con-inner\">\n\t\t\t\t<div class=\"elementor-element elementor-element-25f8cf4 elementor-widget elementor-widget-heading\" data-id=\"25f8cf4\" data-element_type=\"widget\" data-widget_type=\"heading.default\">\n\t\t\t\t<div class=\"elementor-widget-container\">\n\t\t\t\t\t<h2 class=\"elementor-heading-title elementor-size-default\">Kawowa Maska<\/h2>\t\t\t\t<\/div>\n\t\t\t\t<\/div>\n\t\t\t\t\t<\/div>\n\t\t\t\t<\/div>\n\t\t<div class=\"elementor-element elementor-element-d9ed520 e-flex e-con-boxed e-con e-child\" data-id=\"d9ed520\" data-element_type=\"container\" data-settings=\"{&quot;background_background&quot;:&quot;classic&quot;}\">\n\t\t\t\t\t<div class=\"e-con-inner\">\n\t\t\t\t\t<\/div>\n\t\t\t\t<\/div>\n\t\t\t\t<\/div>\n\t\t<div class=\"elementor-element elementor-element-c27bc8e e-flex e-con-boxed e-con e-parent\" data-id=\"c27bc8e\" data-element_type=\"container\">\n\t\t\t\t\t<div class=\"e-con-inner\">\n\t\t\t\t<div class=\"elementor-element elementor-element-498ef3c elementor-widget elementor-widget-spacer\" data-id=\"498ef3c\" data-element_type=\"widget\" data-widget_type=\"spacer.default\">\n\t\t\t\t<div class=\"elementor-widget-container\">\n\t\t\t\t\t\t\t<div class=\"elementor-spacer\">\n\t\t\t<div class=\"elementor-spacer-inner\"><\/div>\n\t\t<\/div>\n\t\t\t\t\t\t<\/div>\n\t\t\t\t<\/div>\n\t\t\t\t\t<\/div>\n\t\t\t\t<\/div>\n\t\t<div class=\"elementor-element elementor-element-d51856b e-flex e-con-boxed e-con e-parent\" data-id=\"d51856b\" data-element_type=\"container\" data-settings=\"{&quot;background_background&quot;:&quot;classic&quot;}\">\n\t\t\t\t\t<div class=\"e-con-inner\">\n\t\t\t\t<div class=\"elementor-element elementor-element-6ae738f elementor-widget elementor-widget-image\" data-id=\"6ae738f\" data-element_type=\"widget\" data-widget_type=\"image.default\">\n\t\t\t\t<div class=\"elementor-widget-container\">\n\t\t\t\t\t\t\t\t\t\t\t\t\t\t\t<img decoding=\"async\" width=\"150\" height=\"150\" src=\"https:\/\/rosafilo.com\/wp-content\/uploads\/2024\/12\/rosafilo-logo-wite-150x150.png\" class=\"attachment-thumbnail size-thumbnail wp-image-998\" alt=\"\" srcset=\"https:\/\/rosafilo.com\/wp-content\/uploads\/2024\/12\/rosafilo-logo-wite-150x150.png 150w, https:\/\/rosafilo.com\/wp-content\/uploads\/2024\/12\/rosafilo-logo-wite.png 296w\" sizes=\"(max-width: 150px) 100vw, 150px\" \/>\t\t\t\t\t\t\t\t\t\t\t\t\t\t\t<\/div>\n\t\t\t\t<\/div>\n\t\t\t\t<div class=\"elementor-element elementor-element-24a7fb3 elementor-widget elementor-widget-text-editor\" data-id=\"24a7fb3\" data-element_type=\"widget\" data-widget_type=\"text-editor.default\">\n\t\t\t\t<div class=\"elementor-widget-container\">\n\t\t\t\t\t\t\t\t\t<p>Kawowa maska do cery suchej oraz z cellulitem to wyj\u0105tkowy produkt stworzony z my\u015bl\u0105 o kompleksowej piel\u0119gnacji sk\u00f3ry. Dzi\u0119ki starannie dobranym, w 100% naturalnym sk\u0142adnikom, takim jak bia\u0142a glinka, siemi\u0119 lniane, kawa, zmielone p\u0142atki nagietka, olejek pomara\u0144czowy oraz olejek cynamonowy, maska skutecznie wspiera proces regeneracji i od\u017cywienia cery.<\/p><p>Po zastosowaniu maski sk\u00f3ra odzyskuje promienny blask, staje si\u0119 bardziej nawil\u017cona, zregenerowana i widocznie odm\u0142odzona. To doskona\u0142y wyb\u00f3r dla os\u00f3b pragn\u0105cych przywr\u00f3ci\u0107 swojej cerze zdrowy wygl\u0105d i witalno\u015b\u0107.<\/p>\t\t\t\t\t\t\t\t<\/div>\n\t\t\t\t<\/div>\n\t\t\t\t\t<\/div>\n\t\t\t\t<\/div>\n\t\t<div class=\"elementor-element elementor-element-05faa8d e-flex e-con-boxed e-con e-parent\" data-id=\"05faa8d\" data-element_type=\"container\">\n\t\t\t\t\t<div class=\"e-con-inner\">\n\t\t\t\t<div class=\"elementor-element elementor-element-b3d92e0 elementor-widget elementor-widget-text-editor\" data-id=\"b3d92e0\" data-element_type=\"widget\" data-widget_type=\"text-editor.default\">\n\t\t\t\t<div class=\"elementor-widget-container\">\n\t\t\t\t\t\t\t\t\t<p class=\"p1\"><span style=\"color: #c6858d;\"><strong>POJEMNO\u015a\u0106:<br \/><\/strong><span style=\"color: #6f6e73;\">750 ml<\/span><strong><br \/><\/strong><\/span><\/p><p class=\"p1\"><strong><span style=\"color: #c6858d;\">TYP SK\u00d3RY:<\/span><\/strong> <br \/>sucha, normalna, starzej\u0105ca si\u0119.<\/p><p class=\"p1\"><strong><span style=\"color: #c6858d;\">DZIA\u0141ANIE:<\/span><\/strong> <br \/><span class=\"s1\">o<\/span>czyszczaj\u0105ce, wyg\u0142adzaj\u0105ce, uj\u0119drniaj\u0105ce, regeneruj\u0105ce, antycellulitowe.<\/p><p class=\"p1\"><strong><span style=\"color: #c6858d;\">AKTYWNE SK\u0141ADNIKI:<br \/><\/span><\/strong>kawa, glinka bia\u0142a, p\u0142atki nagietka.<\/p><p class=\"p1\"><span style=\"color: #c6858d;\"><strong>SPOS\u00d3B U\u017bYCIA:<\/strong><\/span> <br \/>Mask\u0119 w proszku wymiesza\u0107 z ciepl\u0105 wod\u0105 w proporcji 1:1. Po uzyskaniu odpowiedniej konsystencji na\u0142o\u017cy\u0107 na sk\u00f3r\u0119 przez 15-20 minut a nast\u0119pnie zmy\u0107 ciep\u0142\u0105 wod\u0105.<\/p><p><span style=\"color: #c6858d;\"><strong>ZALETY PRODUKTU:<br \/><\/strong><\/span>Sk\u00f3ra po masce jest zregenerowana, od\u017cywiona i odm\u0142odzona.<\/p><p><span style=\"color: #c6858d;\"><strong>INCI:<br \/><\/strong><\/span>Kaolin (White Clay), Coffee Arabica (Coffee) Seed Power, Montmorillonite (French Green Clay), Linum Usitatissimum (Flaxseed) Seed Powder, Theobroma Cacao (Cocoa) Fruit Powder, Citrus Aurantium Dulcis (Orange) Flower, Pectin, Sucrose (Sugar), Rosa Gallica (Rose) Flower Powder, Citrus Aurantium (Orange) Peel Oil.<\/p>\t\t\t\t\t\t\t\t<\/div>\n\t\t\t\t<\/div>\n\t\t\t\t\t<\/div>\n\t\t\t\t<\/div>\n\t\t<div class=\"elementor-element elementor-element-564c11d e-grid e-con-boxed e-con e-parent\" data-id=\"564c11d\" data-element_type=\"container\">\n\t\t\t\t\t<div class=\"e-con-inner\">\n\t\t\t\t<div class=\"elementor-element elementor-element-9ccfeb8 elementor-widget elementor-widget-image\" data-id=\"9ccfeb8\" data-element_type=\"widget\" data-widget_type=\"image.default\">\n\t\t\t\t<div class=\"elementor-widget-container\">\n\t\t\t\t\t\t\t\t\t\t\t\t\t\t\t<img fetchpriority=\"high\" decoding=\"async\" width=\"800\" height=\"533\" src=\"https:\/\/rosafilo.com\/wp-content\/uploads\/2025\/01\/maski-p-05.jpg\" class=\"attachment-large size-large wp-image-2104\" alt=\"\" srcset=\"https:\/\/rosafilo.com\/wp-content\/uploads\/2025\/01\/maski-p-05.jpg 800w, https:\/\/rosafilo.com\/wp-content\/uploads\/2025\/01\/maski-p-05-300x200.jpg 300w, https:\/\/rosafilo.com\/wp-content\/uploads\/2025\/01\/maski-p-05-768x512.jpg 768w\" sizes=\"(max-width: 800px) 100vw, 800px\" \/>\t\t\t\t\t\t\t\t\t\t\t\t\t\t\t<\/div>\n\t\t\t\t<\/div>\n\t\t\t\t\t<\/div>\n\t\t\t\t<\/div>\n\t\t<div class=\"elementor-element elementor-element-3b63a5f e-flex e-con-boxed e-con e-parent\" data-id=\"3b63a5f\" data-element_type=\"container\">\n\t\t\t\t\t<div class=\"e-con-inner\">\n\t\t\t\t<div class=\"elementor-element elementor-element-bc4d75b elementor-align-center elementor-widget elementor-widget-button\" data-id=\"bc4d75b\" data-element_type=\"widget\" data-widget_type=\"button.default\">\n\t\t\t\t<div class=\"elementor-widget-container\">\n\t\t\t\t\t\t\t\t\t<div class=\"elementor-button-wrapper\">\n\t\t\t\t\t<a class=\"elementor-button elementor-button-link elementor-size-sm\" href=\"https:\/\/rosafilo.com\/?page_id=1025\">\n\t\t\t\t\t\t<span class=\"elementor-button-content-wrapper\">\n\t\t\t\t\t\t\t\t\t<span class=\"elementor-button-text\">POWR\u00d3T<\/span>\n\t\t\t\t\t<\/span>\n\t\t\t\t\t<\/a>\n\t\t\t\t<\/div>\n\t\t\t\t\t\t\t\t<\/div>\n\t\t\t\t<\/div>\n\t\t\t\t\t<\/div>\n\t\t\t\t<\/div>\n\t\t\t\t<\/div>\n\t\t","protected":false},"excerpt":{"rendered":"<p>Kawowa Maska Kawowa maska do cery suchej oraz z cellulitem to wyj\u0105tkowy produkt stworzony z my\u015bl\u0105 o kompleksowej piel\u0119gnacji sk\u00f3ry. Dzi\u0119ki starannie dobranym, w 100% naturalnym sk\u0142adnikom, takim jak bia\u0142a glinka, siemi\u0119 lniane, kawa, zmielone p\u0142atki nagietka, olejek pomara\u0144czowy oraz olejek cynamonowy, maska skutecznie wspiera proces regeneracji i od\u017cywienia cery. Po zastosowaniu maski sk\u00f3ra odzyskuje [&hellip;]<\/p>\n","protected":false},"author":1,"featured_media":0,"parent":1025,"menu_order":0,"comment_status":"closed","ping_status":"closed","template":"elementor_header_footer","meta":{"ocean_post_layout":"full-screen","ocean_both_sidebars_style":"","ocean_both_sidebars_content_width":0,"ocean_both_sidebars_sidebars_width":0,"ocean_sidebar":"","ocean_second_sidebar":"","ocean_disable_margins":"enable","ocean_add_body_class":"","ocean_shortcode_before_top_bar":"","ocean_shortcode_after_top_bar":"","ocean_shortcode_before_header":"","ocean_shortcode_after_header":"","ocean_has_shortcode":"","ocean_shortcode_after_title":"","ocean_shortcode_before_footer_widgets":"","ocean_shortcode_after_footer_widgets":"","ocean_shortcode_before_footer_bottom":"","ocean_shortcode_after_footer_bottom":"","ocean_display_top_bar":"off","ocean_display_header":"default","ocean_header_style":"","ocean_center_header_left_menu":"","ocean_custom_header_template":"","ocean_custom_logo":0,"ocean_custom_retina_logo":0,"ocean_custom_logo_max_width":0,"ocean_custom_logo_tablet_max_width":0,"ocean_custom_logo_mobile_max_width":0,"ocean_custom_logo_max_height":0,"ocean_custom_logo_tablet_max_height":0,"ocean_custom_logo_mobile_max_height":0,"ocean_header_custom_menu":"","ocean_menu_typo_font_family":"","ocean_menu_typo_font_subset":"","ocean_menu_typo_font_size":0,"ocean_menu_typo_font_size_tablet":0,"ocean_menu_typo_font_size_mobile":0,"ocean_menu_typo_font_size_unit":"px","ocean_menu_typo_font_weight":"","ocean_menu_typo_font_weight_tablet":"","ocean_menu_typo_font_weight_mobile":"","ocean_menu_typo_transform":"","ocean_menu_typo_transform_tablet":"","ocean_menu_typo_transform_mobile":"","ocean_menu_typo_line_height":0,"ocean_menu_typo_line_height_tablet":0,"ocean_menu_typo_line_height_mobile":0,"ocean_menu_typo_line_height_unit":"","ocean_menu_typo_spacing":0,"ocean_menu_typo_spacing_tablet":0,"ocean_menu_typo_spacing_mobile":0,"ocean_menu_typo_spacing_unit":"","ocean_menu_link_color":"","ocean_menu_link_color_hover":"","ocean_menu_link_color_active":"","ocean_menu_link_background":"","ocean_menu_link_hover_background":"","ocean_menu_link_active_background":"","ocean_menu_social_links_bg":"","ocean_menu_social_hover_links_bg":"","ocean_menu_social_links_color":"","ocean_menu_social_hover_links_color":"","ocean_disable_title":"on","ocean_disable_heading":"default","ocean_post_title":"","ocean_post_subheading":"","ocean_post_title_style":"","ocean_post_title_background_color":"","ocean_post_title_background":0,"ocean_post_title_bg_image_position":"","ocean_post_title_bg_image_attachment":"","ocean_post_title_bg_image_repeat":"","ocean_post_title_bg_image_size":"","ocean_post_title_height":0,"ocean_post_title_bg_overlay":0.5,"ocean_post_title_bg_overlay_color":"","ocean_disable_breadcrumbs":"default","ocean_breadcrumbs_color":"","ocean_breadcrumbs_separator_color":"","ocean_breadcrumbs_links_color":"","ocean_breadcrumbs_links_hover_color":"","ocean_display_footer_widgets":"off","ocean_display_footer_bottom":"off","ocean_custom_footer_template":"","footnotes":""},"class_list":["post-2090","page","type-page","status-publish","hentry","entry"],"_links":{"self":[{"href":"https:\/\/rosafilo.com\/index.php?rest_route=\/wp\/v2\/pages\/2090","targetHints":{"allow":["GET"]}}],"collection":[{"href":"https:\/\/rosafilo.com\/index.php?rest_route=\/wp\/v2\/pages"}],"about":[{"href":"https:\/\/rosafilo.com\/index.php?rest_route=\/wp\/v2\/types\/page"}],"author":[{"embeddable":true,"href":"https:\/\/rosafilo.com\/index.php?rest_route=\/wp\/v2\/users\/1"}],"replies":[{"embeddable":true,"href":"https:\/\/rosafilo.com\/index.php?rest_route=%2Fwp%2Fv2%2Fcomments&post=2090"}],"version-history":[{"count":23,"href":"https:\/\/rosafilo.com\/index.php?rest_route=\/wp\/v2\/pages\/2090\/revisions"}],"predecessor-version":[{"id":5522,"href":"https:\/\/rosafilo.com\/index.php?rest_route=\/wp\/v2\/pages\/2090\/revisions\/5522"}],"up":[{"embeddable":true,"href":"https:\/\/rosafilo.com\/index.php?rest_route=\/wp\/v2\/pages\/1025"}],"wp:attachment":[{"href":"https:\/\/rosafilo.com\/index.php?rest_route=%2Fwp%2Fv2%2Fmedia&parent=2090"}],"curies":[{"name":"wp","href":"https:\/\/api.w.org\/{rel}","templated":true}]}}