{"id":4887,"date":"2025-06-16T10:21:42","date_gmt":"2025-06-16T10:21:42","guid":{"rendered":"https:\/\/rosafilo.com\/?page_id=4887"},"modified":"2025-09-26T11:11:31","modified_gmt":"2025-09-26T11:11:31","slug":"strefa-ajur","status":"publish","type":"page","link":"https:\/\/rosafilo.com\/?page_id=4887","title":{"rendered":"Strefa Ajurvedy"},"content":{"rendered":"\t\t<div data-elementor-type=\"wp-page\" data-elementor-id=\"4887\" class=\"elementor elementor-4887\">\n\t\t\t\t\t\t<header class=\"elementor-section elementor-top-section elementor-element elementor-element-746ae266 elementor-section-height-min-height elementor-section-items-bottom elementor-section-full_width elementor-section-content-middle elementor-section-height-default\" data-id=\"746ae266\" data-element_type=\"section\" data-settings=\"{&quot;background_background&quot;:&quot;classic&quot;}\">\n\t\t\t\t\t\t\t<div class=\"elementor-background-overlay\"><\/div>\n\t\t\t\t\t\t\t<div class=\"elementor-container elementor-column-gap-default\">\n\t\t\t\t\t<div class=\"elementor-column elementor-col-100 elementor-top-column elementor-element elementor-element-3be6fd8\" data-id=\"3be6fd8\" data-element_type=\"column\">\n\t\t\t<div class=\"elementor-widget-wrap\">\n\t\t\t\t\t\t\t<\/div>\n\t\t<\/div>\n\t\t\t\t\t<\/div>\n\t\t<\/header>\n\t\t\t\t<section class=\"elementor-section elementor-top-section elementor-element elementor-element-4218bee elementor-section-boxed elementor-section-height-default elementor-section-height-default\" data-id=\"4218bee\" data-element_type=\"section\" data-settings=\"{&quot;background_background&quot;:&quot;classic&quot;}\">\n\t\t\t\t\t\t<div class=\"elementor-container elementor-column-gap-default\">\n\t\t\t\t\t<div class=\"elementor-column elementor-col-100 elementor-top-column elementor-element elementor-element-b00e8cb\" data-id=\"b00e8cb\" data-element_type=\"column\">\n\t\t\t<div class=\"elementor-widget-wrap elementor-element-populated\">\n\t\t\t\t\t\t<div class=\"elementor-element elementor-element-5225837 elementor-invisible elementor-widget elementor-widget-heading\" data-id=\"5225837\" data-element_type=\"widget\" data-settings=\"{&quot;_animation&quot;:&quot;fadeInDown&quot;,&quot;_animation_delay&quot;:500}\" data-widget_type=\"heading.default\">\n\t\t\t\t<div class=\"elementor-widget-container\">\n\t\t\t\t\t<h2 class=\"elementor-heading-title elementor-size-default\">STREFA AJURVEDY<\/h2>\t\t\t\t<\/div>\n\t\t\t\t<\/div>\n\t\t\t\t<div class=\"elementor-element elementor-element-fb44443 elementor-widget elementor-widget-text-editor\" data-id=\"fb44443\" data-element_type=\"widget\" data-widget_type=\"text-editor.default\">\n\t\t\t\t<div class=\"elementor-widget-container\">\n\t\t\t\t\t\t\t\t\t<p class=\"p1\">Ajurweda to staro\u017cytna hinduska filozofia zdrowotna, oparta na holistycznym podej\u015bciu do cz\u0142owieka, obejmuj\u0105cym zar\u00f3wno medycyn\u0119, jak i styl \u017cycia. Podobnie jak w innych tradycjach medycyny Dalekiego Wschodu, takich jak medycyna chi\u0144ska czy tybeta\u0144ska, ajurweda k\u0142adzie nacisk na przywracanie r\u00f3wnowagi energetycznej organizmu, co przek\u0142ada si\u0119 na zdrowie i dobre samopoczucie.\u00a0<\/p><p class=\"p1\">G\u0142\u00f3wnym celem ajurwedy jest eliminacja zaburze\u0144 r\u00f3wnowagi, co prowadzi do poprawy stanu zdrowia, harmonii psychofizycznej oraz og\u00f3lnej witalno\u015bci. Ta filozofia wyr\u00f3\u017cnia si\u0119 podej\u015bciem holistycznym, uwzgl\u0119dniaj\u0105cym zar\u00f3wno aspekty fizyczne, jak i psychiczne cz\u0142owieka, integruj\u0105c zabiegi terapeutyczne z codziennym stylem \u017cycia.<\/p>\t\t\t\t\t\t\t\t<\/div>\n\t\t\t\t<\/div>\n\t\t\t\t<div class=\"elementor-element elementor-element-81865a5 elementor-widget elementor-widget-spacer\" data-id=\"81865a5\" data-element_type=\"widget\" data-widget_type=\"spacer.default\">\n\t\t\t\t<div class=\"elementor-widget-container\">\n\t\t\t\t\t\t\t<div class=\"elementor-spacer\">\n\t\t\t<div class=\"elementor-spacer-inner\"><\/div>\n\t\t<\/div>\n\t\t\t\t\t\t<\/div>\n\t\t\t\t<\/div>\n\t\t\t\t\t<\/div>\n\t\t<\/div>\n\t\t\t\t\t<\/div>\n\t\t<\/section>\n\t\t\t\t<section class=\"elementor-section elementor-top-section elementor-element elementor-element-af64c10 elementor-section-boxed elementor-section-height-default elementor-section-height-default\" data-id=\"af64c10\" data-element_type=\"section\" data-settings=\"{&quot;background_background&quot;:&quot;classic&quot;}\">\n\t\t\t\t\t\t<div class=\"elementor-container elementor-column-gap-default\">\n\t\t\t\t\t<div class=\"elementor-column elementor-col-100 elementor-top-column elementor-element elementor-element-3cfee46\" data-id=\"3cfee46\" data-element_type=\"column\">\n\t\t\t<div class=\"elementor-widget-wrap elementor-element-populated\">\n\t\t\t\t\t\t<div class=\"elementor-element elementor-element-79f3ed3 elementor-widget elementor-widget-image\" data-id=\"79f3ed3\" data-element_type=\"widget\" data-widget_type=\"image.default\">\n\t\t\t\t<div class=\"elementor-widget-container\">\n\t\t\t\t\t\t\t\t\t\t\t\t\t\t\t<img fetchpriority=\"high\" decoding=\"async\" width=\"954\" height=\"663\" src=\"https:\/\/rosafilo.com\/wp-content\/uploads\/2025\/06\/strefa_jur_foto_01.jpg\" class=\"attachment-large size-large wp-image-4904\" alt=\"\" srcset=\"https:\/\/rosafilo.com\/wp-content\/uploads\/2025\/06\/strefa_jur_foto_01.jpg 954w, https:\/\/rosafilo.com\/wp-content\/uploads\/2025\/06\/strefa_jur_foto_01-300x208.jpg 300w, https:\/\/rosafilo.com\/wp-content\/uploads\/2025\/06\/strefa_jur_foto_01-768x534.jpg 768w\" sizes=\"(max-width: 954px) 100vw, 954px\" \/>\t\t\t\t\t\t\t\t\t\t\t\t\t\t\t<\/div>\n\t\t\t\t<\/div>\n\t\t\t\t<div class=\"elementor-element elementor-element-203c65d elementor-widget elementor-widget-image\" data-id=\"203c65d\" data-element_type=\"widget\" data-widget_type=\"image.default\">\n\t\t\t\t<div class=\"elementor-widget-container\">\n\t\t\t\t\t\t\t\t\t\t\t\t\t\t\t<img decoding=\"async\" src=\"https:\/\/rosafilo.com\/wp-content\/uploads\/elementor\/thumbs\/logo-color-rose-512x512-1-qw0ws70r8zlmh7fj6tagyerkfv2zy20zsdneicfpwo.png\" title=\"logo-color-rose-512&#215;512\" alt=\"logo-color-rose-512x512\" loading=\"lazy\" \/>\t\t\t\t\t\t\t\t\t\t\t\t\t\t\t<\/div>\n\t\t\t\t<\/div>\n\t\t\t\t<div class=\"elementor-element elementor-element-bec44d4 elementor-invisible elementor-widget elementor-widget-heading\" data-id=\"bec44d4\" data-element_type=\"widget\" data-settings=\"{&quot;_animation&quot;:&quot;fadeInDown&quot;,&quot;_animation_delay&quot;:200}\" data-widget_type=\"heading.default\">\n\t\t\t\t<div class=\"elementor-widget-container\">\n\t\t\t\t\t<h2 class=\"elementor-heading-title elementor-size-default\">Piel\u0119gnacja Cia\u0142a, zdrowia i ducha<\/h2>\t\t\t\t<\/div>\n\t\t\t\t<\/div>\n\t\t\t\t<div class=\"elementor-element elementor-element-050c553 elementor-invisible elementor-widget elementor-widget-text-editor\" data-id=\"050c553\" data-element_type=\"widget\" data-settings=\"{&quot;_animation&quot;:&quot;fadeInDown&quot;}\" data-widget_type=\"text-editor.default\">\n\t\t\t\t<div class=\"elementor-widget-container\">\n\t\t\t\t\t\t\t\t\t<p class=\"p1\">W ajurwedzie organizm cz\u0142owieka klasyfikuje si\u0119 na trzy podstawowe typy energetyczne, zwane \u201e<strong>doszami<\/strong>\u201d: Vata, Pitta i Kapha. Rzeczywista osobowo\u015b\u0107 jest zazwyczaj mieszank\u0105 tych typ\u00f3w w r\u00f3\u017cnych proporcjach, z dominacj\u0105 jednej z nich, co determinuje dob\u00f3r odpowiednich terapii i zabieg\u00f3w kosmetycznych.<\/p><p class=\"p1\">Kr\u00f3tka charakterystyka poszczeg\u00f3lnych dosz:<\/p><p><span style=\"color: #c6858d;\"><strong>Vata<\/strong><\/span><br \/>osoby szczup\u0142e, ko\u015bciste, z such\u0105, matow\u0105 sk\u00f3r\u0105, kr\u0119conymi w\u0142osami, o wra\u017cliwej psychice. Charakteryzuj\u0105 si\u0119 ch\u0142odnymi ko\u0144czynami, s\u0142ab\u0105 odporno\u015bci\u0105 na zimno oraz empatyczn\u0105 natur\u0105. Wymagaj\u0105 masa\u017cy rozgrzewaj\u0105cych, z u\u017cyciem ciep\u0142ych olej\u00f3w zio\u0142owych.<\/p><p><strong><span style=\"color: #c6858d;\">Pitta<\/span><\/strong><br \/>osoby o \u015bredniej budowie, z mi\u0119kk\u0105, t\u0142ust\u0105, ciep\u0142\u0105 sk\u00f3r\u0105, w\u0142osami mi\u0119kkimi i t\u0142ustymi, z dobrym apetytem i sk\u0142onno\u015bci\u0105 do przegrzewania si\u0119. Zalecane s\u0105 masa\u017ce tonizuj\u0105ce, z zio\u0142ami ch\u0142odz\u0105cymi, na przyk\u0142ad olejem kokosowym.<\/p><p><strong><span style=\"color: #c6858d;\">Kapha<\/span><\/strong><br \/>osoby o du\u017cej, szerokiej sylwetce, z grub\u0105, wilgotn\u0105, zimn\u0105 sk\u00f3r\u0105, t\u0142ustymi w\u0142osami, o stabilnej osobowo\u015bci i wytrzyma\u0142o\u015bci. Wymagaj\u0105 masa\u017cy rozgrzewaj\u0105cych na sucho, kt\u00f3re pomagaj\u0105 zr\u00f3wnowa\u017cy\u0107 nadmiar kapha.<\/p><p>\u00a0<\/p><p class=\"p1\">Podsumowuj\u0105c, ajurweda to kompleksowa filozofia piel\u0119gnacji i terapii, oparta na zio\u0142ach i masa\u017cach, kt\u00f3re wspieraj\u0105 naturalne procesy r\u00f3wnowa\u017cenia energii organizmu, poprawiaj\u0105 kondycj\u0119 sk\u00f3ry i og\u00f3lne zdrowie.<\/p>\t\t\t\t\t\t\t\t<\/div>\n\t\t\t\t<\/div>\n\t\t\t\t\t<\/div>\n\t\t<\/div>\n\t\t\t\t\t<\/div>\n\t\t<\/section>\n\t\t\t\t<section class=\"elementor-section elementor-top-section elementor-element elementor-element-350c630f elementor-section-boxed elementor-section-height-default elementor-section-height-default\" data-id=\"350c630f\" data-element_type=\"section\" data-settings=\"{&quot;background_background&quot;:&quot;classic&quot;}\">\n\t\t\t\t\t\t<div class=\"elementor-container elementor-column-gap-default\">\n\t\t\t\t\t<div class=\"elementor-column elementor-col-50 elementor-top-column elementor-element elementor-element-7a6bb13e elementor-invisible\" data-id=\"7a6bb13e\" data-element_type=\"column\" data-settings=\"{&quot;background_background&quot;:&quot;classic&quot;,&quot;animation&quot;:&quot;fadeInLeft&quot;,&quot;animation_delay&quot;:400}\">\n\t\t\t<div class=\"elementor-widget-wrap elementor-element-populated\">\n\t\t\t\t\t\t<section class=\"elementor-section elementor-inner-section elementor-element elementor-element-3ba158b7 elementor-section-height-min-height elementor-section-boxed elementor-section-height-default\" data-id=\"3ba158b7\" data-element_type=\"section\" data-settings=\"{&quot;background_background&quot;:&quot;classic&quot;}\">\n\t\t\t\t\t\t<div class=\"elementor-container elementor-column-gap-default\">\n\t\t\t\t\t<div class=\"elementor-column elementor-col-100 elementor-inner-column elementor-element elementor-element-5f5b3a9b\" data-id=\"5f5b3a9b\" data-element_type=\"column\" data-settings=\"{&quot;background_background&quot;:&quot;classic&quot;}\">\n\t\t\t<div class=\"elementor-widget-wrap elementor-element-populated\">\n\t\t\t\t\t\t<div class=\"elementor-element elementor-element-1f9887fb elementor-widget elementor-widget-spacer\" data-id=\"1f9887fb\" data-element_type=\"widget\" data-widget_type=\"spacer.default\">\n\t\t\t\t<div class=\"elementor-widget-container\">\n\t\t\t\t\t\t\t<div class=\"elementor-spacer\">\n\t\t\t<div class=\"elementor-spacer-inner\"><\/div>\n\t\t<\/div>\n\t\t\t\t\t\t<\/div>\n\t\t\t\t<\/div>\n\t\t\t\t\t<\/div>\n\t\t<\/div>\n\t\t\t\t\t<\/div>\n\t\t<\/section>\n\t\t\t\t<section class=\"elementor-section elementor-inner-section elementor-element elementor-element-4a7a08db elementor-section-boxed elementor-section-height-default elementor-section-height-default\" data-id=\"4a7a08db\" data-element_type=\"section\">\n\t\t\t\t\t\t<div class=\"elementor-container elementor-column-gap-default\">\n\t\t\t\t\t<div class=\"elementor-column elementor-col-100 elementor-inner-column elementor-element elementor-element-6c875a6\" data-id=\"6c875a6\" data-element_type=\"column\" data-settings=\"{&quot;background_background&quot;:&quot;classic&quot;}\">\n\t\t\t<div class=\"elementor-widget-wrap elementor-element-populated\">\n\t\t\t\t\t\t<div class=\"elementor-element elementor-element-aa08d4c elementor-widget elementor-widget-heading\" data-id=\"aa08d4c\" data-element_type=\"widget\" data-widget_type=\"heading.default\">\n\t\t\t\t<div class=\"elementor-widget-container\">\n\t\t\t\t\t<h2 class=\"elementor-heading-title elementor-size-default\">OLEJE DO MASA\u017bU<\/h2>\t\t\t\t<\/div>\n\t\t\t\t<\/div>\n\t\t\t\t<div class=\"elementor-element elementor-element-7becd97d elementor-widget elementor-widget-text-editor\" data-id=\"7becd97d\" data-element_type=\"widget\" data-widget_type=\"text-editor.default\">\n\t\t\t\t<div class=\"elementor-widget-container\">\n\t\t\t\t\t\t\t\t\t<p class=\"p1\">Profesjonalne oleje do masa\u017cu przeznaczone do salonu kosmetycznego.<\/p>\t\t\t\t\t\t\t\t<\/div>\n\t\t\t\t<\/div>\n\t\t\t\t<div class=\"elementor-element elementor-element-462e9f4 elementor-align-center elementor-widget elementor-widget-button\" data-id=\"462e9f4\" data-element_type=\"widget\" data-widget_type=\"button.default\">\n\t\t\t\t<div class=\"elementor-widget-container\">\n\t\t\t\t\t\t\t\t\t<div class=\"elementor-button-wrapper\">\n\t\t\t\t\t<a class=\"elementor-button elementor-button-link elementor-size-sm\" href=\"https:\/\/rosafilo.com\/?page_id=4932\">\n\t\t\t\t\t\t<span class=\"elementor-button-content-wrapper\">\n\t\t\t\t\t\t\t\t\t<span class=\"elementor-button-text\">WI\u0118CEJ...<\/span>\n\t\t\t\t\t<\/span>\n\t\t\t\t\t<\/a>\n\t\t\t\t<\/div>\n\t\t\t\t\t\t\t\t<\/div>\n\t\t\t\t<\/div>\n\t\t\t\t\t<\/div>\n\t\t<\/div>\n\t\t\t\t\t<\/div>\n\t\t<\/section>\n\t\t\t\t\t<\/div>\n\t\t<\/div>\n\t\t\t\t<div class=\"elementor-column elementor-col-50 elementor-top-column elementor-element elementor-element-1f9b8927 elementor-invisible\" data-id=\"1f9b8927\" data-element_type=\"column\" data-settings=\"{&quot;background_background&quot;:&quot;classic&quot;,&quot;animation&quot;:&quot;fadeInRight&quot;,&quot;animation_delay&quot;:400}\">\n\t\t\t<div class=\"elementor-widget-wrap elementor-element-populated\">\n\t\t\t\t\t\t<section class=\"elementor-section elementor-inner-section elementor-element elementor-element-a0e4cf7 elementor-section-height-min-height elementor-section-boxed elementor-section-height-default\" data-id=\"a0e4cf7\" data-element_type=\"section\" data-settings=\"{&quot;background_background&quot;:&quot;classic&quot;}\">\n\t\t\t\t\t\t<div class=\"elementor-container elementor-column-gap-default\">\n\t\t\t\t\t<div class=\"elementor-column elementor-col-100 elementor-inner-column elementor-element elementor-element-43b4049\" data-id=\"43b4049\" data-element_type=\"column\" data-settings=\"{&quot;background_background&quot;:&quot;classic&quot;}\">\n\t\t\t<div class=\"elementor-widget-wrap elementor-element-populated\">\n\t\t\t\t\t\t<div class=\"elementor-element elementor-element-2b93df9 elementor-widget elementor-widget-spacer\" data-id=\"2b93df9\" data-element_type=\"widget\" data-widget_type=\"spacer.default\">\n\t\t\t\t<div class=\"elementor-widget-container\">\n\t\t\t\t\t\t\t<div class=\"elementor-spacer\">\n\t\t\t<div class=\"elementor-spacer-inner\"><\/div>\n\t\t<\/div>\n\t\t\t\t\t\t<\/div>\n\t\t\t\t<\/div>\n\t\t\t\t\t<\/div>\n\t\t<\/div>\n\t\t\t\t\t<\/div>\n\t\t<\/section>\n\t\t\t\t<section class=\"elementor-section elementor-inner-section elementor-element elementor-element-1c3e35a elementor-section-boxed elementor-section-height-default elementor-section-height-default\" data-id=\"1c3e35a\" data-element_type=\"section\">\n\t\t\t\t\t\t<div class=\"elementor-container elementor-column-gap-default\">\n\t\t\t\t\t<div class=\"elementor-column elementor-col-100 elementor-inner-column elementor-element elementor-element-50890f5\" data-id=\"50890f5\" data-element_type=\"column\" data-settings=\"{&quot;background_background&quot;:&quot;classic&quot;}\">\n\t\t\t<div class=\"elementor-widget-wrap elementor-element-populated\">\n\t\t\t\t\t\t<div class=\"elementor-element elementor-element-7a943c2 elementor-widget elementor-widget-heading\" data-id=\"7a943c2\" data-element_type=\"widget\" data-widget_type=\"heading.default\">\n\t\t\t\t<div class=\"elementor-widget-container\">\n\t\t\t\t\t<h2 class=\"elementor-heading-title elementor-size-default\">PROSZKI DO UDVARTANY<\/h2>\t\t\t\t<\/div>\n\t\t\t\t<\/div>\n\t\t\t\t<div class=\"elementor-element elementor-element-1713b00 elementor-widget elementor-widget-text-editor\" data-id=\"1713b00\" data-element_type=\"widget\" data-widget_type=\"text-editor.default\">\n\t\t\t\t<div class=\"elementor-widget-container\">\n\t\t\t\t\t\t\t\t\t<p class=\"p1\">Profesjonalne proszki do Udvartany.<br \/><br \/><\/p>\t\t\t\t\t\t\t\t<\/div>\n\t\t\t\t<\/div>\n\t\t\t\t<div class=\"elementor-element elementor-element-1a87329 elementor-align-center elementor-widget elementor-widget-button\" data-id=\"1a87329\" data-element_type=\"widget\" data-widget_type=\"button.default\">\n\t\t\t\t<div class=\"elementor-widget-container\">\n\t\t\t\t\t\t\t\t\t<div class=\"elementor-button-wrapper\">\n\t\t\t\t\t<a class=\"elementor-button elementor-button-link elementor-size-sm\" href=\"https:\/\/rosafilo.com\/?page_id=4982\">\n\t\t\t\t\t\t<span class=\"elementor-button-content-wrapper\">\n\t\t\t\t\t\t\t\t\t<span class=\"elementor-button-text\">WI\u0118CEJ...<\/span>\n\t\t\t\t\t<\/span>\n\t\t\t\t\t<\/a>\n\t\t\t\t<\/div>\n\t\t\t\t\t\t\t\t<\/div>\n\t\t\t\t<\/div>\n\t\t\t\t\t<\/div>\n\t\t<\/div>\n\t\t\t\t\t<\/div>\n\t\t<\/section>\n\t\t\t\t\t<\/div>\n\t\t<\/div>\n\t\t\t\t\t<\/div>\n\t\t<\/section>\n\t\t<div class=\"elementor-element elementor-element-f1217da animated-slow e-flex e-con-boxed elementor-invisible e-con e-parent\" data-id=\"f1217da\" data-element_type=\"container\" data-settings=\"{&quot;background_background&quot;:&quot;classic&quot;,&quot;animation&quot;:&quot;fadeIn&quot;}\">\n\t\t\t\t\t<div class=\"e-con-inner\">\n\t\t\t\t\t<\/div>\n\t\t\t\t<\/div>\n\t\t<div class=\"elementor-element elementor-element-7def8c2 e-flex e-con-boxed e-con e-parent\" data-id=\"7def8c2\" data-element_type=\"container\" data-settings=\"{&quot;background_background&quot;:&quot;classic&quot;}\">\n\t\t\t\t\t<div class=\"e-con-inner\">\n\t\t<div class=\"elementor-element elementor-element-1535867 e-con-full e-flex e-con e-child\" data-id=\"1535867\" data-element_type=\"container\">\n\t\t\t\t<div class=\"elementor-element elementor-element-932db7f elementor-widget__width-initial elementor-widget elementor-widget-text-editor\" data-id=\"932db7f\" data-element_type=\"widget\" data-widget_type=\"text-editor.default\">\n\t\t\t\t<div class=\"elementor-widget-container\">\n\t\t\t\t\t\t\t\t\t<p><span style=\"color: #ffffff;\"><a style=\"color: #ffffff;\" href=\"https:\/\/rosafilo.com\/\">STRONA G\u0141\u00d3WNA<\/a> \u2022 <a style=\"color: #ffffff;\" href=\"https:\/\/rosafilo.com\/?page_id=214\">O NAS<\/a> \u2022 <a style=\"color: #ffffff;\" href=\"https:\/\/rosafilo.com\/?page_id=64\">STREFA PROFESJONALNA<\/a> \u2022 <a style=\"color: #ffffff;\" href=\"https:\/\/rosafilo.com\/?page_id=66\">RYTUA\u0141Y<\/a> \u2022 <a style=\"color: #ffffff;\" href=\"https:\/\/rosafilo.com\/?page_id=96\">LINIE<\/a> \u2022 <a style=\"color: #ffffff;\" href=\"https:\/\/rosafilo.com\/?page_id=94\">M\u0118SKA STREFA<\/a> \u2022 <a style=\"color: #ffffff;\" href=\"https:\/\/rosafilo.com\/?page_id=68\">HOME SPA<\/a> \u00a0\u2022 <a style=\"color: #ffffff;\" href=\"https:\/\/rosafilo.com\/?page_id=60\">KONTAKT<\/a><\/span><\/p>\t\t\t\t\t\t\t\t<\/div>\n\t\t\t\t<\/div>\n\t\t\t\t<div class=\"elementor-element elementor-element-ca81ee9 elementor-widget elementor-widget-image\" data-id=\"ca81ee9\" data-element_type=\"widget\" data-widget_type=\"image.default\">\n\t\t\t\t<div class=\"elementor-widget-container\">\n\t\t\t\t\t\t\t\t\t\t\t\t\t\t\t<img decoding=\"async\" width=\"500\" height=\"220\" src=\"https:\/\/rosafilo.com\/wp-content\/uploads\/2025\/01\/logo-white.png\" class=\"attachment-large size-large wp-image-2189\" alt=\"\" srcset=\"https:\/\/rosafilo.com\/wp-content\/uploads\/2025\/01\/logo-white.png 500w, https:\/\/rosafilo.com\/wp-content\/uploads\/2025\/01\/logo-white-300x132.png 300w\" sizes=\"(max-width: 500px) 100vw, 500px\" \/>\t\t\t\t\t\t\t\t\t\t\t\t\t\t\t<\/div>\n\t\t\t\t<\/div>\n\t\t\t\t<\/div>\n\t\t<div class=\"elementor-element elementor-element-c114bf3 e-con-full e-flex e-con e-child\" data-id=\"c114bf3\" data-element_type=\"container\">\n\t\t<div class=\"elementor-element elementor-element-c5ee419 e-grid e-con-full e-con e-child\" data-id=\"c5ee419\" data-element_type=\"container\">\n\t\t\t\t<div class=\"elementor-element elementor-element-e70913c elementor-widget elementor-widget-image\" data-id=\"e70913c\" data-element_type=\"widget\" data-widget_type=\"image.default\">\n\t\t\t\t<div class=\"elementor-widget-container\">\n\t\t\t\t\t\t\t\t\t\t\t\t\t\t\t\t<a href=\"https:\/\/www.facebook.com\/rosafilopieknonatura\/?locale=pl_PL\">\n\t\t\t\t\t\t\t<img decoding=\"async\" width=\"100\" height=\"100\" src=\"https:\/\/rosafilo.com\/wp-content\/uploads\/2025\/01\/fb-icon.png\" class=\"elementor-animation-pulse attachment-large size-large wp-image-2212\" alt=\"\" \/>\t\t\t\t\t\t\t\t<\/a>\n\t\t\t\t\t\t\t\t\t\t\t\t\t\t\t<\/div>\n\t\t\t\t<\/div>\n\t\t\t\t<div class=\"elementor-element elementor-element-cc781fd elementor-widget elementor-widget-image\" data-id=\"cc781fd\" data-element_type=\"widget\" data-widget_type=\"image.default\">\n\t\t\t\t<div class=\"elementor-widget-container\">\n\t\t\t\t\t\t\t\t\t\t\t\t\t\t\t\t<a href=\"https:\/\/www.instagram.com\/rosafilo_natura_piekno\/\">\n\t\t\t\t\t\t\t<img loading=\"lazy\" decoding=\"async\" width=\"100\" height=\"100\" src=\"https:\/\/rosafilo.com\/wp-content\/uploads\/2025\/01\/insta-icon.png\" class=\"elementor-animation-pulse attachment-large size-large wp-image-2213\" alt=\"\" \/>\t\t\t\t\t\t\t\t<\/a>\n\t\t\t\t\t\t\t\t\t\t\t\t\t\t\t<\/div>\n\t\t\t\t<\/div>\n\t\t\t\t<\/div>\n\t\t\t\t<div class=\"elementor-element elementor-element-c2668dd elementor-widget elementor-widget-text-editor\" data-id=\"c2668dd\" data-element_type=\"widget\" data-widget_type=\"text-editor.default\">\n\t\t\t\t<div class=\"elementor-widget-container\">\n\t\t\t\t\t\t\t\t\t<p class=\"p1\">Archivento 1 Sp. z o.o. \u2022 ul. Orzechowa 17 \u2022 75-637 Koszalin \u2022 tel. +48 517 092 319 \u2022 mail: info@rosafilo.com<\/p>\t\t\t\t\t\t\t\t<\/div>\n\t\t\t\t<\/div>\n\t\t\t\t<\/div>\n\t\t\t\t\t<\/div>\n\t\t\t\t<\/div>\n\t\t\t\t<\/div>\n\t\t","protected":false},"excerpt":{"rendered":"<p>STREFA AJURVEDY Ajurweda to staro\u017cytna hinduska filozofia zdrowotna, oparta na holistycznym podej\u015bciu do cz\u0142owieka, obejmuj\u0105cym zar\u00f3wno medycyn\u0119, jak i styl \u017cycia. Podobnie jak w innych tradycjach medycyny Dalekiego Wschodu, takich jak medycyna chi\u0144ska czy tybeta\u0144ska, ajurweda k\u0142adzie nacisk na przywracanie r\u00f3wnowagi energetycznej organizmu, co przek\u0142ada si\u0119 na zdrowie i dobre samopoczucie.\u00a0 G\u0142\u00f3wnym celem ajurwedy jest [&hellip;]<\/p>\n","protected":false},"author":1,"featured_media":0,"parent":64,"menu_order":0,"comment_status":"closed","ping_status":"closed","template":"elementor_header_footer","meta":{"ocean_post_layout":"full-screen","ocean_both_sidebars_style":"","ocean_both_sidebars_content_width":0,"ocean_both_sidebars_sidebars_width":0,"ocean_sidebar":"","ocean_second_sidebar":"","ocean_disable_margins":"enable","ocean_add_body_class":"","ocean_shortcode_before_top_bar":"","ocean_shortcode_after_top_bar":"","ocean_shortcode_before_header":"","ocean_shortcode_after_header":"","ocean_has_shortcode":"","ocean_shortcode_after_title":"","ocean_shortcode_before_footer_widgets":"","ocean_shortcode_after_footer_widgets":"","ocean_shortcode_before_footer_bottom":"","ocean_shortcode_after_footer_bottom":"","ocean_display_top_bar":"off","ocean_display_header":"default","ocean_header_style":"","ocean_center_header_left_menu":"","ocean_custom_header_template":"","ocean_custom_logo":0,"ocean_custom_retina_logo":0,"ocean_custom_logo_max_width":0,"ocean_custom_logo_tablet_max_width":0,"ocean_custom_logo_mobile_max_width":0,"ocean_custom_logo_max_height":0,"ocean_custom_logo_tablet_max_height":0,"ocean_custom_logo_mobile_max_height":0,"ocean_header_custom_menu":"","ocean_menu_typo_font_family":"","ocean_menu_typo_font_subset":"","ocean_menu_typo_font_size":0,"ocean_menu_typo_font_size_tablet":0,"ocean_menu_typo_font_size_mobile":0,"ocean_menu_typo_font_size_unit":"px","ocean_menu_typo_font_weight":"","ocean_menu_typo_font_weight_tablet":"","ocean_menu_typo_font_weight_mobile":"","ocean_menu_typo_transform":"","ocean_menu_typo_transform_tablet":"","ocean_menu_typo_transform_mobile":"","ocean_menu_typo_line_height":0,"ocean_menu_typo_line_height_tablet":0,"ocean_menu_typo_line_height_mobile":0,"ocean_menu_typo_line_height_unit":"","ocean_menu_typo_spacing":0,"ocean_menu_typo_spacing_tablet":0,"ocean_menu_typo_spacing_mobile":0,"ocean_menu_typo_spacing_unit":"","ocean_menu_link_color":"","ocean_menu_link_color_hover":"","ocean_menu_link_color_active":"","ocean_menu_link_background":"","ocean_menu_link_hover_background":"","ocean_menu_link_active_background":"","ocean_menu_social_links_bg":"","ocean_menu_social_hover_links_bg":"","ocean_menu_social_links_color":"","ocean_menu_social_hover_links_color":"","ocean_disable_title":"on","ocean_disable_heading":"default","ocean_post_title":"","ocean_post_subheading":"","ocean_post_title_style":"","ocean_post_title_background_color":"","ocean_post_title_background":0,"ocean_post_title_bg_image_position":"","ocean_post_title_bg_image_attachment":"","ocean_post_title_bg_image_repeat":"","ocean_post_title_bg_image_size":"","ocean_post_title_height":0,"ocean_post_title_bg_overlay":0.5,"ocean_post_title_bg_overlay_color":"","ocean_disable_breadcrumbs":"default","ocean_breadcrumbs_color":"","ocean_breadcrumbs_separator_color":"","ocean_breadcrumbs_links_color":"","ocean_breadcrumbs_links_hover_color":"","ocean_display_footer_widgets":"off","ocean_display_footer_bottom":"off","ocean_custom_footer_template":"","footnotes":""},"class_list":["post-4887","page","type-page","status-publish","hentry","entry"],"_links":{"self":[{"href":"https:\/\/rosafilo.com\/index.php?rest_route=\/wp\/v2\/pages\/4887","targetHints":{"allow":["GET"]}}],"collection":[{"href":"https:\/\/rosafilo.com\/index.php?rest_route=\/wp\/v2\/pages"}],"about":[{"href":"https:\/\/rosafilo.com\/index.php?rest_route=\/wp\/v2\/types\/page"}],"author":[{"embeddable":true,"href":"https:\/\/rosafilo.com\/index.php?rest_route=\/wp\/v2\/users\/1"}],"replies":[{"embeddable":true,"href":"https:\/\/rosafilo.com\/index.php?rest_route=%2Fwp%2Fv2%2Fcomments&post=4887"}],"version-history":[{"count":49,"href":"https:\/\/rosafilo.com\/index.php?rest_route=\/wp\/v2\/pages\/4887\/revisions"}],"predecessor-version":[{"id":5214,"href":"https:\/\/rosafilo.com\/index.php?rest_route=\/wp\/v2\/pages\/4887\/revisions\/5214"}],"up":[{"embeddable":true,"href":"https:\/\/rosafilo.com\/index.php?rest_route=\/wp\/v2\/pages\/64"}],"wp:attachment":[{"href":"https:\/\/rosafilo.com\/index.php?rest_route=%2Fwp%2Fv2%2Fmedia&parent=4887"}],"curies":[{"name":"wp","href":"https:\/\/api.w.org\/{rel}","templated":true}]}}