{"id":5675,"date":"2026-04-10T09:30:51","date_gmt":"2026-04-10T09:30:51","guid":{"rendered":"https:\/\/rosafilo.com\/?page_id=5675"},"modified":"2026-04-10T09:32:35","modified_gmt":"2026-04-10T09:32:35","slug":"pomaranczowa-sol","status":"publish","type":"page","link":"https:\/\/rosafilo.com\/?page_id=5675","title":{"rendered":"Pomara\u0144czowa s\u00f3l do sauny"},"content":{"rendered":"\t\t<div data-elementor-type=\"wp-page\" data-elementor-id=\"5675\" class=\"elementor elementor-5675\">\n\t\t\t\t<div class=\"elementor-element elementor-element-ff31802 e-con-full e-flex e-con e-parent\" data-id=\"ff31802\" data-element_type=\"container\">\n\t\t<div class=\"elementor-element elementor-element-4adaa5d e-flex e-con-boxed e-con e-child\" data-id=\"4adaa5d\" data-element_type=\"container\" data-settings=\"{&quot;background_background&quot;:&quot;classic&quot;}\">\n\t\t\t\t\t<div class=\"e-con-inner\">\n\t\t\t\t<div class=\"elementor-element elementor-element-1a67af5 elementor-widget elementor-widget-heading\" data-id=\"1a67af5\" data-element_type=\"widget\" data-widget_type=\"heading.default\">\n\t\t\t\t<div class=\"elementor-widget-container\">\n\t\t\t\t\t<h2 class=\"elementor-heading-title elementor-size-default\">Pomara\u0144czowa S\u00f3l do Sauny<\/h2>\t\t\t\t<\/div>\n\t\t\t\t<\/div>\n\t\t\t\t\t<\/div>\n\t\t\t\t<\/div>\n\t\t<div class=\"elementor-element elementor-element-758fce4 e-flex e-con-boxed e-con e-child\" data-id=\"758fce4\" data-element_type=\"container\" data-settings=\"{&quot;background_background&quot;:&quot;classic&quot;}\">\n\t\t\t\t\t<div class=\"e-con-inner\">\n\t\t\t\t\t<\/div>\n\t\t\t\t<\/div>\n\t\t\t\t<\/div>\n\t\t<div class=\"elementor-element elementor-element-175bfcf e-flex e-con-boxed e-con e-parent\" data-id=\"175bfcf\" data-element_type=\"container\">\n\t\t\t\t\t<div class=\"e-con-inner\">\n\t\t\t\t<div class=\"elementor-element elementor-element-5092f4b elementor-widget elementor-widget-spacer\" data-id=\"5092f4b\" data-element_type=\"widget\" data-widget_type=\"spacer.default\">\n\t\t\t\t<div class=\"elementor-widget-container\">\n\t\t\t\t\t\t\t<div class=\"elementor-spacer\">\n\t\t\t<div class=\"elementor-spacer-inner\"><\/div>\n\t\t<\/div>\n\t\t\t\t\t\t<\/div>\n\t\t\t\t<\/div>\n\t\t\t\t\t<\/div>\n\t\t\t\t<\/div>\n\t\t<div class=\"elementor-element elementor-element-91e04f1 e-flex e-con-boxed e-con e-parent\" data-id=\"91e04f1\" data-element_type=\"container\" data-settings=\"{&quot;background_background&quot;:&quot;classic&quot;}\">\n\t\t\t\t\t<div class=\"e-con-inner\">\n\t\t\t\t<div class=\"elementor-element elementor-element-31f5f3d elementor-widget elementor-widget-image\" data-id=\"31f5f3d\" data-element_type=\"widget\" data-widget_type=\"image.default\">\n\t\t\t\t<div class=\"elementor-widget-container\">\n\t\t\t\t\t\t\t\t\t\t\t\t\t\t\t<img decoding=\"async\" width=\"150\" height=\"150\" src=\"https:\/\/rosafilo.com\/wp-content\/uploads\/2024\/12\/rosafilo-logo-wite-150x150.png\" class=\"attachment-thumbnail size-thumbnail wp-image-998\" alt=\"\" srcset=\"https:\/\/rosafilo.com\/wp-content\/uploads\/2024\/12\/rosafilo-logo-wite-150x150.png 150w, https:\/\/rosafilo.com\/wp-content\/uploads\/2024\/12\/rosafilo-logo-wite.png 296w\" sizes=\"(max-width: 150px) 100vw, 150px\" \/>\t\t\t\t\t\t\t\t\t\t\t\t\t\t\t<\/div>\n\t\t\t\t<\/div>\n\t\t\t\t<div class=\"elementor-element elementor-element-81d2844 elementor-widget elementor-widget-text-editor\" data-id=\"81d2844\" data-element_type=\"widget\" data-widget_type=\"text-editor.default\">\n\t\t\t\t<div class=\"elementor-widget-container\">\n\t\t\t\t\t\t\t\t\t<p class=\"p1\">Pomara\u0144czowa s\u00f3l do sauny delikatnie i skutecznie usuwa obumar\u0142y i \u0142uszcz\u0105cy si\u0119 nask\u00f3rek. Piel\u0119gnuje i gruntownie oczyszcza sk\u00f3r\u0119. Dzia\u0142a od\u015bwie\u017caj\u0105co i relaksuj\u0105co, sprzyja relaksowi podczas sesji w saunie. Odnawia funkcje biologiczne sk\u00f3ry, wspiera jej naturaln\u0105 regeneracj\u0119. Zapobiega reakcjom alergicznym i uczuleniom dzi\u0119ki w\u0142a\u015bciwo\u015bciom soli morskiej<\/p>\t\t\t\t\t\t\t\t<\/div>\n\t\t\t\t<\/div>\n\t\t\t\t\t<\/div>\n\t\t\t\t<\/div>\n\t\t<div class=\"elementor-element elementor-element-e513e01 e-flex e-con-boxed e-con e-parent\" data-id=\"e513e01\" data-element_type=\"container\">\n\t\t\t\t\t<div class=\"e-con-inner\">\n\t\t\t\t<div class=\"elementor-element elementor-element-9b3d2c2 elementor-widget__width-initial elementor-widget elementor-widget-text-editor\" data-id=\"9b3d2c2\" data-element_type=\"widget\" data-widget_type=\"text-editor.default\">\n\t\t\t\t<div class=\"elementor-widget-container\">\n\t\t\t\t\t\t\t\t\t<p class=\"p1\"><span style=\"color: #c6858d;\"><strong>POJEMNO\u015a\u0106:<br \/><\/strong><\/span>2500 ml, 5000 ml<\/p><p class=\"p1\"><strong><span style=\"color: #c6858d;\">TYP SK\u00d3RY:<br \/><\/span><\/strong>Idealna do piel\u0119gnacji sk\u00f3ry zm\u0119czonej, tr\u0105dzikowej oraz w przypadku atopowego zapalenia sk\u00f3ry, \u0142uszczycy, grzybicy, nadmiernej potliwo\u015bci st\u00f3p, cellulitu. Produkt wspiera tak\u017ce osoby borykaj\u0105ce si\u0119 z problemami stawowymi, urazami sportowymi, a tak\u017ce dolegliwo\u015bciami zwi\u0105zanymi z nerwic\u0105 i depresj\u0105. S\u00f3l z Morza Martwego jest tak\u017ce doskona\u0142ym wyborem dla sportowc\u00f3w oraz wszystkich pragn\u0105cych do\u015bwiadczy\u0107 g\u0142\u0119bokiego relaksu.<\/p><p class=\"p1\"><strong><span style=\"color: #c6858d;\">DZIA\u0141ANIE:<\/span><\/strong> <br \/>Produkt wykazuje w\u0142a\u015bciwo\u015bci orze\u017awiaj\u0105ce, relaksuj\u0105ce, oczyszczaj\u0105ce oraz przeciwzapalne, co sprawia, \u017ce jest idealnym dodatkiem do piel\u0119gnacji cia\u0142a.<\/p><p class=\"p1\"><strong><span style=\"color: #c6858d;\">AKTYWNE SK\u0141ADNIKI:<br \/><\/span><\/strong>s\u00f3l z Morza Martwego, s\u00f3l k\u0142odawska, kwiat pomara\u0144czy (zmielony), olejek pomara\u0144czowy, olej migda\u0142owy, olej rycynowy, olejek cytrynowy, olejek cynamonowy.<\/p><p class=\"p1\"><span style=\"color: #c6858d;\"><strong>SPOS\u00d3B U\u017bYCIA:<\/strong><\/span> <br \/>Wsypa\u0107 dwie gar\u015bci soli do k\u0105pieli do wanny pod strumie\u0144 ciep\u0142ej wody. Zalecany czas k\u0105pieli wynosi 15-20 minut.<\/p><p><span style=\"color: #c6858d;\"><strong>ZALETY PRODUKTU:<\/strong><\/span> <br \/>Po zastosowaniu, sk\u00f3ra staje si\u0119 jedwabi\u015bcie g\u0142adka i nawil\u017cona, a my czujemy si\u0119 zrelaksowani i odpr\u0119\u017ceni. Dodatkowo, sk\u0142adniki aktywne wspieraj\u0105 popraw\u0119 nastroju i og\u00f3lne samopoczucie, co czyni ten produkt idealnym sposobem na relaksacyjne chwile w domowym spa.<\/p><p><span style=\"color: #c6858d;\"><strong>INCI:<\/strong><\/span> <br \/>Maris Sal (Dead Sea Salt), Jasminum Grandiflorum (Jasmine) Flower, Citrus Aurantium Dulcis (Orange) Flower, Cocos Nucifera (Coconut) Oil, Vitis Vinifera (Grape) Seed Oil, Tocopherol (Vitamin E), Citrus Aurantium Dulcis (Orange) Peel Oil, Limonene*, Jasminum Officinale (Jasmine) Flower Oil, Cymbopogon Winterianus (Citronella) Herb Oil, Amyris Balsamifera (Amyris) Bark Oil, Helianthus Annuus (Sunflower) Seed Oil, Salvia Lavandulifolia (Spanish Sage) Herb Oil, Pogostemon Cablin (Patchouli) Leaf Oil. Ingredients marked with asterisk are natural constitutents of the essential oils contained.<\/p>\t\t\t\t\t\t\t\t<\/div>\n\t\t\t\t<\/div>\n\t\t\t\t\t<\/div>\n\t\t\t\t<\/div>\n\t\t<div class=\"elementor-element elementor-element-0755187 e-grid e-con-boxed e-con e-parent\" data-id=\"0755187\" data-element_type=\"container\">\n\t\t\t\t\t<div class=\"e-con-inner\">\n\t\t\t\t<div class=\"elementor-element elementor-element-4cd06bd elementor-widget elementor-widget-image\" data-id=\"4cd06bd\" data-element_type=\"widget\" data-widget_type=\"image.default\">\n\t\t\t\t<div class=\"elementor-widget-container\">\n\t\t\t\t\t\t\t\t\t\t\t\t\t\t\t<img fetchpriority=\"high\" decoding=\"async\" width=\"800\" height=\"533\" src=\"https:\/\/rosafilo.com\/wp-content\/uploads\/2026\/04\/salt-p-26.jpg\" class=\"attachment-large size-large wp-image-5679\" alt=\"\" srcset=\"https:\/\/rosafilo.com\/wp-content\/uploads\/2026\/04\/salt-p-26.jpg 800w, https:\/\/rosafilo.com\/wp-content\/uploads\/2026\/04\/salt-p-26-300x200.jpg 300w, https:\/\/rosafilo.com\/wp-content\/uploads\/2026\/04\/salt-p-26-768x512.jpg 768w\" sizes=\"(max-width: 800px) 100vw, 800px\" \/>\t\t\t\t\t\t\t\t\t\t\t\t\t\t\t<\/div>\n\t\t\t\t<\/div>\n\t\t\t\t<div class=\"elementor-element elementor-element-f7d04d7 elementor-widget elementor-widget-image\" data-id=\"f7d04d7\" data-element_type=\"widget\" data-widget_type=\"image.default\">\n\t\t\t\t<div class=\"elementor-widget-container\">\n\t\t\t\t\t\t\t\t\t\t\t\t\t\t\t<img decoding=\"async\" width=\"800\" height=\"533\" src=\"https:\/\/rosafilo.com\/wp-content\/uploads\/2026\/04\/salt-p-27.jpg\" class=\"attachment-large size-large wp-image-5680\" alt=\"\" srcset=\"https:\/\/rosafilo.com\/wp-content\/uploads\/2026\/04\/salt-p-27.jpg 800w, https:\/\/rosafilo.com\/wp-content\/uploads\/2026\/04\/salt-p-27-300x200.jpg 300w, https:\/\/rosafilo.com\/wp-content\/uploads\/2026\/04\/salt-p-27-768x512.jpg 768w\" sizes=\"(max-width: 800px) 100vw, 800px\" \/>\t\t\t\t\t\t\t\t\t\t\t\t\t\t\t<\/div>\n\t\t\t\t<\/div>\n\t\t\t\t\t<\/div>\n\t\t\t\t<\/div>\n\t\t<div class=\"elementor-element elementor-element-caba799 e-flex e-con-boxed e-con e-parent\" data-id=\"caba799\" data-element_type=\"container\">\n\t\t\t\t\t<div class=\"e-con-inner\">\n\t\t\t\t<div class=\"elementor-element elementor-element-1bec4e4 elementor-align-center elementor-widget elementor-widget-button\" data-id=\"1bec4e4\" data-element_type=\"widget\" data-widget_type=\"button.default\">\n\t\t\t\t<div class=\"elementor-widget-container\">\n\t\t\t\t\t\t\t\t\t<div class=\"elementor-button-wrapper\">\n\t\t\t\t\t<a class=\"elementor-button elementor-button-link elementor-size-sm\" href=\"https:\/\/rosafilo.com\/?page_id=5656\">\n\t\t\t\t\t\t<span class=\"elementor-button-content-wrapper\">\n\t\t\t\t\t\t\t\t\t<span class=\"elementor-button-text\">POWR\u00d3T<\/span>\n\t\t\t\t\t<\/span>\n\t\t\t\t\t<\/a>\n\t\t\t\t<\/div>\n\t\t\t\t\t\t\t\t<\/div>\n\t\t\t\t<\/div>\n\t\t\t\t\t<\/div>\n\t\t\t\t<\/div>\n\t\t\t\t<\/div>\n\t\t","protected":false},"excerpt":{"rendered":"<p>Pomara\u0144czowa S\u00f3l do Sauny Pomara\u0144czowa s\u00f3l do sauny delikatnie i skutecznie usuwa obumar\u0142y i \u0142uszcz\u0105cy si\u0119 nask\u00f3rek. Piel\u0119gnuje i gruntownie oczyszcza sk\u00f3r\u0119. Dzia\u0142a od\u015bwie\u017caj\u0105co i relaksuj\u0105co, sprzyja relaksowi podczas sesji w saunie. Odnawia funkcje biologiczne sk\u00f3ry, wspiera jej naturaln\u0105 regeneracj\u0119. Zapobiega reakcjom alergicznym i uczuleniom dzi\u0119ki w\u0142a\u015bciwo\u015bciom soli morskiej POJEMNO\u015a\u0106:2500 ml, 5000 ml TYP SK\u00d3RY:Idealna [&hellip;]<\/p>\n","protected":false},"author":1,"featured_media":0,"parent":5656,"menu_order":0,"comment_status":"closed","ping_status":"closed","template":"elementor_header_footer","meta":{"ocean_post_layout":"full-screen","ocean_both_sidebars_style":"","ocean_both_sidebars_content_width":0,"ocean_both_sidebars_sidebars_width":0,"ocean_sidebar":"","ocean_second_sidebar":"","ocean_disable_margins":"enable","ocean_add_body_class":"","ocean_shortcode_before_top_bar":"","ocean_shortcode_after_top_bar":"","ocean_shortcode_before_header":"","ocean_shortcode_after_header":"","ocean_has_shortcode":"","ocean_shortcode_after_title":"","ocean_shortcode_before_footer_widgets":"","ocean_shortcode_after_footer_widgets":"","ocean_shortcode_before_footer_bottom":"","ocean_shortcode_after_footer_bottom":"","ocean_display_top_bar":"off","ocean_display_header":"default","ocean_header_style":"","ocean_center_header_left_menu":"","ocean_custom_header_template":"","ocean_custom_logo":0,"ocean_custom_retina_logo":0,"ocean_custom_logo_max_width":0,"ocean_custom_logo_tablet_max_width":0,"ocean_custom_logo_mobile_max_width":0,"ocean_custom_logo_max_height":0,"ocean_custom_logo_tablet_max_height":0,"ocean_custom_logo_mobile_max_height":0,"ocean_header_custom_menu":"","ocean_menu_typo_font_family":"","ocean_menu_typo_font_subset":"","ocean_menu_typo_font_size":0,"ocean_menu_typo_font_size_tablet":0,"ocean_menu_typo_font_size_mobile":0,"ocean_menu_typo_font_size_unit":"px","ocean_menu_typo_font_weight":"","ocean_menu_typo_font_weight_tablet":"","ocean_menu_typo_font_weight_mobile":"","ocean_menu_typo_transform":"","ocean_menu_typo_transform_tablet":"","ocean_menu_typo_transform_mobile":"","ocean_menu_typo_line_height":0,"ocean_menu_typo_line_height_tablet":0,"ocean_menu_typo_line_height_mobile":0,"ocean_menu_typo_line_height_unit":"","ocean_menu_typo_spacing":0,"ocean_menu_typo_spacing_tablet":0,"ocean_menu_typo_spacing_mobile":0,"ocean_menu_typo_spacing_unit":"","ocean_menu_link_color":"","ocean_menu_link_color_hover":"","ocean_menu_link_color_active":"","ocean_menu_link_background":"","ocean_menu_link_hover_background":"","ocean_menu_link_active_background":"","ocean_menu_social_links_bg":"","ocean_menu_social_hover_links_bg":"","ocean_menu_social_links_color":"","ocean_menu_social_hover_links_color":"","ocean_disable_title":"on","ocean_disable_heading":"default","ocean_post_title":"","ocean_post_subheading":"","ocean_post_title_style":"","ocean_post_title_background_color":"","ocean_post_title_background":0,"ocean_post_title_bg_image_position":"","ocean_post_title_bg_image_attachment":"","ocean_post_title_bg_image_repeat":"","ocean_post_title_bg_image_size":"","ocean_post_title_height":0,"ocean_post_title_bg_overlay":0.5,"ocean_post_title_bg_overlay_color":"","ocean_disable_breadcrumbs":"default","ocean_breadcrumbs_color":"","ocean_breadcrumbs_separator_color":"","ocean_breadcrumbs_links_color":"","ocean_breadcrumbs_links_hover_color":"","ocean_display_footer_widgets":"off","ocean_display_footer_bottom":"off","ocean_custom_footer_template":"","footnotes":""},"class_list":["post-5675","page","type-page","status-publish","hentry","entry"],"_links":{"self":[{"href":"https:\/\/rosafilo.com\/index.php?rest_route=\/wp\/v2\/pages\/5675","targetHints":{"allow":["GET"]}}],"collection":[{"href":"https:\/\/rosafilo.com\/index.php?rest_route=\/wp\/v2\/pages"}],"about":[{"href":"https:\/\/rosafilo.com\/index.php?rest_route=\/wp\/v2\/types\/page"}],"author":[{"embeddable":true,"href":"https:\/\/rosafilo.com\/index.php?rest_route=\/wp\/v2\/users\/1"}],"replies":[{"embeddable":true,"href":"https:\/\/rosafilo.com\/index.php?rest_route=%2Fwp%2Fv2%2Fcomments&post=5675"}],"version-history":[{"count":4,"href":"https:\/\/rosafilo.com\/index.php?rest_route=\/wp\/v2\/pages\/5675\/revisions"}],"predecessor-version":[{"id":5683,"href":"https:\/\/rosafilo.com\/index.php?rest_route=\/wp\/v2\/pages\/5675\/revisions\/5683"}],"up":[{"embeddable":true,"href":"https:\/\/rosafilo.com\/index.php?rest_route=\/wp\/v2\/pages\/5656"}],"wp:attachment":[{"href":"https:\/\/rosafilo.com\/index.php?rest_route=%2Fwp%2Fv2%2Fmedia&parent=5675"}],"curies":[{"name":"wp","href":"https:\/\/api.w.org\/{rel}","templated":true}]}}