{"id":919,"date":"2024-12-19T08:44:53","date_gmt":"2024-12-19T08:44:53","guid":{"rendered":"http:\/\/sokolsw.webd.pl\/rosafilo_test\/?page_id=919"},"modified":"2026-02-10T11:43:00","modified_gmt":"2026-02-10T11:43:00","slug":"eliksir-piekna","status":"publish","type":"page","link":"https:\/\/rosafilo.com\/?page_id=919","title":{"rendered":"Profesjonalny Eliksir Pi\u0119kna"},"content":{"rendered":"\t\t<div data-elementor-type=\"wp-page\" data-elementor-id=\"919\" class=\"elementor elementor-919\">\n\t\t\t\t<div class=\"elementor-element elementor-element-ff454ad e-con-full e-flex e-con e-parent\" data-id=\"ff454ad\" data-element_type=\"container\">\n\t\t<div class=\"elementor-element elementor-element-e87b3d6 e-flex e-con-boxed e-con e-child\" data-id=\"e87b3d6\" data-element_type=\"container\" data-settings=\"{&quot;background_background&quot;:&quot;classic&quot;}\">\n\t\t\t\t\t<div class=\"e-con-inner\">\n\t\t\t\t<div class=\"elementor-element elementor-element-c5c9f45 elementor-widget elementor-widget-heading\" data-id=\"c5c9f45\" data-element_type=\"widget\" data-widget_type=\"heading.default\">\n\t\t\t\t<div class=\"elementor-widget-container\">\n\t\t\t\t\t<h2 class=\"elementor-heading-title elementor-size-default\">Eliksir Pi\u0119kna<\/h2>\t\t\t\t<\/div>\n\t\t\t\t<\/div>\n\t\t\t\t\t<\/div>\n\t\t\t\t<\/div>\n\t\t<div class=\"elementor-element elementor-element-3725a5b e-flex e-con-boxed e-con e-child\" data-id=\"3725a5b\" data-element_type=\"container\" data-settings=\"{&quot;background_background&quot;:&quot;classic&quot;}\">\n\t\t\t\t\t<div class=\"e-con-inner\">\n\t\t\t\t\t<\/div>\n\t\t\t\t<\/div>\n\t\t\t\t<\/div>\n\t\t<div class=\"elementor-element elementor-element-e786c32 e-flex e-con-boxed e-con e-parent\" data-id=\"e786c32\" data-element_type=\"container\">\n\t\t\t\t\t<div class=\"e-con-inner\">\n\t\t\t\t<div class=\"elementor-element elementor-element-21e6d4a elementor-widget elementor-widget-spacer\" data-id=\"21e6d4a\" data-element_type=\"widget\" data-widget_type=\"spacer.default\">\n\t\t\t\t<div class=\"elementor-widget-container\">\n\t\t\t\t\t\t\t<div class=\"elementor-spacer\">\n\t\t\t<div class=\"elementor-spacer-inner\"><\/div>\n\t\t<\/div>\n\t\t\t\t\t\t<\/div>\n\t\t\t\t<\/div>\n\t\t\t\t\t<\/div>\n\t\t\t\t<\/div>\n\t\t<div class=\"elementor-element elementor-element-bbcfa02 e-flex e-con-boxed e-con e-parent\" data-id=\"bbcfa02\" data-element_type=\"container\" data-settings=\"{&quot;background_background&quot;:&quot;classic&quot;}\">\n\t\t\t\t\t<div class=\"e-con-inner\">\n\t\t\t\t<div class=\"elementor-element elementor-element-0cb3e52 elementor-widget elementor-widget-image\" data-id=\"0cb3e52\" data-element_type=\"widget\" data-widget_type=\"image.default\">\n\t\t\t\t<div class=\"elementor-widget-container\">\n\t\t\t\t\t\t\t\t\t\t\t\t\t\t\t<img decoding=\"async\" width=\"150\" height=\"150\" src=\"https:\/\/rosafilo.com\/wp-content\/uploads\/2024\/12\/rosafilo-logo-wite-150x150.png\" class=\"attachment-thumbnail size-thumbnail wp-image-998\" alt=\"\" srcset=\"https:\/\/rosafilo.com\/wp-content\/uploads\/2024\/12\/rosafilo-logo-wite-150x150.png 150w, https:\/\/rosafilo.com\/wp-content\/uploads\/2024\/12\/rosafilo-logo-wite.png 296w\" sizes=\"(max-width: 150px) 100vw, 150px\" \/>\t\t\t\t\t\t\t\t\t\t\t\t\t\t\t<\/div>\n\t\t\t\t<\/div>\n\t\t\t\t<div class=\"elementor-element elementor-element-2ebfb59 elementor-widget elementor-widget-text-editor\" data-id=\"2ebfb59\" data-element_type=\"widget\" data-widget_type=\"text-editor.default\">\n\t\t\t\t<div class=\"elementor-widget-container\">\n\t\t\t\t\t\t\t\t\t<p>Beauty Elixir to zaawansowana kuracja anti &#8211; aging , kt\u00f3ra skutecznie odpowiada na potrzeby sk\u00f3ry dojrza\u0142ej. Sekretem dzia\u0142ania serum s\u0105 starannie dobrane sk\u0142adniki aktywne, kt\u00f3re wsp\u00f3\u0142dzia\u0142aj\u0105, aby przywr\u00f3ci\u0107 sk\u00f3rze m\u0142odzie\u0144czy blask i elastyczno\u015b\u0107.<br \/>Eliksir charakteryzuje si\u0119 bogat\u0105, nawil\u017caj\u0105c\u0105 oleist\u0105 formu\u0142\u0105, kt\u00f3ra szybko si\u0119 wch\u0142ania, pozostawiaj\u0105c sk\u00f3r\u0119 napi\u0119t\u0105 i g\u0142adk\u0105, bez uczucia sucho\u015bci czy \u015bci\u0105gni\u0119cia. W sk\u0142adzie produktu znajduj\u0105 si\u0119 innowacyjne sk\u0142adniki, takie jak acmella \u2013 nazywana ro\u015blinnym botoksem, a tak\u017ce bakuchiol \u2013 ro\u015blinny odpowiednik retinoid\u00f3w, koenzym Q10, olej z nasion dzikiej r\u00f3\u017cy, olej z pestek granatu, olej z krokosza barwierskiego, olej z zielonej kawy, olej z rokitnika, z\u0142oto, olej z pestek moreli, olejek geraniowy oraz witamina E.<br \/>Te aktywne sk\u0142adniki wykazuj\u0105 silne w\u0142a\u015bciwo\u015bci wyg\u0142adzaj\u0105ce i koryguj\u0105ce, stymuluj\u0105c sk\u00f3r\u0119 do naturalnej regeneracji. Beauty Elixir efektywnie poprawia wygl\u0105d sk\u00f3ry dojrza\u0142ej, przywracaj\u0105c jej m\u0142odzie\u0144cz\u0105 promienno\u015b\u0107 oraz j\u0119drno\u015b\u0107. Do\u015bwiadcz prawdziwej transformacji swojej cery dzi\u0119ki wyj\u0105tkowemu po\u0142\u0105czeniu natury i nowoczesnej kosmetologii!<\/p>\t\t\t\t\t\t\t\t<\/div>\n\t\t\t\t<\/div>\n\t\t\t\t\t<\/div>\n\t\t\t\t<\/div>\n\t\t<div class=\"elementor-element elementor-element-34cf8a3 e-flex e-con-boxed e-con e-parent\" data-id=\"34cf8a3\" data-element_type=\"container\">\n\t\t\t\t\t<div class=\"e-con-inner\">\n\t\t\t\t<div class=\"elementor-element elementor-element-cdbd618 elementor-widget elementor-widget-text-editor\" data-id=\"cdbd618\" data-element_type=\"widget\" data-widget_type=\"text-editor.default\">\n\t\t\t\t<div class=\"elementor-widget-container\">\n\t\t\t\t\t\t\t\t\t<p class=\"p1\"><span style=\"color: #c6858d;\"><strong>POJEMNO\u015a\u0106:<br \/><\/strong><span style=\"color: #6f6e73;\">100ml<\/span><strong><br \/><\/strong><\/span><\/p><p class=\"p1\"><strong><span style=\"color: #c6858d;\">TYP SK\u00d3RY:<\/span><\/strong> <br \/>sucha, wiotka, dojrza\u0142a, mieszana, normalna.<\/p><p class=\"p1\"><strong><span style=\"color: #c6858d;\">DZIA\u0141ANIE:<\/span><\/strong> <br \/>przeciwstarzeniowe, nawil\u017caj\u0105ce, od\u017cywiaj\u0105ce, uj\u0119drniaj\u0105ce, wyg\u0142adzaj\u0105ce, rozja\u015bniaj\u0105ce.<\/p><p class=\"p1\"><strong><span style=\"color: #c6858d;\">AKTYWNE SK\u0141ADNIKI:<\/span><\/strong><b><br \/><\/b> acmella oleracea, olej z nasion dzikiej r\u00f3\u017cy, bakuchiol, koenzym Q10.<\/p><p class=\"p1\"><span style=\"color: #c6858d;\"><strong>SPOS\u00d3B U\u017bYCIA:<\/strong><\/span> <br \/>Na\u0142\u00f3\u017c na oczyszczon\u0105 twarz, poczekaj kilka minut do ca\u0142kowitego wch\u0142oni\u0119cia. Nast\u0119pnie na\u0142\u00f3\u017c krem do twarzy. U\u017cywaj rano i wieczorem.<\/p><p><span style=\"color: #c6858d;\"><strong>INCI:<\/strong><\/span> <br \/>Rosa Canina (Rosehip) Seed Oil, Punica Granatum (Pomegranate) Seed Oil, Perilla Ocymoides (Perilla) Seed Oil, Prunus Armeniaca (Apricot) Kernel Oil, Linum Usitatissimum (Flaxseed) Seed Oil, Simmondsia Chinensis (Jojoba) Seed Oil, Caprylic\/Capric Triglyceride (Fractionated Coconut Oil), Coffea Arabica (Coffee) Seed Oil, Carthamus Tinctorius (Safflower) Seed Oil, Hippophae Rhamnoides (Sea Buckthorn) Oil, Ubiquinone (Coenzyme Q10), Bakuchiol, Spilanthes Acmella (Paracress) Flower Extract, Tocopherol (Vitamin E), Helianthus Annuus (Sunflower) Seed Oil, Pelargonium Graveolens (Geranium) Flower Oil, Cananga Odorata (Ylang ylang) Flower Oil, Rosa Gallica (French Rose) Flower Extract, Amyris Balsamifera (Amyris) Bark Oil, Limonene*, Linalool*, Citral*, Citronellol*, Eugenol*, Benzyl Salicylate*, Benzyl Benzoate*, Farnesol*, Geraniol*, Cl 77480 (Gold). Ingredients marked with asteriks are natural constitutents of the essential oils contained.<\/p>\t\t\t\t\t\t\t\t<\/div>\n\t\t\t\t<\/div>\n\t\t\t\t\t<\/div>\n\t\t\t\t<\/div>\n\t\t<div class=\"elementor-element elementor-element-4d872c3 e-grid e-con-boxed e-con e-parent\" data-id=\"4d872c3\" data-element_type=\"container\">\n\t\t\t\t\t<div class=\"e-con-inner\">\n\t\t\t\t<div class=\"elementor-element elementor-element-73ad39d elementor-widget elementor-widget-image\" data-id=\"73ad39d\" data-element_type=\"widget\" data-widget_type=\"image.default\">\n\t\t\t\t<div class=\"elementor-widget-container\">\n\t\t\t\t\t\t\t\t\t\t\t\t\t\t\t<img fetchpriority=\"high\" decoding=\"async\" width=\"800\" height=\"533\" src=\"https:\/\/rosafilo.com\/wp-content\/uploads\/2024\/12\/prof_twarz_elixir_face.jpg\" class=\"attachment-large size-large wp-image-937\" alt=\"\" srcset=\"https:\/\/rosafilo.com\/wp-content\/uploads\/2024\/12\/prof_twarz_elixir_face.jpg 800w, https:\/\/rosafilo.com\/wp-content\/uploads\/2024\/12\/prof_twarz_elixir_face-300x200.jpg 300w, https:\/\/rosafilo.com\/wp-content\/uploads\/2024\/12\/prof_twarz_elixir_face-768x512.jpg 768w\" sizes=\"(max-width: 800px) 100vw, 800px\" \/>\t\t\t\t\t\t\t\t\t\t\t\t\t\t\t<\/div>\n\t\t\t\t<\/div>\n\t\t\t\t\t<\/div>\n\t\t\t\t<\/div>\n\t\t<div class=\"elementor-element elementor-element-119702c e-flex e-con-boxed e-con e-parent\" data-id=\"119702c\" data-element_type=\"container\">\n\t\t\t\t\t<div class=\"e-con-inner\">\n\t\t\t\t<div class=\"elementor-element elementor-element-ef7d027 elementor-align-center elementor-widget elementor-widget-button\" data-id=\"ef7d027\" data-element_type=\"widget\" data-widget_type=\"button.default\">\n\t\t\t\t<div class=\"elementor-widget-container\">\n\t\t\t\t\t\t\t\t\t<div class=\"elementor-button-wrapper\">\n\t\t\t\t\t<a class=\"elementor-button elementor-button-link elementor-size-sm\" href=\"https:\/\/rosafilo.com\/?page_id=886\">\n\t\t\t\t\t\t<span class=\"elementor-button-content-wrapper\">\n\t\t\t\t\t\t\t\t\t<span class=\"elementor-button-text\">POWR\u00d3T<\/span>\n\t\t\t\t\t<\/span>\n\t\t\t\t\t<\/a>\n\t\t\t\t<\/div>\n\t\t\t\t\t\t\t\t<\/div>\n\t\t\t\t<\/div>\n\t\t\t\t\t<\/div>\n\t\t\t\t<\/div>\n\t\t\t\t<\/div>\n\t\t","protected":false},"excerpt":{"rendered":"<p>Eliksir Pi\u0119kna Beauty Elixir to zaawansowana kuracja anti &#8211; aging , kt\u00f3ra skutecznie odpowiada na potrzeby sk\u00f3ry dojrza\u0142ej. Sekretem dzia\u0142ania serum s\u0105 starannie dobrane sk\u0142adniki aktywne, kt\u00f3re wsp\u00f3\u0142dzia\u0142aj\u0105, aby przywr\u00f3ci\u0107 sk\u00f3rze m\u0142odzie\u0144czy blask i elastyczno\u015b\u0107.Eliksir charakteryzuje si\u0119 bogat\u0105, nawil\u017caj\u0105c\u0105 oleist\u0105 formu\u0142\u0105, kt\u00f3ra szybko si\u0119 wch\u0142ania, pozostawiaj\u0105c sk\u00f3r\u0119 napi\u0119t\u0105 i g\u0142adk\u0105, bez uczucia sucho\u015bci czy \u015bci\u0105gni\u0119cia. [&hellip;]<\/p>\n","protected":false},"author":1,"featured_media":0,"parent":886,"menu_order":0,"comment_status":"closed","ping_status":"closed","template":"elementor_header_footer","meta":{"ocean_post_layout":"full-screen","ocean_both_sidebars_style":"","ocean_both_sidebars_content_width":0,"ocean_both_sidebars_sidebars_width":0,"ocean_sidebar":"","ocean_second_sidebar":"","ocean_disable_margins":"enable","ocean_add_body_class":"","ocean_shortcode_before_top_bar":"","ocean_shortcode_after_top_bar":"","ocean_shortcode_before_header":"","ocean_shortcode_after_header":"","ocean_has_shortcode":"","ocean_shortcode_after_title":"","ocean_shortcode_before_footer_widgets":"","ocean_shortcode_after_footer_widgets":"","ocean_shortcode_before_footer_bottom":"","ocean_shortcode_after_footer_bottom":"","ocean_display_top_bar":"off","ocean_display_header":"default","ocean_header_style":"","ocean_center_header_left_menu":"","ocean_custom_header_template":"","ocean_custom_logo":0,"ocean_custom_retina_logo":0,"ocean_custom_logo_max_width":0,"ocean_custom_logo_tablet_max_width":0,"ocean_custom_logo_mobile_max_width":0,"ocean_custom_logo_max_height":0,"ocean_custom_logo_tablet_max_height":0,"ocean_custom_logo_mobile_max_height":0,"ocean_header_custom_menu":"","ocean_menu_typo_font_family":"","ocean_menu_typo_font_subset":"","ocean_menu_typo_font_size":0,"ocean_menu_typo_font_size_tablet":0,"ocean_menu_typo_font_size_mobile":0,"ocean_menu_typo_font_size_unit":"px","ocean_menu_typo_font_weight":"","ocean_menu_typo_font_weight_tablet":"","ocean_menu_typo_font_weight_mobile":"","ocean_menu_typo_transform":"","ocean_menu_typo_transform_tablet":"","ocean_menu_typo_transform_mobile":"","ocean_menu_typo_line_height":0,"ocean_menu_typo_line_height_tablet":0,"ocean_menu_typo_line_height_mobile":0,"ocean_menu_typo_line_height_unit":"","ocean_menu_typo_spacing":0,"ocean_menu_typo_spacing_tablet":0,"ocean_menu_typo_spacing_mobile":0,"ocean_menu_typo_spacing_unit":"","ocean_menu_link_color":"","ocean_menu_link_color_hover":"","ocean_menu_link_color_active":"","ocean_menu_link_background":"","ocean_menu_link_hover_background":"","ocean_menu_link_active_background":"","ocean_menu_social_links_bg":"","ocean_menu_social_hover_links_bg":"","ocean_menu_social_links_color":"","ocean_menu_social_hover_links_color":"","ocean_disable_title":"on","ocean_disable_heading":"default","ocean_post_title":"","ocean_post_subheading":"","ocean_post_title_style":"","ocean_post_title_background_color":"","ocean_post_title_background":0,"ocean_post_title_bg_image_position":"","ocean_post_title_bg_image_attachment":"","ocean_post_title_bg_image_repeat":"","ocean_post_title_bg_image_size":"","ocean_post_title_height":0,"ocean_post_title_bg_overlay":0.5,"ocean_post_title_bg_overlay_color":"","ocean_disable_breadcrumbs":"default","ocean_breadcrumbs_color":"","ocean_breadcrumbs_separator_color":"","ocean_breadcrumbs_links_color":"","ocean_breadcrumbs_links_hover_color":"","ocean_display_footer_widgets":"off","ocean_display_footer_bottom":"off","ocean_custom_footer_template":"","footnotes":""},"class_list":["post-919","page","type-page","status-publish","hentry","entry"],"_links":{"self":[{"href":"https:\/\/rosafilo.com\/index.php?rest_route=\/wp\/v2\/pages\/919","targetHints":{"allow":["GET"]}}],"collection":[{"href":"https:\/\/rosafilo.com\/index.php?rest_route=\/wp\/v2\/pages"}],"about":[{"href":"https:\/\/rosafilo.com\/index.php?rest_route=\/wp\/v2\/types\/page"}],"author":[{"embeddable":true,"href":"https:\/\/rosafilo.com\/index.php?rest_route=\/wp\/v2\/users\/1"}],"replies":[{"embeddable":true,"href":"https:\/\/rosafilo.com\/index.php?rest_route=%2Fwp%2Fv2%2Fcomments&post=919"}],"version-history":[{"count":63,"href":"https:\/\/rosafilo.com\/index.php?rest_route=\/wp\/v2\/pages\/919\/revisions"}],"predecessor-version":[{"id":5642,"href":"https:\/\/rosafilo.com\/index.php?rest_route=\/wp\/v2\/pages\/919\/revisions\/5642"}],"up":[{"embeddable":true,"href":"https:\/\/rosafilo.com\/index.php?rest_route=\/wp\/v2\/pages\/886"}],"wp:attachment":[{"href":"https:\/\/rosafilo.com\/index.php?rest_route=%2Fwp%2Fv2%2Fmedia&parent=919"}],"curies":[{"name":"wp","href":"https:\/\/api.w.org\/{rel}","templated":true}]}}